{"id":24177,"date":"2025-04-13T17:41:13","date_gmt":"2025-04-13T17:41:13","guid":{"rendered":"https:\/\/globalsourcechemicals.com\/?post_type=product&#038;p=24177"},"modified":"2025-04-22T08:50:44","modified_gmt":"2025-04-22T08:50:44","slug":"norflurazepam-10-mg-aeske","status":"publish","type":"product","link":"https:\/\/globalsourcechemicals.com\/da\/butik\/b2b\/norflurazepam-10-mg-aeske\/","title":{"rendered":"RC+ Norflurazepam 10 mg \u00e6ske"},"content":{"rendered":"<h2><strong>Norflurazepam \u2013 Hvad du beh\u00f8ver at vide<\/strong><\/h2>\n<p>Norflurazepam er et benzodiazepinderivat med beroligende, muskelafslappende og angstd\u00e6mpende virkninger. Selvom det undertiden bruges som et s\u00f8vnmiddel eller mod angst, er det ikke ordineret i mange lande - herunder Holland og Belgien. <strong>ikke godkendt<\/strong> til medicinsk brug. P\u00e5 grund af risikoen for misbrug og afh\u00e6ngighed falder det ofte ind under <strong>Opiumloven<\/strong>.<\/p>\n<hr \/>\n<h3>\ud83d\udce6 Information om Norflurazepam 10 mg (50 piller)<\/h3>\n<h4>1. <strong>Juridisk status<\/strong><\/h4>\n<ul>\n<li><strong>Holland<\/strong>Norflurazepam er p\u00e5 <strong>Liste I i opiumloven<\/strong>Besiddelse, handel eller fremstilling uden tilladelse er strafbart.<\/li>\n<li><strong>Belgien<\/strong>Ogs\u00e5 forbudt i henhold til <strong>narkotikalovgivning<\/strong>Det er ikke anerkendt som medicin.<a href=\"https:\/\/globalsourcechemicals.com\/da\/butik\/b2b\/rc-norflurazepam-5mg-box\/\">RC+ Norflurazepam 5 mg \u00e6ske<\/a><\/li>\n<\/ul>\n<h4>2. <strong>Sundhedsrisici<\/strong><\/h4>\n<ul>\n<li><strong>H\u00f8j risiko for afh\u00e6ngighed<\/strong>B\u00e5de fysisk og psykisk afh\u00e6ngighed.<\/li>\n<li><strong>Langvarig brug<\/strong> kan f\u00f8re til:\n<ul>\n<li>Tolerance (stadig h\u00f8jere dosis kr\u00e6ves)<\/li>\n<li>Abstinenssymptomer s\u00e5som angst, s\u00f8vnl\u00f8shed, anfald<\/li>\n<\/ul>\n<\/li>\n<li><strong>Farlige kombinationer<\/strong>Indtagelse sammen med alkohol eller andre d\u00e6mpende midler (s\u00e5som opioider) kan f\u00f8re til respirationsdepression og d\u00f8d.<a title=\"6-CL-ADBA\" href=\"https:\/\/globalsourcechemicals.com\/da\/butik\/naesten-forbudt\/6-cl-adba\/\" target=\"_blank\" rel=\"noopener\">6-CL-ADBA<\/a><\/li>\n<\/ul>\n<h4>3. <strong>Medicinsk r\u00e5dgivning<\/strong><\/h4>\n<ul>\n<li>Brug dette middel <strong>kun under l\u00e6geligt tilsyn<\/strong> i lande hvor det er lovligt.<\/li>\n<li>Lider du af misbrug eller afh\u00e6ngighed? <strong>S\u00f8g professionel hj\u00e6lp.<a title=\"2C-EF 2 mg kapsler\" href=\"https:\/\/globalsourcechemicals.com\/da\/butik\/phenethylamin\/2c-ef-2mg-kapsler\/\" target=\"_blank\" rel=\"noopener\">2C-EF 2 mg kapsler<\/a><\/strong><\/li>\n<\/ul>\n<hr \/>\n<h3>\u26a0\ufe0fVigtig advarsel<\/h3>\n<p>Brug <strong>aldrig<\/strong> Norflurazepam uden recept. Ulovlig handel \u2013 via internettet eller gennem gades\u00e6lgere \u2013 medf\u00f8rer betydelige risici:<\/p>\n<ul>\n<li>Mulig kontaminering af piller<\/li>\n<li>Up\u00e5lidelig dosering<\/li>\n<\/ul>\n<p>For <strong>sikre og lovlige alternativer<\/strong> Hvis du har s\u00f8vnproblemer eller klager over angst, bedes du kontakte din <strong>praktiserende l\u00e6ge eller farmaceut<\/strong>.<\/p>\n<p>&nbsp;<\/p>","protected":false},"excerpt":{"rendered":"<p>Norflurazepam \u2013 Hvad du beh\u00f8ver at vide Norflurazepam er et benzodiazepinderivat med beroligende, muskelafslappende og angstd\u00e6mpende virkninger. Selvom det nogle gange bruges<\/p>","protected":false},"featured_media":20895,"comment_status":"closed","ping_status":"closed","template":"","meta":[],"product_brand":[82],"product_cat":[555],"product_tag":[326,132,137,135,134,136,133],"class_list":{"0":"post-24177","1":"product","2":"type-product","3":"status-publish","4":"has-post-thumbnail","6":"product_brand-research-chemical","7":"product_cat-b2b","8":"product_tag-nl","9":"product_tag-norflurazepam","10":"product_tag-norflurazepam-dosering","11":"product_tag-norflurazepam-ervaring","12":"product_tag-norflurazepam-ervaringen","13":"product_tag-norflurazepam-psychonaut","14":"product_tag-norflurazepam-werking","16":"first","17":"instock","18":"taxable","19":"shipping-taxable","20":"purchasable","21":"product-type-variable"},"_links":{"self":[{"href":"https:\/\/globalsourcechemicals.com\/da\/wp-json\/wp\/v2\/product\/24177","targetHints":{"allow":["GET"]}}],"collection":[{"href":"https:\/\/globalsourcechemicals.com\/da\/wp-json\/wp\/v2\/product"}],"about":[{"href":"https:\/\/globalsourcechemicals.com\/da\/wp-json\/wp\/v2\/types\/product"}],"replies":[{"embeddable":true,"href":"https:\/\/globalsourcechemicals.com\/da\/wp-json\/wp\/v2\/comments?post=24177"}],"version-history":[{"count":4,"href":"https:\/\/globalsourcechemicals.com\/da\/wp-json\/wp\/v2\/product\/24177\/revisions"}],"predecessor-version":[{"id":26022,"href":"https:\/\/globalsourcechemicals.com\/da\/wp-json\/wp\/v2\/product\/24177\/revisions\/26022"}],"wp:featuredmedia":[{"embeddable":true,"href":"https:\/\/globalsourcechemicals.com\/da\/wp-json\/wp\/v2\/media\/20895"}],"wp:attachment":[{"href":"https:\/\/globalsourcechemicals.com\/da\/wp-json\/wp\/v2\/media?parent=24177"}],"wp:term":[{"taxonomy":"product_brand","embeddable":true,"href":"https:\/\/globalsourcechemicals.com\/da\/wp-json\/wp\/v2\/product_brand?post=24177"},{"taxonomy":"product_cat","embeddable":true,"href":"https:\/\/globalsourcechemicals.com\/da\/wp-json\/wp\/v2\/product_cat?post=24177"},{"taxonomy":"product_tag","embeddable":true,"href":"https:\/\/globalsourcechemicals.com\/da\/wp-json\/wp\/v2\/product_tag?post=24177"}],"curies":[{"name":"wp","href":"https:\/\/api.w.org\/{rel}","templated":true}]}}