{"id":24095,"date":"2025-04-13T17:41:03","date_gmt":"2025-04-13T17:41:03","guid":{"rendered":"https:\/\/globalsourcechemicals.com\/?post_type=product&#038;p=24095"},"modified":"2025-10-02T18:02:29","modified_gmt":"2025-10-02T18:02:29","slug":"1v-lsd-valerie-10mcg","status":"publish","type":"product","link":"https:\/\/globalsourcechemicals.com\/da\/butik\/1v-lsd\/1v-lsd-valerie-10mcg\/","title":{"rendered":"1V-LSD Valerie 10mcg mikropellets"},"content":{"rendered":"<h1>1V LSD Valerie 10mcg mikropellets \u2013 En pr\u00e6cisionsdosis til bevidst udforskning<\/h1>\n<p>Oplev den nyeste innovation inden for forskningskemikalier med <strong>1V-LSD Valerie 10mcg mikropellets<\/strong> \u2013 et avanceret og ensartet doseret produkt til seri\u00f8se forskere og psykonauter. Disse mikropellets tilbyder en ekstremt pr\u00e6cis dosering af <strong>10 mikrogram pr. enhed<\/strong>hvilket g\u00f8r dem ideelle til kontrollerede eksperimenter og mikrodosering.<\/p>\n<h2>Hvorfor v\u00e6lge 1V-LSD Valerie?<\/h2>\n<p>1V-LSD (1-Valeryl-D-lysergsyrediethylamid) er en af de mest omtalte analoger i forskningsmilj\u00f8et og er kendt for sin stabilitet og p\u00e5lidelighed. <strong>Valerie<\/strong>, som det k\u00e6rligt kaldes, tilbyder en unik oplevelse med subtile, men meningsfulde effekter, perfekt til dem, der s\u00f8ger en blidere og mere h\u00e5ndterbar tilgang til lysergamider.<\/p>\n<p>Denne <strong>mikropellets<\/strong> er lavet med <strong>pr\u00e6cision i farmaceutisk kvalitet<\/strong>, hvilket g\u00f8r hver pellet til en pr\u00e6cis dosis af <strong>10 mcg<\/strong> Dette eliminerer behovet for volumetrisk dosering og giver en sikrere og mere brugervenlig oplevelse.<\/p>\n<h2>Ideel til mikrodosering og forskning<\/h2>\n<p>Fortalere for mikrodosering leder ofte efter en <strong>lavdosis, konsekvent mulighed<\/strong> at underst\u00f8tte kognitiv fleksibilitet, kreativitet og fokus. Med kun <strong>10 mcg pr. pille<\/strong> 1V-LSD Valerie tilbyder et fremragende udgangspunkt for dem, der \u00f8nsker at eksperimentere med mikrodosering uden overv\u00e6ldende effekter.<\/p>\n<p>Forskere s\u00e6tter pris p\u00e5 <strong>renhed og stabilitet<\/strong> af disse pellets, som er blevet omhyggeligt testet for at sikre den h\u00f8jeste kvalitet. Hvert parti produceres under strenge laboratorieforhold, s\u00e5 brugerne kan stole p\u00e5 en <strong>p\u00e5lideligt og reproducerbart produkt<\/strong>.<\/p>\n<h2>Brugervenlighed og diskret design<\/h2>\n<p>Pelleterne er pakket i en <strong>luftt\u00e6t, lyst\u00e6t emballage<\/strong> for at bevare deres integritet. Deres kompakte st\u00f8rrelse g\u00f8r dem nemme at b\u00e6re og diskrete at bruge. Uanset om du udf\u00f8rer en kontrolleret unders\u00f8gelse eller er interesseret i personlig udforskning, tilbyder disse mikropellets en <strong>praktisk og pr\u00e6cis l\u00f8sning<\/strong>.<\/p>\n<h2>Sikker og ansvarlig brug<\/h2>\n<p>Som med alle forskningskemikalier er det vigtigt at <strong>ansvarlig og informeret<\/strong> at forts\u00e6tte. 1V-LSD Valerie er kun beregnet til forskningsform\u00e5l og ikke til konsum. S\u00f8rg for, at <strong>sikkert milj\u00f8<\/strong>M\u00e5l altid omhyggeligt og start med en lav dosis for at bestemme individuelle f\u00f8lsomheder.<\/p>\n<h2>Bestil nu og opdag mulighederne<\/h2>\n<p>Uanset om du er en erfaren forsker eller nysgerrig omkring lysergamidernes verden, <strong>1V-LSD Valerie 10mcg mikropellets<\/strong> tilbyder en unik mulighed for at eksperimentere med pr\u00e6cision og kontrol. Bestil i dag og oplev den n\u00e6ste generation af forskningskemikalier!<\/p>\n<p><em>Bem\u00e6rk venligst: Dette produkt er kun beregnet <a href=\"http:\/\/google.nl\" target=\"_blank\" rel=\"noopener\">for<\/a> Kun til forskningsform\u00e5l og ikke til konsum. Opbevares utilg\u00e6ngeligt for b\u00f8rn. Opbevares k\u00f8ligt og t\u00f8rt.<\/em><\/p>\n<p><a title=\"1V-LSD 150 MCG Blotters\" href=\"https:\/\/globalsourcechemicals.com\/da\/butik\/lysergamider\/1v-lsd-150-mcg-blotters\/\" target=\"_blank\" rel=\"noopener\">1V-LSD 150 MCG Blotters <\/a><a title=\"2-CMC 250 mg pellets\" href=\"https:\/\/globalsourcechemicals.com\/da\/butik\/katinoner\/kob-2-cm-2\/\" target=\"_blank\" rel=\"noopener\">2-CMC 250 mg pellets <\/a><a title=\"2C-EF 2 mg kapsler\" href=\"https:\/\/globalsourcechemicals.com\/da\/butik\/phenethylamin\/2c-ef-2mg-kapsler\/\" target=\"_blank\" rel=\"noopener\">2C-EF 2 mg kapsler <\/a><a title=\"6-CL-ADBA\" href=\"https:\/\/globalsourcechemicals.com\/da\/butik\/naesten-forbudt\/6-cl-adba\/\" target=\"_blank\" rel=\"noopener\">6-CL-ADBA<\/a><\/p>","protected":false},"excerpt":{"rendered":"<h2>1V-LSD Valerie 10mcg Mikropellets \u2013 Mikrodosering<\/h2>\n<p>1V-LSD er et stof, vi kun s\u00e6lger til forskningsform\u00e5l, og er derfor ikke beregnet til menneskeligt forbrug. 1V-LSD kan bruges til forskning i op til to \u00e5r, n\u00e5r det opbevares i det rette milj\u00f8.<\/p>","protected":false},"featured_media":27752,"comment_status":"closed","ping_status":"closed","template":"","meta":[],"product_brand":[82],"product_cat":[364,380,358,324],"product_tag":[631,582,326],"class_list":{"0":"post-24095","1":"product","2":"type-product","3":"status-publish","4":"has-post-thumbnail","6":"product_brand-research-chemical","7":"product_cat-1v-lsd","8":"product_cat-1v-lsd-pellets","9":"product_cat-lysergamides","10":"product_cat-pellets-for-pellet","11":"product_tag-1v-lsd","12":"product_tag-1vlsd","13":"product_tag-nl","15":"first","16":"instock","17":"taxable","18":"shipping-taxable","19":"purchasable","20":"product-type-variable"},"_links":{"self":[{"href":"https:\/\/globalsourcechemicals.com\/da\/wp-json\/wp\/v2\/product\/24095","targetHints":{"allow":["GET"]}}],"collection":[{"href":"https:\/\/globalsourcechemicals.com\/da\/wp-json\/wp\/v2\/product"}],"about":[{"href":"https:\/\/globalsourcechemicals.com\/da\/wp-json\/wp\/v2\/types\/product"}],"replies":[{"embeddable":true,"href":"https:\/\/globalsourcechemicals.com\/da\/wp-json\/wp\/v2\/comments?post=24095"}],"version-history":[{"count":4,"href":"https:\/\/globalsourcechemicals.com\/da\/wp-json\/wp\/v2\/product\/24095\/revisions"}],"predecessor-version":[{"id":26429,"href":"https:\/\/globalsourcechemicals.com\/da\/wp-json\/wp\/v2\/product\/24095\/revisions\/26429"}],"wp:featuredmedia":[{"embeddable":true,"href":"https:\/\/globalsourcechemicals.com\/da\/wp-json\/wp\/v2\/media\/27752"}],"wp:attachment":[{"href":"https:\/\/globalsourcechemicals.com\/da\/wp-json\/wp\/v2\/media?parent=24095"}],"wp:term":[{"taxonomy":"product_brand","embeddable":true,"href":"https:\/\/globalsourcechemicals.com\/da\/wp-json\/wp\/v2\/product_brand?post=24095"},{"taxonomy":"product_cat","embeddable":true,"href":"https:\/\/globalsourcechemicals.com\/da\/wp-json\/wp\/v2\/product_cat?post=24095"},{"taxonomy":"product_tag","embeddable":true,"href":"https:\/\/globalsourcechemicals.com\/da\/wp-json\/wp\/v2\/product_tag?post=24095"}],"curies":[{"name":"wp","href":"https:\/\/api.w.org\/{rel}","templated":true}]}}