{"id":23960,"date":"2025-04-13T17:40:47","date_gmt":"2025-04-13T17:40:47","guid":{"rendered":"https:\/\/globalsourcechemicals.com\/?post_type=product&#038;p=23960"},"modified":"2025-10-02T23:01:25","modified_gmt":"2025-10-02T23:01:25","slug":"3-fluoroethamfetamin","status":"publish","type":"product","link":"https:\/\/globalsourcechemicals.com\/da\/butik\/3-fea\/3-fluoroethamfetamin\/","title":{"rendered":"3-FEA (3-Fluorethamphetamin)"},"content":{"rendered":"<h1>3-FEA (3-Fluorethamphetamin) \u2013 Kvalitativt forskningskemikalie til videnskabelige form\u00e5l<\/h1>\n<h2>Produktbeskrivelse<\/h2>\n<p>3-FEA (3-Fluoroethamphetamin) er et forskningskemikalie, der prim\u00e6rt anvendes i videnskabelige og analytiske anvendelser. Dette stof tilh\u00f8rer klassen af fluorerede amfetaminer og er v\u00e6rdsat for sine unikke kemiske egenskaber, hvilket g\u00f8r det interessant for farmakologisk og neurovidenskabelig forskning.<\/p>\n<h2>H\u00f8j kvalitet og renhed<\/h2>\n<p>Vores 3-FEA syntetiseres omhyggeligt og testes for renhed, hvilket sikrer, at forskere kan stole p\u00e5 ensartede og p\u00e5lidelige resultater. Hver batch gennemg\u00e5r strenge kvalitetstest, herunder HPLC- og GC-MS-analyser, for at sikre de h\u00f8jeste standarder.<\/p>\n<h2>Anvendelsesomr\u00e5der<\/h2>\n<ul>\n<li><strong>Neurokemisk forskning:<\/strong> Unders\u00f8g interaktionerne med neurotransmittersystemer<\/li>\n<li><strong>Farmakologiske studier:<\/strong> Unders\u00f8g de potentielle effekter og metaboliske veje<\/li>\n<li><strong>Analytisk referencestandard:<\/strong> Anvendelse i massespektrometri og kromatografi<\/li>\n<\/ul>\n<h2>Opbevaring og h\u00e5ndtering<\/h2>\n<p>Opbevar 3-FEA et k\u00f8ligt, t\u00f8rt sted, beskyttet mod lys og fugt for at sikre stabilitet. Brug altid personlige v\u00e6rnemidler (handsker, laboratoriekittel, sikkerhedsbriller) ved h\u00e5ndtering af dette stof.<\/p>\n<h2>Sikker brug og vigtige noter<\/h2>\n<p>3-FEA er kun beregnet til forskningsbrug i kontrollerede laboratoriemilj\u00f8er og er <strong>ikke beregnet til konsum af mennesker eller dyr<\/strong>Det er vigtigt at konsultere lokale love, f\u00f8r du k\u00f8ber dette produkt, da lovligheden kan variere fra land til land.<\/p>\n<h2>Hvorfor v\u00e6lge vores 3-FEA?<\/h2>\n<ul>\n<li><strong>Certificeret renhed<\/strong> \u2013 Pr\u00e6cis kvalitetskontrol for optimale resultater<\/li>\n<li><strong>P\u00e5lidelig levering<\/strong> \u2013 Hurtig og diskret forsendelse inden for EU<\/li>\n<li><strong>Professionel support<\/strong> \u2013 Teknisk r\u00e5dgivning til forskningsans\u00f8gninger<\/li>\n<\/ul>\n<h2>Ansvarsfraskrivelse<\/h2>\n<p>Dette produkt er kun beregnet til lovligt tilladte forskningsform\u00e5l. Ved at bestille bekr\u00e6fter du, at du er en kvalificeret forsker og vil bruge stoffet lovligt.<\/p>\n<p>For mere information om 3-FEA eller andre forskningskemikalier, kontakt venligst <a href=\"http:\/\/google.nl\" target=\"_blank\" rel=\"noopener\">os<\/a> Vi er klar til at st\u00f8tte dine videnskabelige projekter med produkter af h\u00f8j kvalitet.<\/p>\n<p><a title=\"1cP-LSD 150 MCG Kunstpapirkugler\" href=\"https:\/\/globalsourcechemicals.com\/da\/butik\/lysergamider\/1-kop-lsd-150-mcg\/\" target=\"_blank\" rel=\"noopener\">1cP-LSD 150 MCG Kunstpapirkugler <\/a><a title=\"O-DSMT 50 mg pellets\" href=\"https:\/\/globalsourcechemicals.com\/da\/butik\/pellets\/o-dsmt-50-mg-pellets\/\" target=\"_blank\" rel=\"noopener\">O-DSMT 50 mg pellets <\/a><a title=\"1V-LSD 150 MCG Blotters\" href=\"https:\/\/globalsourcechemicals.com\/da\/butik\/lysergamider\/1v-lsd-150-mcg-blotters\/\" target=\"_blank\" rel=\"noopener\">1V-LSD 150 MCG Blotters <\/a><a title=\"2-CMC 250 mg pellets\" href=\"https:\/\/globalsourcechemicals.com\/da\/butik\/katinoner\/kob-2-cm-2\/\" target=\"_blank\" rel=\"noopener\">2-CMC 250 mg pellets <\/a><a title=\"2C-EF 2 mg kapsler\" href=\"https:\/\/globalsourcechemicals.com\/da\/butik\/phenethylamin\/2c-ef-2mg-kapsler\/\" target=\"_blank\" rel=\"noopener\">2C-EF 2 mg kapsler<\/a><\/p>","protected":false},"excerpt":{"rendered":"<h2>3-FEA-egenskaber<\/h2>\n<p><strong>Synonym<\/strong>3-Fluorethampatamin<br \/>\n<strong>CAS-nummer<\/strong>: 54982-43-3<br \/>\n<strong>Formel<\/strong>C<sub><small>11<\/small><\/sub>H<sub><small>16<\/small><\/sub>FN \u2022 HCl<br \/>\n<strong>Mol\u00e6r masse<\/strong>: 217.7<br \/>\n<strong>Renhed<\/strong>: \u226599%<\/p>","protected":false},"featured_media":27786,"comment_status":"closed","ping_status":"closed","template":"","meta":[],"product_brand":[82],"product_cat":[438,322,333,398],"product_tag":[660,892,326],"class_list":{"0":"post-23960","1":"product","2":"type-product","3":"status-publish","4":"has-post-thumbnail","6":"product_brand-research-chemical","7":"product_cat-3-fea","8":"product_cat-bijna-verboden","9":"product_cat-gefluoreerden","10":"product_cat-verkoop","11":"product_tag-3-fea","12":"product_tag-3-fluoroethamphetamine","13":"product_tag-nl","15":"first","16":"instock","17":"sale","18":"taxable","19":"shipping-taxable","20":"purchasable","21":"product-type-variable"},"_links":{"self":[{"href":"https:\/\/globalsourcechemicals.com\/da\/wp-json\/wp\/v2\/product\/23960","targetHints":{"allow":["GET"]}}],"collection":[{"href":"https:\/\/globalsourcechemicals.com\/da\/wp-json\/wp\/v2\/product"}],"about":[{"href":"https:\/\/globalsourcechemicals.com\/da\/wp-json\/wp\/v2\/types\/product"}],"replies":[{"embeddable":true,"href":"https:\/\/globalsourcechemicals.com\/da\/wp-json\/wp\/v2\/comments?post=23960"}],"version-history":[{"count":5,"href":"https:\/\/globalsourcechemicals.com\/da\/wp-json\/wp\/v2\/product\/23960\/revisions"}],"predecessor-version":[{"id":26406,"href":"https:\/\/globalsourcechemicals.com\/da\/wp-json\/wp\/v2\/product\/23960\/revisions\/26406"}],"wp:featuredmedia":[{"embeddable":true,"href":"https:\/\/globalsourcechemicals.com\/da\/wp-json\/wp\/v2\/media\/27786"}],"wp:attachment":[{"href":"https:\/\/globalsourcechemicals.com\/da\/wp-json\/wp\/v2\/media?parent=23960"}],"wp:term":[{"taxonomy":"product_brand","embeddable":true,"href":"https:\/\/globalsourcechemicals.com\/da\/wp-json\/wp\/v2\/product_brand?post=23960"},{"taxonomy":"product_cat","embeddable":true,"href":"https:\/\/globalsourcechemicals.com\/da\/wp-json\/wp\/v2\/product_cat?post=23960"},{"taxonomy":"product_tag","embeddable":true,"href":"https:\/\/globalsourcechemicals.com\/da\/wp-json\/wp\/v2\/product_tag?post=23960"}],"curies":[{"name":"wp","href":"https:\/\/api.w.org\/{rel}","templated":true}]}}