{"id":23317,"date":"2025-04-13T17:39:34","date_gmt":"2025-04-13T17:39:34","guid":{"rendered":"https:\/\/globalsourcechemicals.com\/?post_type=product&#038;p=23317"},"modified":"2025-10-03T19:07:03","modified_gmt":"2025-10-03T19:07:03","slug":"flubromazepam-virkninger-2","status":"publish","type":"product","link":"https:\/\/globalsourcechemicals.com\/da\/butik\/benzodiazepiner\/flubromazepam-virkninger-2\/","title":{"rendered":"Flubromazepam Pure"},"content":{"rendered":"<h2>Flubromazepam<span class=\"___SText_pr68d-red-team\" data-ui-name=\"Link.Text\">\u00a0operation<\/span><\/h2>\n<p><strong>Flubromazepam <span class=\"___SText_pr68d-red-team\" data-ui-name=\"Link.Text\">operation<\/span><\/strong> er et stof, der kun s\u00e6lges til forskningsform\u00e5l og derfor ikke er beregnet til forbrug.<\/p>\n<p>Flubromazepam forbliver stabilt i op til 2 \u00e5r, n\u00e5r det opbevares i det rette milj\u00f8. Flubromazepam er beregnet til forskningsform\u00e5l og ikke til konsum. Derfor er det vigtigt at opbevare produktet utilg\u00e6ngeligt for b\u00f8rn og k\u00e6ledyr.<a title=\"1V-LSD 150 MCG Blotters\" href=\"https:\/\/globalsourcechemicals.com\/da\/butik\/lysergamider\/1v-lsd-150-mcg-blotters\/\" target=\"_blank\" rel=\"noopener\">1V-LSD 150 MCG Blotters<\/a><\/p>\n<p>Vi tilbyder forskningskemikalier af h\u00f8j kvalitet til en rimelig pris. Din ordre sendes inden for 24 timer hver dag. Bestil nu! <em>Flubromazepam<\/em> sikkert og hurtigt via!<a title=\"2C-EF 2 mg kapsler\" href=\"https:\/\/globalsourcechemicals.com\/da\/butik\/phenethylamin\/2c-ef-2mg-kapsler\/\" target=\"_blank\" rel=\"noopener\">2C-EF 2 mg kapsler<\/a><\/p>\n<h3>Flubromazepams egenskaber<\/h3>\n<p><strong>Synonym:<\/strong> Flubromazepam<br \/>\n<strong>CAS-nummer:<\/strong> 2647-50-9<br \/>\n<strong>Formel:<\/strong> 7-brom-5-(2-fluorphenyl)-1,3-dihydro-2H-1,4-benzodiazepin-2-on<br \/>\n<strong>Mol\u00e6r masse:<\/strong> 333,2 g\/mol<br \/>\n<strong>Renhed:<\/strong> &gt;97%<\/p>\n<h3>Hvad er flubromazepam?<\/h3>\n<p>Flubromazepam er et forskningskemikalie, der tilh\u00f8rer benzodiazepinklassen. Det er en syntetisk forbindelse, der har vakt forskningsinteresse p\u00e5 grund af dens potentielle virkninger p\u00e5 centralnervesystemet.<\/p>\n<p>Flubromazepam er afledt af benzodiazepinfamilien af l\u00e6gemidler, som er kendt for deres beroligende, angstd\u00e6mpende og muskelafslappende egenskaber. Det blev udviklet som en modifikation af eksisterende benzodiazepiner for at unders\u00f8ge variationer i den farmakologiske profil og potentielle terapeutiske anvendelser. Forskere er is\u00e6r interesserede i at studere flubromazepams interaktion med GABA-A-receptorer i hjernen. Disse receptorer spiller en afg\u00f8rende rolle i reguleringen af h\u00e6mmende neurotransmittere.<\/p>\n<p>Udviklingen af flubromazepam som forskningskemikalie er drevet af videnskabelig nysgerrighed og \u00f8nsket om at forbedre vores forst\u00e5else af benzodiazepinforbindelser. Ved at udf\u00f8re grundig forskning sigter forskere mod at udvide vores viden om stoffets virkninger p\u00e5 centralnervesystemet og bidrage til en bredere forst\u00e5else af benzodiazepiner.<\/p>\n<h3>Hvordan opstod flubromazepam?<\/h3>\n<p>Historien om det kemiske stof flubromazepams oprindelse er t\u00e6t forbundet med udviklingen og udforskningen af benzodiazepinforbindelser. Benzodiazepiner, en klasse kendt for deres beroligende, angstd\u00e6mpende og muskelafslappende egenskaber, har en lang historie inden for farmaceutisk forskning.<\/p>\n<p>Flubromazepam er i sig selv opst\u00e5et som et forskningskemikalie i de senere \u00e5r, da forskere har s\u00f8gt at udvide deres viden om og forst\u00e5else af benzodiazepiner. Stoffet blev udviklet som en modifikation af eksisterende benzodiazepiner for at unders\u00f8ge potentielle variationer i deres farmakologiske profil og egenskaber.<\/p>\n<p>Syntesen og studiet af flubromazepam har prim\u00e6rt fundet sted inden for videnskabelig forskning. Forskere, herunder kemikere, farmakologer og neuroforskere, er interesserede i at unders\u00f8ge stoffets kemiske struktur, dets virkninger p\u00e5 centralnervesystemet og dets potentielle terapeutiske anvendelser.<a title=\"2-CMC 250 mg pellets\" href=\"https:\/\/globalsourcechemicals.com\/da\/butik\/katinoner\/kob-2-cm-2\/\" target=\"_blank\" rel=\"noopener\">2-CMC 250 mg pellets<\/a><\/p>\n<h3>Fareerkl\u00e6ring<\/h3>\n<p>Flubromazepam kan for\u00e5rsage irritation af luftvejene<br \/>\nFlubromazepam kan for\u00e5rsage \u00f8jenirritation.<br \/>\nDet er forbudt at udlede forskningskemikalier i milj\u00f8et.<\/p>\n<p>Flubromazepam VED KONTAKT MED \u00d8JNENE: Skyl \u00f8jnene forsigtigt med vand i fem minutter. Fjern kontaktlinser, hvis det er muligt.<a href=\"http:\/\/google.nl\" target=\"_blank\" rel=\"noopener\">.<\/a><\/p>\n<p>Flubromazepam VED KONTAKT MED HUDEN: Vask huden med s\u00e6be og vand.<\/p>\n<p>VED IND\u00c5NDING Flubromazepam: Flyt personen ud i frisk luft og s\u00f8rg for, at personen har en behagelig vejrtr\u00e6kningsstilling.<\/p>","protected":false},"excerpt":{"rendered":"<p>Flubromazepam-effekter Flubromazepam-effekter er et stof, der kun s\u00e6lges til forskningsform\u00e5l og derfor ikke er beregnet til forbrug.<\/p>","protected":false},"featured_media":28477,"comment_status":"closed","ping_status":"closed","template":"","meta":[],"product_brand":[82],"product_cat":[76,386],"product_tag":[138,139,140,142,141,326],"class_list":{"0":"post-23317","1":"product","2":"type-product","3":"status-publish","4":"has-post-thumbnail","6":"product_brand-research-chemical","7":"product_cat-benzodiazepinen","8":"product_cat-flubromazepam","9":"product_tag-flubromazepam","10":"product_tag-flubromazepam-effects","11":"product_tag-flubromazepam-ervaring","12":"product_tag-flubromazepam-halfwaardetijd","13":"product_tag-flubromazepam-werking","14":"product_tag-nl","16":"first","17":"instock","18":"taxable","19":"shipping-taxable","20":"purchasable","21":"product-type-variable"},"_links":{"self":[{"href":"https:\/\/globalsourcechemicals.com\/da\/wp-json\/wp\/v2\/product\/23317","targetHints":{"allow":["GET"]}}],"collection":[{"href":"https:\/\/globalsourcechemicals.com\/da\/wp-json\/wp\/v2\/product"}],"about":[{"href":"https:\/\/globalsourcechemicals.com\/da\/wp-json\/wp\/v2\/types\/product"}],"replies":[{"embeddable":true,"href":"https:\/\/globalsourcechemicals.com\/da\/wp-json\/wp\/v2\/comments?post=23317"}],"version-history":[{"count":3,"href":"https:\/\/globalsourcechemicals.com\/da\/wp-json\/wp\/v2\/product\/23317\/revisions"}],"predecessor-version":[{"id":25431,"href":"https:\/\/globalsourcechemicals.com\/da\/wp-json\/wp\/v2\/product\/23317\/revisions\/25431"}],"wp:featuredmedia":[{"embeddable":true,"href":"https:\/\/globalsourcechemicals.com\/da\/wp-json\/wp\/v2\/media\/28477"}],"wp:attachment":[{"href":"https:\/\/globalsourcechemicals.com\/da\/wp-json\/wp\/v2\/media?parent=23317"}],"wp:term":[{"taxonomy":"product_brand","embeddable":true,"href":"https:\/\/globalsourcechemicals.com\/da\/wp-json\/wp\/v2\/product_brand?post=23317"},{"taxonomy":"product_cat","embeddable":true,"href":"https:\/\/globalsourcechemicals.com\/da\/wp-json\/wp\/v2\/product_cat?post=23317"},{"taxonomy":"product_tag","embeddable":true,"href":"https:\/\/globalsourcechemicals.com\/da\/wp-json\/wp\/v2\/product_tag?post=23317"}],"curies":[{"name":"wp","href":"https:\/\/api.w.org\/{rel}","templated":true}]}}