{"id":27218,"date":"2025-08-14T11:23:19","date_gmt":"2025-08-14T11:23:19","guid":{"rendered":"https:\/\/globalsourcechemicals.com\/?page_id=27218"},"modified":"2025-10-13T09:49:38","modified_gmt":"2025-10-13T09:49:38","slug":"privatlivspolitik","status":"publish","type":"page","link":"https:\/\/globalsourcechemicals.com\/da\/privatlivspolitik\/","title":{"rendered":"Privatlivspolitik"},"content":{"rendered":"<p>Dette er Researchchemicalskopen.nets privatlivspolitik, som kan findes p\u00e5\u00a0<a href=\"https:\/\/globalsourcechemicals.com\/da\/\">globalsourcechemicals.com<\/a><\/p>\n\n\n\n<h3 class=\"wp-block-heading\">Anvendelighed<\/h3>\n\n\n\n<p>Denne privatlivspolitik g\u00e6lder for alle f\u00f8lsomme oplysninger eller personoplysninger, som du giver os, f.eks. via en registreringsformular, kontaktformular eller ordrer, du afgiver. Vi v\u00e6rds\u00e6tter vores kunders privatliv og h\u00e5ndterer derfor behandlingen og beskyttelsen af personoplysninger med den st\u00f8rste omhu. Vores databehandling udf\u00f8res i overensstemmelse med betingelserne i den generelle forordning om databeskyttelse (GDPR). globalsourcechemicals.com er dataansvarlig i henhold til GDPR for s\u00e5 vidt ang\u00e5r dine personoplysninger. Det betyder, at vi bestemmer, hvilke personoplysninger der behandles, til hvilket form\u00e5l og p\u00e5 hvilken m\u00e5de. Vi sikrer, at dine personoplysninger behandles korrekt og omhyggeligt i overensstemmelse med GDPR. I denne privatlivspolitik forklarer vi, hvilke data vi behandler, og til hvilke form\u00e5l de anvendes.<\/p>\n\n\n\n<h3 class=\"wp-block-heading\">Oversigt over personoplysninger<\/h3>\n\n\n\n<p>Nedenfor er en oversigt over de personoplysninger, vi behandler:<\/p>\n\n\n\n<ul class=\"wp-block-list\">\n<li>For- og efternavn<\/li>\n\n\n\n<li>Adresseoplysninger<\/li>\n\n\n\n<li>Telefonnummer<\/li>\n\n\n\n<li>E-mailadresse<\/li>\n\n\n\n<li>IP-adressen p\u00e5 en bes\u00f8gende p\u00e5 et websted<\/li>\n<\/ul>\n\n\n\n<h3 class=\"wp-block-heading\">Form\u00e5l og grundlag for databehandling<\/h3>\n\n\n\n<p>Ved at acceptere denne privatlivspolitik giver du udtrykkeligt dit samtykke, som defineret i artikel 6, stk. 1, litra a, i GDPR, til behandling af dine personoplysninger til de nedenfor anf\u00f8rte form\u00e5l. Du kan til enhver tid tr\u00e6kke dette samtykke tilbage. Hvis du ikke giver os bestemte oplysninger eller ikke tillader os at behandle dem, er vi dog muligvis ikke i stand til at yde dig optimal service.<\/p>\n\n\n\n<p>Hvis du ikke har givet os udtrykkeligt samtykke til behandling af dine personoplysninger, eller hvis du har trukket dette samtykke tilbage, kan behandlingen af dine personoplysninger v\u00e6re baseret p\u00e5 artikel 6, stk. 1, litra b, c og\/eller f, i GDPR. I s\u00e5 fald kan behandling af dine personoplysninger finde sted uden dit samtykke, forudsat at dette er n\u00f8dvendigt for at opfylde en aftale, som du er part i, eller n\u00f8dvendigt for at beskytte Professor.nls legitime interesser. Derudover kan vi v\u00e6re juridisk forpligtet til at behandle dine personoplysninger.<\/p>\n\n\n\n<p>Vi behandler dine personoplysninger til f\u00f8lgende form\u00e5l:<\/p>\n\n\n\n<ul class=\"wp-block-list\">\n<li>Levering af vores tjenester (for eksempel levering af varer)<\/li>\n\n\n\n<li>Behandling af din betaling<\/li>\n\n\n\n<li>Afsendelse af vores nyhedsbrev<\/li>\n\n\n\n<li>Informere dig om \u00e6ndringer i vores tjenester og produkter<\/li>\n\n\n\n<li>Giver dig muligheden for at oprette en konto<\/li>\n<\/ul>\n\n\n\n<p>Vi opbevarer ikke dine personoplysninger l\u00e6ngere end strengt n\u00f8dvendigt for at opn\u00e5 de form\u00e5l, hvortil de blev indsamlet.<\/p>\n\n\n\n<h3 class=\"wp-block-heading\">Videregivelse til tredjeparter<\/h3>\n\n\n\n<p>Vi kan dele dine personoplysninger med tredjeparter, hvis dette er foreneligt med de ovenfor anf\u00f8rte form\u00e5l. Videregivelse til tredjeparter kan v\u00e6re n\u00f8dvendig for at opfylde den aftale, vi indg\u00e5r med dig, for at forf\u00f8lge vores legitime interesser eller for at overholde en juridisk forpligtelse. Vi har databehandleraftaler med virksomheder, der behandler dine data p\u00e5 vores vegne, for at sikre samme niveau af sikkerhed og fortrolighed for dine data. Vi forbliver ansvarlige for disse behandlingsaktiviteter. Uden for de ovenn\u00e6vnte situationer videregiver vi kun dine personoplysninger til andre tredjeparter med dit udtrykkelige samtykke.<\/p>\n\n\n\n<h3 class=\"wp-block-heading\">Kommercielle form\u00e5l<\/h3>\n\n\n\n<p>Vi kan bruge dine personoplysninger til kommercielle form\u00e5l, f.eks. til at informere dig om vores tjenester, relevante produkter eller \u00e6ndringer i lovgivningen, der kan p\u00e5virke vores tilbud. I s\u00e5 fald vil du kun blive kontaktet via den e-mailadresse, du har registreret hos os. Hvis du ikke \u00f8nsker at modtage information om relevante produkter eller tjenester, kan du nemt angive dette ved at klikke p\u00e5 &quot;afmeld&quot; i den e-mail, du modtager. Til markedsunders\u00f8gelser kan dine personoplysninger blive anonymiseret, s\u00e5 de ikke l\u00e6ngere kan spores tilbage til dig.<\/p>\n\n\n\n<p>Dine data vil ikke blive solgt eller delt med tredjeparter til kommercielle form\u00e5l, medmindre du har givet udtrykkelig tilladelse til dette.<\/p>\n\n\n\n<h3 class=\"wp-block-heading\">Cookies<\/h3>\n\n\n\n<p>En cookie er en lille tekstfil, der gemmes p\u00e5 din computer, tablet eller smartphone, n\u00e5r du bes\u00f8ger vores hjemmeside f\u00f8rste gang. Du kan deaktivere disse cookies ved at konfigurere din internetbrowser til ikke l\u00e6ngere at gemme dem. Du kan ogs\u00e5 slette alle tidligere gemte oplysninger via dine browserindstillinger.<\/p>\n\n\n\n<p>Vi bruger f\u00f8lgende cookies:<\/p>\n\n\n\n<ul class=\"wp-block-list\">\n<li><strong>Funktionelle cookies:<\/strong>&nbsp;Disse cookies er n\u00f8dvendige for hjemmesidens tekniske drift og din brugervenlighed. De sikrer, at hjemmesiden fungerer korrekt og f.eks. husker dine pr\u00e6ferencer. Disse cookies giver os mulighed for at optimere vores hjemmeside. Disse er analytiske cookies, der ikke kr\u00e6nker dit privatliv, og for hvilke vi ikke kr\u00e6ver dit forudg\u00e5ende samtykke.<\/li>\n\n\n\n<li><strong>Google Analytics:<\/strong>&nbsp;Denne hjemmeside bruger cookies fra det amerikanske firma Google som en del af sin &quot;Analytics&quot;-tjeneste. Researchchemicalskopen.net bruger denne tjeneste til at generere rapporter om brugen af hjemmesiden og til at m\u00e5le dens kvalitet og effektivitet. Vi bruger Google Analytics p\u00e5 en m\u00e5de, der er foreskrevet af den hollandske databeskyttelsesmyndighed (Autoriteit Persoonsgegevens), s\u00e5 vi kr\u00e6ver ikke dit forudg\u00e5ende samtykke til at bruge Google Analytics.<\/li>\n<\/ul>\n\n\n\n<h3 class=\"wp-block-heading\">Adgang, rettelse eller sletning<\/h3>\n\n\n\n<p>Du har ret til at f\u00e5 adgang til, rette eller slette dine personoplysninger. Du har ogs\u00e5 ret til at tr\u00e6kke dit samtykke til behandling af dine personoplysninger tilbage eller til at g\u00f8re indsigelse mod behandlingen af dine personoplysninger. Du har ogs\u00e5 ret til dataportabilitet, hvis vi opbevarer digitale personoplysninger, som vi behandler enten med dit samtykke eller for at opfylde en aftale, vi har med dig.<\/p>\n\n\n\n<p>Det betyder, at du kan anmode os om at sende de digitale personoplysninger, som vi opbevarer om dig, i en l\u00e6sbar computerfil til dig eller en anden organisation, du har navngivet.<\/p>\n\n\n\n<p>Du kan sende en anmodning om indsigt, rettelse, sletning, dataoverf\u00f8rsel af dine personoplysninger eller anmodning om tilbagetr\u00e6kning af dit samtykke eller indsigelse mod behandlingen af dine personoplysninger til info@globalsourcechemicals.com<\/p>\n\n\n\n<p><\/p>","protected":false},"excerpt":{"rendered":"<p>Dit is de privacyverklaring van Researchchemicalskopen.net, te vinden op\u00a0globalsourcechemicals.com Toepasselijkheid Deze privacyverklaring is van toepassing op alle gevoelige informatie of<\/p>","protected":false},"author":1,"featured_media":0,"parent":0,"menu_order":0,"comment_status":"closed","ping_status":"closed","template":"","meta":{"footnotes":""},"class_list":["post-27218","page","type-page","status-publish","hentry"],"_links":{"self":[{"href":"https:\/\/globalsourcechemicals.com\/da\/wp-json\/wp\/v2\/pages\/27218","targetHints":{"allow":["GET"]}}],"collection":[{"href":"https:\/\/globalsourcechemicals.com\/da\/wp-json\/wp\/v2\/pages"}],"about":[{"href":"https:\/\/globalsourcechemicals.com\/da\/wp-json\/wp\/v2\/types\/page"}],"author":[{"embeddable":true,"href":"https:\/\/globalsourcechemicals.com\/da\/wp-json\/wp\/v2\/users\/1"}],"replies":[{"embeddable":true,"href":"https:\/\/globalsourcechemicals.com\/da\/wp-json\/wp\/v2\/comments?post=27218"}],"version-history":[{"count":2,"href":"https:\/\/globalsourcechemicals.com\/da\/wp-json\/wp\/v2\/pages\/27218\/revisions"}],"predecessor-version":[{"id":28550,"href":"https:\/\/globalsourcechemicals.com\/da\/wp-json\/wp\/v2\/pages\/27218\/revisions\/28550"}],"wp:attachment":[{"href":"https:\/\/globalsourcechemicals.com\/da\/wp-json\/wp\/v2\/media?parent=27218"}],"curies":[{"name":"wp","href":"https:\/\/api.w.org\/{rel}","templated":true}]}}