{"id":27216,"date":"2025-08-14T11:20:44","date_gmt":"2025-08-14T11:20:44","guid":{"rendered":"https:\/\/globalsourcechemicals.com\/?page_id=27216"},"modified":"2025-10-13T09:52:58","modified_gmt":"2025-10-13T09:52:58","slug":"tilbagevenden","status":"publish","type":"page","link":"https:\/\/globalsourcechemicals.com\/da\/tilbagevenden\/","title":{"rendered":"Returneringer"},"content":{"rendered":"<p><strong>Returpolitik<\/strong><\/p>\n\n\n\n<p>I henhold til fjernsalgsloven har forbrugere en fortrydelsesret p\u00e5 14 dage ved onlinek\u00f8b, der starter fra den dato, de modtager produktet. I denne periode kan de returnere produktet uden at angive en grund.<\/p>\n\n\n\n<p><strong>Vilk\u00e5r og betingelser<\/strong><\/p>\n\n\n\n<p>Ud\u00f8velse af fortrydelsesretten er underlagt visse lovbestemmelser. I fortrydelsestiden skal forbrugeren h\u00e5ndtere b\u00e5de produktet og dets emballage med forsigtighed. Produktet m\u00e5 kun pakkes ud eller anvendes i det omfang, det er n\u00f8dvendigt for at vurdere, om forbrugeren \u00f8nsker at beholde det. Hvis fortrydelsesretten udnyttes, skal produktet sammen med alt medf\u00f8lgende tilbeh\u00f8r returneres til globalsourcechemicals.com i original stand og emballage.<\/p>\n\n\n\n<p>Produkter, der er beskadigede, returnerede ufuldst\u00e6ndige eller har v\u00e6ret flittigt brugte, er ikke berettiget til fuld refusion.<\/p>\n\n\n\n<p>Omkostninger og risici ved returforsendelse er kundens ansvar. globalsourcechemicals.com er forpligtet til at refundere det betalte bel\u00f8b, eksklusive returforsendelsesomkostninger, inden for 30 dage.<\/p>\n\n\n\n<p><strong>Annuller f\u00f8r afsendelse<\/strong><\/p>\n\n\n\n<p>S\u00e5 l\u00e6nge ordren endnu ikke er betalt, pakket og\/eller afsendt, kan den annulleres ved at sende en e-mail til info.<a>@globalsourcechemicals.com<\/a><\/p>\n\n\n\n<p><strong>Returnering efter modtagelse<\/strong><\/p>\n\n\n\n<p>N\u00e5r du har modtaget din ordre, og hvis du \u00f8nsker at returnere den, skal du f\u00f8rst sende en e-mail til info<a>@globalsourcechemicals.com<\/a><\/p>\n\n\n\n<p>Du er kun ansvarlig for returforsendelsesomkostningerne. Din fulde refusion vil blive udstedt, n\u00e5r globalsourcechemicals.com modtager den returnerede vare.<\/p>\n\n\n\n<p>Bem\u00e6rk venligst, at uanset \u00e5rsagen til fortrydelse skal du handle inden for den lovpligtige frist. Det betyder, at du skal underrette globalsourcechemicals.com inden for 14 dage efter modtagelsen af din ordre og returnere produktet inden for 14 dage.<\/p>\n\n\n\n<p><strong>Returpolitik<\/strong><\/p>\n\n\n\n<p>Du kan returnere et produkt inden for fortrydelsesretten, hvis:<\/p>\n\n\n\n<ul class=\"wp-block-list\">\n<li>Produktet har ikke v\u00e6ret brugt.<\/li>\n\n\n\n<li>Der er ingen synlige skader eller tydelige tegn p\u00e5 brug.<\/li>\n\n\n\n<li>Produktet, inklusive alle dele, returneres i samme stand, som det blev modtaget.<\/li>\n<\/ul>\n\n\n\n<p>Det refunderede bel\u00f8b kan reduceres, hvis:<\/p>\n\n\n\n<ul class=\"wp-block-list\">\n<li>Produktet blev beskadiget af brugeren eller under returforsendelse.<\/li>\n\n\n\n<li>Emballagematerialet er ikke i sin oprindelige stand (for eksempel hvis emballagen har v\u00e6ret \u00e5bnet eller beskadiget).<\/li>\n<\/ul>\n\n\n\n<p>Hvis du afviser din ordre eller ikke tydeligt angiver, at du \u00f8nsker at ud\u00f8ve din fortrydelsesret inden for den angivne periode, kan globalsourcechemicals.com ikke afg\u00f8re, hvorfor ordren blev afvist. I s\u00e5danne tilf\u00e6lde vil du blive opkr\u00e6vet betaling for b\u00e5de ordren og eventuelle yderligere omkostninger. Du er juridisk forpligtet til at informere Researchchemicalskopen.net rettidigt om din intention om at returnere produkter inden for den aftalte periode.<\/p>\n\n\n\n<p>Returnerede produkter skal v\u00e6re i samme stand, som de forlod vores lager.<\/p>","protected":false},"excerpt":{"rendered":"<p>Retourbeleid Volgens de Wet Kopen op Afstand heeft de consument bij online aankopen recht op een bedenktijd van 14 dagen<\/p>","protected":false},"author":1,"featured_media":0,"parent":0,"menu_order":0,"comment_status":"closed","ping_status":"closed","template":"","meta":{"footnotes":""},"class_list":["post-27216","page","type-page","status-publish","hentry"],"_links":{"self":[{"href":"https:\/\/globalsourcechemicals.com\/da\/wp-json\/wp\/v2\/pages\/27216","targetHints":{"allow":["GET"]}}],"collection":[{"href":"https:\/\/globalsourcechemicals.com\/da\/wp-json\/wp\/v2\/pages"}],"about":[{"href":"https:\/\/globalsourcechemicals.com\/da\/wp-json\/wp\/v2\/types\/page"}],"author":[{"embeddable":true,"href":"https:\/\/globalsourcechemicals.com\/da\/wp-json\/wp\/v2\/users\/1"}],"replies":[{"embeddable":true,"href":"https:\/\/globalsourcechemicals.com\/da\/wp-json\/wp\/v2\/comments?post=27216"}],"version-history":[{"count":2,"href":"https:\/\/globalsourcechemicals.com\/da\/wp-json\/wp\/v2\/pages\/27216\/revisions"}],"predecessor-version":[{"id":27515,"href":"https:\/\/globalsourcechemicals.com\/da\/wp-json\/wp\/v2\/pages\/27216\/revisions\/27515"}],"wp:attachment":[{"href":"https:\/\/globalsourcechemicals.com\/da\/wp-json\/wp\/v2\/media?parent=27216"}],"curies":[{"name":"wp","href":"https:\/\/api.w.org\/{rel}","templated":true}]}}