{"id":27214,"date":"2025-08-14T11:19:38","date_gmt":"2025-08-14T11:19:38","guid":{"rendered":"https:\/\/globalsourcechemicals.com\/?page_id=27214"},"modified":"2025-10-13T09:54:25","modified_gmt":"2025-10-13T09:54:25","slug":"forsendelse","status":"publish","type":"page","link":"https:\/\/globalsourcechemicals.com\/da\/forsendelse\/","title":{"rendered":"Forsendelse"},"content":{"rendered":"<p>Bij de globalsourcechemicals.com versturen we pakketten zo snel mogelijk. Elke bestelling die v\u00f3\u00f3r 17:00u is besteld waarvan de betaling bij ons binnen is, zal dezelfde dag worden verzonden, tenzij er is gekozen voor \u2018Afhalen\u2019.<\/p>\n\n\n\n<p>Alle ordrer sendes med din valgte transport\u00f8r. Du modtager altid en track &amp; trace-kode, s\u00e5 du kan f\u00f8lge din ordre.<\/p>\n\n\n\n<p>Hvis din pakke ikke er blevet leveret inden for 10 hverdage, bedes du kontakte os, s\u00e5 vi kan unders\u00f8ge sagen n\u00e6rmere.<\/p>\n\n\n\n<p><strong>Gratis fragt i Holland + Belgien: ordrer p\u00e5 \u20ac75 eller mere<\/strong><br><strong>Gratis fragt til andre lande: Bestil for \u20ac250 eller mere<\/strong><\/p>\n\n\n\n<hr class=\"wp-block-separator has-alpha-channel-opacity\"\/>\n\n\n\n<figure class=\"wp-block-table\"><table class=\"has-fixed-layout\"><tbody><tr><td><strong>Land<\/strong><\/td><td><strong>Leveringstid<\/strong><br><small><em>Betalt f\u00f8r kl. 17.00,<br>afsendt samme dag<\/em><\/small><\/td><td><strong>PostNL<\/strong><\/td><td><strong>DHL<\/strong><\/td><td><strong>DPD<\/strong><\/td><\/tr><tr><td>Holland<\/td><td>1-2 hverdage<\/td><td>\u20ac4,95<\/td><td>\u20ac4,95<\/td><td>efter<\/td><\/tr><tr><td>Belgien<\/td><td>1-4 hverdage<\/td><td>\u20ac4,95<\/td><td>\u20ac7,95<\/td><td>efter<\/td><\/tr><tr><td>Bulgarien<\/td><td>2-8 arbejdsdage<\/td><td>efter<\/td><td>\u20ac17,95<\/td><td>\u20ac9,95<\/td><\/tr><tr><td>Estland<\/td><td>2-8 arbejdsdage<\/td><td>efter<\/td><td>\u20ac34,95<\/td><td>\u20ac14,95<\/td><\/tr><tr><td>Frankrig<\/td><td>2-8 arbejdsdage<\/td><td>efter<\/td><td>\u20ac12,95<\/td><td>\u20ac8,95<\/td><\/tr><tr><td>Gr\u00e6kenland<\/td><td>2-8 arbejdsdage<\/td><td>efter<\/td><td>\u20ac14,95<\/td><td>\u20ac39,95<\/td><\/tr><tr><td>Ungarn<\/td><td>2-8 arbejdsdage<\/td><td>efter<\/td><td>\u20ac14,95<\/td><td>\u20ac9,95<\/td><\/tr><tr><td>Irland<\/td><td>2-8 arbejdsdage<\/td><td>efter<\/td><td>\u20ac12,95<\/td><td>\u20ac24,95<\/td><\/tr><tr><td>Italien<\/td><td>2-8 arbejdsdage<\/td><td>efter<\/td><td>\u20ac10,95<\/td><td>\u20ac9,95<\/td><\/tr><tr><td>Kroatien<\/td><td>2-8 arbejdsdage<\/td><td>efter<\/td><td>\u20ac19,95<\/td><td>\u20ac10,95<\/td><\/tr><tr><td>Letland<\/td><td>2-8 arbejdsdage<\/td><td>efter<\/td><td>\u20ac34,95<\/td><td>\u20ac15,95<\/td><\/tr><tr><td>Litauen<\/td><td>2-8 arbejdsdage<\/td><td>efter<\/td><td>\u20ac34,95<\/td><td>\u20ac12,95<\/td><\/tr><tr><td>Luxembourg<\/td><td>2-8 arbejdsdage<\/td><td>efter<\/td><td>efter<\/td><td>\u20ac8,95<\/td><\/tr><tr><td>\u00d8strig<\/td><td>2-8 arbejdsdage<\/td><td>efter<\/td><td>\u20ac11,95<\/td><td>\u20ac9,95<\/td><\/tr><tr><td>Polen<\/td><td>2-8 arbejdsdage<\/td><td>efter<\/td><td>\u20ac14,95<\/td><td>\u20ac9,95<\/td><\/tr><tr><td>Portugal<\/td><td>2-8 arbejdsdage<\/td><td>efter<\/td><td>\u20ac19,95<\/td><td>\u20ac9,95<\/td><\/tr><tr><td>Rum\u00e6nien<\/td><td>2-8 arbejdsdage<\/td><td>efter<\/td><td>\u20ac16,95<\/td><td>\u20ac9,95<\/td><\/tr><tr><td>Slovenien<\/td><td>2-8 arbejdsdage<\/td><td>efter<\/td><td>\u20ac18,95<\/td><td>\u20ac12,95<\/td><\/tr><tr><td>Slovakiet<\/td><td>2-8 arbejdsdage<\/td><td>efter<\/td><td>\u20ac18,95<\/td><td>\u20ac12,95<\/td><\/tr><tr><td>Tjekkiet<\/td><td>2-8 arbejdsdage<\/td><td>efter<\/td><td>\u20ac14,95<\/td><td>\u20ac11,95<\/td><\/tr><\/tbody><\/table><\/figure>","protected":false},"excerpt":{"rendered":"<p>Bij de globalsourcechemicals.com versturen we pakketten zo snel mogelijk. Elke bestelling die v\u00f3\u00f3r 17:00u is besteld waarvan de betaling bij<\/p>","protected":false},"author":1,"featured_media":0,"parent":0,"menu_order":0,"comment_status":"closed","ping_status":"closed","template":"","meta":{"footnotes":""},"class_list":["post-27214","page","type-page","status-publish","hentry"],"_links":{"self":[{"href":"https:\/\/globalsourcechemicals.com\/da\/wp-json\/wp\/v2\/pages\/27214","targetHints":{"allow":["GET"]}}],"collection":[{"href":"https:\/\/globalsourcechemicals.com\/da\/wp-json\/wp\/v2\/pages"}],"about":[{"href":"https:\/\/globalsourcechemicals.com\/da\/wp-json\/wp\/v2\/types\/page"}],"author":[{"embeddable":true,"href":"https:\/\/globalsourcechemicals.com\/da\/wp-json\/wp\/v2\/users\/1"}],"replies":[{"embeddable":true,"href":"https:\/\/globalsourcechemicals.com\/da\/wp-json\/wp\/v2\/comments?post=27214"}],"version-history":[{"count":2,"href":"https:\/\/globalsourcechemicals.com\/da\/wp-json\/wp\/v2\/pages\/27214\/revisions"}],"predecessor-version":[{"id":28552,"href":"https:\/\/globalsourcechemicals.com\/da\/wp-json\/wp\/v2\/pages\/27214\/revisions\/28552"}],"wp:attachment":[{"href":"https:\/\/globalsourcechemicals.com\/da\/wp-json\/wp\/v2\/media?parent=27214"}],"curies":[{"name":"wp","href":"https:\/\/api.w.org\/{rel}","templated":true}]}}