{"id":27212,"date":"2025-08-14T11:18:23","date_gmt":"2025-08-14T11:18:23","guid":{"rendered":"https:\/\/globalsourcechemicals.com\/?page_id=27212"},"modified":"2025-10-03T19:30:27","modified_gmt":"2025-10-03T19:30:27","slug":"betale","status":"publish","type":"page","link":"https:\/\/globalsourcechemicals.com\/da\/betale\/","title":{"rendered":"Betale"},"content":{"rendered":"<p><strong>Betaling p\u00e5 globalsourcechemicals.com er hurtig og sikker.<\/strong><br>Hos globalsourcechemicals.com kan du betale nemt og sikkert. Vi tilbyder forskellige betalingsmetoder, s\u00e5 du kan modtage din ordre s\u00e5 hurtigt som muligt.<\/p>\n\n\n\n<p><strong>Brug en af nedenst\u00e5ende betalingsmetoder, og modtag din ordre hurtigst muligt.<\/strong><br>Du kan v\u00e6lge mellem flere betalingsmuligheder. V\u00e6lg den metode, der fungerer bedst for dig, for at sikre, at din ordre leveres hurtigt.<\/p>\n\n\n\n<p><strong>Kunne du ikke gennemf\u00f8re din betaling online, og vil du stadig gerne g\u00f8re det? S\u00e5 overf\u00f8r den manuelt:<\/strong><br>Hvis du oplever problemer med at gennemf\u00f8re din onlinebetaling, kan du v\u00e6lge at overf\u00f8re bel\u00f8bet manuelt.<\/p>\n\n\n\n<p><strong>BEM\u00c6RK! Hvis din betaling er gennemf\u00f8rt, modtager du en automatisk besked. Vi behandler dette manuelt og tjekker vores bankkonto flere gange om dagen.<\/strong><br>Bem\u00e6rk venligst! N\u00e5r din betaling er gennemf\u00f8rt, modtager du en bekr\u00e6ftelsesbesked. Vi behandler betalinger manuelt og tjekker vores bankkonto flere gange om dagen for at sikre, at alt g\u00e5r problemfrit.<\/p>\n\n\n\n<p><strong>Tilg\u00e6ngelige betalingsmetoder:<\/strong><br>Her er de betalingsmuligheder, vi tilbyder i \u00f8jeblikket:<\/p>\n\n\n\n<ul class=\"wp-block-list\">\n<li><strong>iDeal<\/strong>&nbsp;(<em>Midlertidigt utilg\u00e6ngelig<\/em>)<br>En popul\u00e6r betalingsmetode i Holland. I \u00f8jeblikket midlertidigt utilg\u00e6ngelig.<\/li>\n\n\n\n<li><strong>Straks<\/strong>&nbsp;(<em>Midlertidigt utilg\u00e6ngelig<\/em>)<br>En udbredt betalingsmetode i Tyskland og andre europ\u00e6iske lande. I \u00f8jeblikket midlertidigt utilg\u00e6ngelig.<\/li>\n\n\n\n<li><strong>Bancontact<\/strong>&nbsp;(<em>Midlertidigt utilg\u00e6ngelig<\/em>)<br>Den mest anvendte betalingsmetode i Belgien. I \u00f8jeblikket midlertidigt utilg\u00e6ngelig.<\/li>\n\n\n\n<li><strong>Kreditkort (VISA \/ MasterCard) (via Cointopay)<\/strong><br>Betal med dit VISA eller MasterCard via betalingsudbyderen Cointopay.<\/li>\n\n\n\n<li><strong>Manuel overf\u00f8rsel<\/strong><br>Overf\u00f8r bel\u00f8bet manuelt til vores bankkonto i Holland. Dette er en god mulighed, hvis du foretr\u00e6kker en traditionel bankoverf\u00f8rsel.<\/li>\n\n\n\n<li><strong>Betal med krypto<\/strong><br>Betal med kryptovaluta for en hurtig og sikker transaktion.<\/li>\n<\/ul>\n\n\n\n<p><br><strong>Konklusion:<\/strong><\/p>\n\n\n\n<ul class=\"wp-block-list\">\n<li>\n<ul class=\"wp-block-list\">\n<li><\/li>\n<\/ul>\n<\/li>\n<\/ul>","protected":false},"excerpt":{"rendered":"<p>Betalen bij globalsourcechemicals.com doe je snel en veilig.Bij globalsourcechemicals.com kun je eenvoudig en veilig betalen. We bieden verschillende betaalmethodes aan,<\/p>","protected":false},"author":1,"featured_media":0,"parent":0,"menu_order":0,"comment_status":"closed","ping_status":"closed","template":"","meta":{"footnotes":""},"class_list":["post-27212","page","type-page","status-publish","hentry"],"_links":{"self":[{"href":"https:\/\/globalsourcechemicals.com\/da\/wp-json\/wp\/v2\/pages\/27212","targetHints":{"allow":["GET"]}}],"collection":[{"href":"https:\/\/globalsourcechemicals.com\/da\/wp-json\/wp\/v2\/pages"}],"about":[{"href":"https:\/\/globalsourcechemicals.com\/da\/wp-json\/wp\/v2\/types\/page"}],"author":[{"embeddable":true,"href":"https:\/\/globalsourcechemicals.com\/da\/wp-json\/wp\/v2\/users\/1"}],"replies":[{"embeddable":true,"href":"https:\/\/globalsourcechemicals.com\/da\/wp-json\/wp\/v2\/comments?post=27212"}],"version-history":[{"count":3,"href":"https:\/\/globalsourcechemicals.com\/da\/wp-json\/wp\/v2\/pages\/27212\/revisions"}],"predecessor-version":[{"id":28531,"href":"https:\/\/globalsourcechemicals.com\/da\/wp-json\/wp\/v2\/pages\/27212\/revisions\/28531"}],"wp:attachment":[{"href":"https:\/\/globalsourcechemicals.com\/da\/wp-json\/wp\/v2\/media?parent=27212"}],"curies":[{"name":"wp","href":"https:\/\/api.w.org\/{rel}","templated":true}]}}