{"id":24912,"date":"2025-04-13T17:43:41","date_gmt":"2025-04-13T17:43:41","guid":{"rendered":"https:\/\/globalsourcechemicals.com\/?post_type=product&#038;p=24912"},"modified":"2025-10-02T15:08:01","modified_gmt":"2025-10-02T15:08:01","slug":"cbd-25mg-pelety","status":"publish","type":"product","link":"https:\/\/globalsourcechemicals.com\/cs\/nakupovat\/cbd\/cbd-25mg-pelety\/","title":{"rendered":"CBD 25mg pelety"},"content":{"rendered":"<h2>CBD pelety 25 mg<\/h2>\n<p>CBD pelety jsou l\u00e1tka, kter\u00e1 se prod\u00e1v\u00e1 pouze pro v\u00fdzkumn\u00e9 \u00fa\u010dely, a proto nen\u00ed ur\u010dena ke konzumaci.<\/p>\n<p>CBD si p\u0159i skladov\u00e1n\u00ed zachov\u00e1v\u00e1 stabilitu a\u017e 2 roky <a href=\"http:\/\/google.nl\" target=\"_blank\" rel=\"noopener\">v<\/a> je udr\u017eov\u00e1no spr\u00e1vn\u00e9 prost\u0159ed\u00ed. CBD je ur\u010deno pro v\u00fdzkumn\u00e9 \u00fa\u010dely, nikoli ke konzumaci. Proto je d\u016fle\u017eit\u00e9, aby byl produkt uchov\u00e1v\u00e1n mimo dosah d\u011bt\u00ed a dom\u00e1c\u00edch zv\u00ed\u0159at.<a title=\"Um\u011bleck\u00e9 blottery 1cP-LSD 150 MCG\" href=\"https:\/\/globalsourcechemicals.com\/cs\/nakupovat\/lysergamidy\/1-cp-lsd-150-mcg-pelety\/\" target=\"_blank\" rel=\"noopener\">Um\u011bleck\u00e9 blottery 1cP-LSD 150 MCG<\/a><\/p>\n<p>Nab\u00edz\u00edme kvalitn\u00ed v\u00fdzkumn\u00e9 chemik\u00e1lie za f\u00e9rovou cenu. Va\u0161e objedn\u00e1vka bude expedov\u00e1na do 24 hodin ka\u017ed\u00fd den. Proto objedn\u00e1vejte <em>CBD<\/em> bezpe\u010dn\u011b a rychle p\u0159es str.<a title=\"O-DSMT 50 mg pelety\" href=\"https:\/\/globalsourcechemicals.com\/cs\/nakupovat\/pelety-2\/o-dsmt-50mg-pelety\/\" target=\"_blank\" rel=\"noopener\">O-DSMT 50 mg pelety<\/a><\/p>\n<h3>Vlastnosti CBD<\/h3>\n<p><strong>Synonymum:<\/strong> Cannabidiol<br \/>\n<strong>\u010c\u00edslo CAS:<\/strong> nelze pou\u017e\u00edt<br \/>\n<strong>Vzorec:<\/strong> C<sub>21<\/sub>H<sub>30<\/sub>\u00d3<sub>2<\/sub><br \/>\n<strong>Mol\u00e1rn\u00ed hmotnost:<\/strong> nelze pou\u017e\u00edt<br \/>\n<strong>\u010cistota:<\/strong> &gt;98%<\/p>\n<h3>Prohl\u00e1\u0161en\u00ed o nebezpe\u010dnosti<\/h3>\n<p>CBD m\u016f\u017ee zp\u016fsobit podr\u00e1\u017ed\u011bn\u00ed d\u00fdchac\u00edch cest<br \/>\nCBD m\u016f\u017ee zp\u016fsobit podr\u00e1\u017ed\u011bn\u00ed o\u010d\u00ed.<br \/>\nVypou\u0161t\u011bn\u00ed v\u00fdzkumn\u00fdch chemik\u00e1li\u00ed do \u017eivotn\u00edho prost\u0159ed\u00ed je zak\u00e1z\u00e1no.<a title=\"2C-EF 2mg tobolky\" href=\"https:\/\/globalsourcechemicals.com\/cs\/nakupovat\/fenethylamin\/2c-ef-2mg-kapsle\/\" target=\"_blank\" rel=\"noopener\">2C-EF 2mg tobolky<\/a><\/p>\n<p>CBD P\u0158I KONTAKTU S O\u010cIMA: O\u010di jemn\u011b vyplachujte vodou po dobu p\u011bti minut. Pokud je to mo\u017en\u00e9, vyjm\u011bte kontaktn\u00ed \u010do\u010dky.<\/p>\n<p>CBD P\u0158I KONTAKTU S K\u016e\u017d\u00cd: Omyjte poko\u017eku m\u00fddlem a vodou.<a title=\"1V-LSD 150 MCG saje\" href=\"https:\/\/globalsourcechemicals.com\/cs\/nakupovat\/lysergamidy\/1v-lsd-150-mcg-blotters\/\" target=\"_blank\" rel=\"noopener\">1V-LSD 150 MCG saje<\/a><\/p>\n<p>PO NAD\u00ddCH\u00c1N\u00cd CBD: P\u0159eneste posti\u017een\u00e9ho na \u010derstv\u00fd vzduch a ulo\u017ete jej do polohy usnad\u0148uj\u00edc\u00ed d\u00fdch\u00e1n\u00ed.<a title=\"2-CMC 250 mg pelety\" href=\"https:\/\/globalsourcechemicals.com\/cs\/nakupovat\/katinony\/%f0%9f%92%a1-2-mmc-krystalicky-prasek-pro-vsechny-otazky-a-odpovedi-k-nakupu\/\" target=\"_blank\" rel=\"noopener\">2-CMC 250 mg pelety<\/a><\/p>","protected":false},"excerpt":{"rendered":"<h3>Vlastnosti CBD<\/h3>\n<p><strong>Synonymum:<\/strong> Cannabidiol<br \/>\n<strong>\u010c\u00edslo CAS:<\/strong> nelze pou\u017e\u00edt<br \/>\n<strong>Vzorec:<\/strong> C<sub>21<\/sub>H<sub>30<\/sub>\u00d3<sub>2<\/sub><br \/>\n<strong>Mol\u00e1rn\u00ed hmotnost:<\/strong> nelze pou\u017e\u00edt<br \/>\n<strong>\u010cistota:<\/strong> &gt;98%<\/p>","protected":false},"featured_media":27855,"comment_status":"closed","ping_status":"closed","template":"","meta":[],"product_brand":[82],"product_cat":[422,423,336,324],"product_tag":[735,736,737,732,733,734,326],"class_list":{"0":"post-24912","1":"product","2":"type-product","3":"status-publish","4":"has-post-thumbnail","6":"product_brand-research-chemical","7":"product_cat-cbd","8":"product_cat-cbd-pellets","9":"product_cat-overig","10":"product_cat-pellets-for-pellet","11":"product_tag-benefits-of-cbd-pellets-for-horses","12":"product_tag-best-cbd-pellets-for-horses","13":"product_tag-can-your-horse-test-positive-using-cbd-pellets","14":"product_tag-cbd-pellets","15":"product_tag-cbd-pellets-ervaringen","16":"product_tag-cbd-pellets-for-horses","17":"product_tag-nl","19":"first","20":"instock","21":"taxable","22":"shipping-taxable","23":"purchasable","24":"product-type-variable"},"_links":{"self":[{"href":"https:\/\/globalsourcechemicals.com\/cs\/wp-json\/wp\/v2\/product\/24912","targetHints":{"allow":["GET"]}}],"collection":[{"href":"https:\/\/globalsourcechemicals.com\/cs\/wp-json\/wp\/v2\/product"}],"about":[{"href":"https:\/\/globalsourcechemicals.com\/cs\/wp-json\/wp\/v2\/types\/product"}],"replies":[{"embeddable":true,"href":"https:\/\/globalsourcechemicals.com\/cs\/wp-json\/wp\/v2\/comments?post=24912"}],"version-history":[{"count":5,"href":"https:\/\/globalsourcechemicals.com\/cs\/wp-json\/wp\/v2\/product\/24912\/revisions"}],"predecessor-version":[{"id":25867,"href":"https:\/\/globalsourcechemicals.com\/cs\/wp-json\/wp\/v2\/product\/24912\/revisions\/25867"}],"wp:featuredmedia":[{"embeddable":true,"href":"https:\/\/globalsourcechemicals.com\/cs\/wp-json\/wp\/v2\/media\/27855"}],"wp:attachment":[{"href":"https:\/\/globalsourcechemicals.com\/cs\/wp-json\/wp\/v2\/media?parent=24912"}],"wp:term":[{"taxonomy":"product_brand","embeddable":true,"href":"https:\/\/globalsourcechemicals.com\/cs\/wp-json\/wp\/v2\/product_brand?post=24912"},{"taxonomy":"product_cat","embeddable":true,"href":"https:\/\/globalsourcechemicals.com\/cs\/wp-json\/wp\/v2\/product_cat?post=24912"},{"taxonomy":"product_tag","embeddable":true,"href":"https:\/\/globalsourcechemicals.com\/cs\/wp-json\/wp\/v2\/product_tag?post=24912"}],"curies":[{"name":"wp","href":"https:\/\/api.w.org\/{rel}","templated":true}]}}