{"id":24751,"date":"2025-04-13T17:42:59","date_gmt":"2025-04-13T17:42:59","guid":{"rendered":"https:\/\/globalsourcechemicals.com\/?post_type=product&#038;p=24751"},"modified":"2025-10-02T16:44:37","modified_gmt":"2025-10-02T16:44:37","slug":"5-mapb-50mg-pelet","status":"publish","type":"product","link":"https:\/\/globalsourcechemicals.com\/cs\/nakupovat\/5-map\/5-mapb-50mg-pelet\/","title":{"rendered":"5-MAPB 50 mg pelety"},"content":{"rendered":"<h3><strong><span dir=\"auto\" style=\"vertical-align: inherit;\"><span dir=\"auto\" style=\"vertical-align: inherit;\">5-MAPB 50mg pelety \u2013 v\u00fdzkumn\u00e1 chemik\u00e1lie s entaktogenn\u00edmi vlastnostmi<\/span><\/span><\/strong><\/h3>\n<h4><strong><span dir=\"auto\" style=\"vertical-align: inherit;\"><span dir=\"auto\" style=\"vertical-align: inherit;\">Co je 5-MAPB?<\/span><\/span><\/strong><\/h4>\n<p class=\"ds-markdown-paragraph\"><span dir=\"auto\" style=\"vertical-align: inherit;\"><span dir=\"auto\" style=\"vertical-align: inherit;\">5-MAPB, 5-MAPB (5-(2-methylaminopropyl)benzofuran) je v\u00fdzkumn\u00e1 chemik\u00e1lie ze t\u0159\u00eddy benzofuran\u016f, p\u0159\u00edbuzn\u00e1 slou\u010denin\u00e1m jako 6-APB a MDAI. Je zn\u00e1m\u00e1 pro sv\u00e9 <\/span><\/span><strong><span dir=\"auto\" style=\"vertical-align: inherit;\"><span dir=\"auto\" style=\"vertical-align: inherit;\">siln\u00e9 empatogenn\u00ed a m\u00edrn\u011b stimula\u010dn\u00ed \u00fa\u010dinky<\/span><\/span><\/strong><span dir=\"auto\" style=\"vertical-align: inherit;\"><span dir=\"auto\" style=\"vertical-align: inherit;\"> , co\u017e je pro n\u011bj zaj\u00edmav\u00e9\u00a0 <\/span><\/span><strong><span dir=\"auto\" style=\"vertical-align: inherit;\"><span dir=\"auto\" style=\"vertical-align: inherit;\">v\u00fdzkum<\/span><\/span><\/strong><span dir=\"auto\" style=\"vertical-align: inherit;\"><span dir=\"auto\" style=\"vertical-align: inherit;\"> \u00a0na serotonergn\u00edch syst\u00e9mech.<\/span><\/span><\/p>\n<p class=\"ds-markdown-paragraph\"><span dir=\"auto\" style=\"vertical-align: inherit;\"><span dir=\"auto\" style=\"vertical-align: inherit;\">N\u00e1\u0161\u00a0 <\/span><\/span><strong><span dir=\"auto\" style=\"vertical-align: inherit;\"><span dir=\"auto\" style=\"vertical-align: inherit;\">5-MAPB 50mg pelety<\/span><\/span><\/strong><span dir=\"auto\" style=\"vertical-align: inherit;\"><span dir=\"auto\" style=\"vertical-align: inherit;\"> \u00a0poskytnout\u00a0 <\/span><\/span><strong><span dir=\"auto\" style=\"vertical-align: inherit;\"><span dir=\"auto\" style=\"vertical-align: inherit;\">p\u0159esn\u00e9 a konzistentn\u00ed d\u00e1vkov\u00e1n\u00ed<\/span><\/span><\/strong><span dir=\"auto\" style=\"vertical-align: inherit;\"><span dir=\"auto\" style=\"vertical-align: inherit;\"> , ide\u00e1ln\u00ed pro kontrolovan\u00e9 farmakologick\u00e9 studie.<\/span><\/span><\/p>\n<hr \/>\n<h3><strong><span dir=\"auto\" style=\"vertical-align: inherit;\"><span dir=\"auto\" style=\"vertical-align: inherit;\">Vlastnosti produktu:<\/span><\/span><\/strong><\/h3>\n<p class=\"ds-markdown-paragraph\">\u2705\u00a0<strong><span dir=\"auto\" style=\"vertical-align: inherit;\"><span dir=\"auto\" style=\"vertical-align: inherit;\">Vysok\u00e1 \u010distota<\/span><\/span><\/strong><span dir=\"auto\" style=\"vertical-align: inherit;\"><span dir=\"auto\" style=\"vertical-align: inherit;\"> \u00a0\u2013 Optimalizov\u00e1no pro spolehliv\u00e9 v\u00fdsledky v\u00fdzkumu. <\/span><\/span><br \/>\n\u2705\u00a0<strong><span dir=\"auto\" style=\"vertical-align: inherit;\"><span dir=\"auto\" style=\"vertical-align: inherit;\">P\u0159esn\u00e9 d\u00e1vkov\u00e1n\u00ed<\/span><\/span><\/strong><span dir=\"auto\" style=\"vertical-align: inherit;\"><span dir=\"auto\" style=\"vertical-align: inherit;\"> \u00a0\u2013 Ka\u017ed\u00e1 peleta obsahuje p\u0159esn\u011b\u00a0 <\/span><\/span><strong><span dir=\"auto\" style=\"vertical-align: inherit;\"><span dir=\"auto\" style=\"vertical-align: inherit;\">50 mg 5-MAPB<\/span><\/span><\/strong><span dir=\"auto\" style=\"vertical-align: inherit;\"><span dir=\"auto\" style=\"vertical-align: inherit;\"> . <\/span><\/span><br \/>\n\u2705\u00a0<strong><span dir=\"auto\" style=\"vertical-align: inherit;\"><span dir=\"auto\" style=\"vertical-align: inherit;\">Vhodn\u00e9 pro v\u00fdzkum souvisej\u00edc\u00ed se serotoninem<\/span><\/span><\/strong><span dir=\"auto\" style=\"vertical-align: inherit;\"><span dir=\"auto\" style=\"vertical-align: inherit;\"> \u00a0\u2013 Potenci\u00e1ln\u00ed vyu\u017eit\u00ed v neurochemick\u00fdch studi\u00edch. <\/span><\/span><br \/>\n\u2705\u00a0<strong><span dir=\"auto\" style=\"vertical-align: inherit;\"><span dir=\"auto\" style=\"vertical-align: inherit;\">Stabiln\u00ed slo\u017een\u00ed<\/span><\/span><\/strong><span dir=\"auto\" style=\"vertical-align: inherit;\"><span dir=\"auto\" style=\"vertical-align: inherit;\"> \u00a0\u2013 Dlouh\u00e1 trvanlivost p\u0159i spr\u00e1vn\u00e9m skladov\u00e1n\u00ed.<\/span><\/span><\/p>\n<hr \/>\n<h3><strong><span dir=\"auto\" style=\"vertical-align: inherit;\"><span dir=\"auto\" style=\"vertical-align: inherit;\">Mo\u017en\u00e9 aplikace ve v\u00fdzkumu:<\/span><\/span><\/strong><\/h3>\n<ul>\n<li>\n<p class=\"ds-markdown-paragraph\"><strong><span dir=\"auto\" style=\"vertical-align: inherit;\"><span dir=\"auto\" style=\"vertical-align: inherit;\">Neurofarmakologie<\/span><\/span><\/strong><span dir=\"auto\" style=\"vertical-align: inherit;\"><span dir=\"auto\" style=\"vertical-align: inherit;\"> \u00a0\u2013 V\u00fdzkum uvol\u0148ov\u00e1n\u00ed a zp\u011btn\u00e9ho vychyt\u00e1v\u00e1n\u00ed serotoninu.<\/span><\/span><\/p>\n<\/li>\n<li>\n<p class=\"ds-markdown-paragraph\"><strong><span dir=\"auto\" style=\"vertical-align: inherit;\"><span dir=\"auto\" style=\"vertical-align: inherit;\">Behavior\u00e1ln\u00ed studie<\/span><\/span><\/strong><span dir=\"auto\" style=\"vertical-align: inherit;\"><span dir=\"auto\" style=\"vertical-align: inherit;\"> \u00a0\u2013 Vlivy na soci\u00e1ln\u00ed chov\u00e1n\u00ed a emo\u010dn\u00ed reakce.<\/span><\/span><\/p>\n<\/li>\n<li>\n<p class=\"ds-markdown-paragraph\"><strong><span dir=\"auto\" style=\"vertical-align: inherit;\"><span dir=\"auto\" style=\"vertical-align: inherit;\">Srovn\u00e1vac\u00ed anal\u00fdzy<\/span><\/span><\/strong><span dir=\"auto\" style=\"vertical-align: inherit;\"><span dir=\"auto\" style=\"vertical-align: inherit;\"> \u00a0\u2013 Hodnocen\u00ed oproti p\u0159\u00edbuzn\u00fdm slou\u010denin\u00e1m (nap\u0159. MDMA, 6-APB).<\/span><\/span><\/p>\n<\/li>\n<\/ul>\n<hr \/>\n<h3><strong><span dir=\"auto\" style=\"vertical-align: inherit;\"><span dir=\"auto\" style=\"vertical-align: inherit;\">Bezpe\u010dnostn\u00ed informace a pokyny k pou\u017eit\u00ed:<\/span><\/span><\/strong><\/h3>\n<p class=\"ds-markdown-paragraph\">\u26a0\u00a0<strong><span dir=\"auto\" style=\"vertical-align: inherit;\"><span dir=\"auto\" style=\"vertical-align: inherit;\">Pouze pro v\u00fdzkumn\u00e9 \u00fa\u010dely<\/span><\/span><\/strong><span dir=\"auto\" style=\"vertical-align: inherit;\"><span dir=\"auto\" style=\"vertical-align: inherit;\"> \u00a0\u2013 Nen\u00ed ur\u010deno k lidsk\u00e9 ani zv\u00ed\u0159ec\u00ed spot\u0159eb\u011b. <\/span><\/span><br \/>\n\u26a0\u00a0<strong><span dir=\"auto\" style=\"vertical-align: inherit;\"><span dir=\"auto\" style=\"vertical-align: inherit;\">Doporu\u010den\u00e9 d\u00e1vkov\u00e1n\u00ed pro v\u00fdzkum:<\/span><\/span><\/strong><\/p>\n<ul>\n<li>\n<p class=\"ds-markdown-paragraph\"><strong><span dir=\"auto\" style=\"vertical-align: inherit;\"><span dir=\"auto\" style=\"vertical-align: inherit;\">50 mg<\/span><\/span><\/strong><span dir=\"auto\" style=\"vertical-align: inherit;\"><span dir=\"auto\" style=\"vertical-align: inherit;\"> \u00a0je\u00a0 <\/span><\/span><strong><span dir=\"auto\" style=\"vertical-align: inherit;\"><span dir=\"auto\" style=\"vertical-align: inherit;\">st\u0159edn\u00ed d\u00e1vka<\/span><\/span><\/strong><span dir=\"auto\" style=\"vertical-align: inherit;\"><span dir=\"auto\" style=\"vertical-align: inherit;\"> \u00a0pro \u00favodn\u00ed vy\u0161et\u0159en\u00ed; lze zv\u00e1\u017eit ni\u017e\u0161\u00ed d\u00e1vky (20\u201330 mg).<\/span><\/span><\/p>\n<\/li>\n<li>\n<p class=\"ds-markdown-paragraph\"><strong><span dir=\"auto\" style=\"vertical-align: inherit;\"><span dir=\"auto\" style=\"vertical-align: inherit;\">Vyhn\u011bte se kombinaci<\/span><\/span><\/strong><span dir=\"auto\" style=\"vertical-align: inherit;\"><span dir=\"auto\" style=\"vertical-align: inherit;\"> \u00a0s inhibitory MAO, SSRI nebo jin\u00fdmi serotonergn\u00edmi l\u00e1tkami (riziko serotoninov\u00e9ho syndromu).<\/span><\/span><\/p>\n<\/li>\n<li>\n<p class=\"ds-markdown-paragraph\"><strong><span dir=\"auto\" style=\"vertical-align: inherit;\"><span dir=\"auto\" style=\"vertical-align: inherit;\">V\u017edy otestujte<\/span><\/span><\/strong><span dir=\"auto\" style=\"vertical-align: inherit;\"><span dir=\"auto\" style=\"vertical-align: inherit;\"> \u00a0\u2013 K ov\u011b\u0159en\u00ed \u010distoty pou\u017eijte reagen\u010dn\u00ed soupravy (Marquis, Mecke, Froehde). <\/span><\/span><br \/>\n\u26a0\u00a0<strong><span dir=\"auto\" style=\"vertical-align: inherit;\"><span dir=\"auto\" style=\"vertical-align: inherit;\">Rady pro skladov\u00e1n\u00ed<\/span><\/span><\/strong><span dir=\"auto\" style=\"vertical-align: inherit;\"><span dir=\"auto\" style=\"vertical-align: inherit;\"> \u00a0\u2013 Skladujte v\u00a0 <\/span><\/span><strong><span dir=\"auto\" style=\"vertical-align: inherit;\"><span dir=\"auto\" style=\"vertical-align: inherit;\">chladn\u00e9m a such\u00e9m m\u00edst\u011b<\/span><\/span><\/strong><span dir=\"auto\" style=\"vertical-align: inherit;\"><span dir=\"auto\" style=\"vertical-align: inherit;\"> , chr\u00e1n\u011bno p\u0159ed sv\u011btlem a vlhkost\u00ed.<\/span><\/span><\/p>\n<\/li>\n<\/ul>\n<hr \/>\n<h3><strong><span dir=\"auto\" style=\"vertical-align: inherit;\"><span dir=\"auto\" style=\"vertical-align: inherit;\">Pr\u00e1vn\u00ed status:<\/span><\/span><\/strong><\/h3>\n<ul>\n<li>\n<p class=\"ds-markdown-paragraph\"><span dir=\"auto\" style=\"vertical-align: inherit;\"><span dir=\"auto\" style=\"vertical-align: inherit;\">5-MAPB je klasifikov\u00e1n pod\u00a0 <\/span><\/span><strong><span dir=\"auto\" style=\"vertical-align: inherit;\"><span dir=\"auto\" style=\"vertical-align: inherit;\">Z\u00e1kon o opiu<\/span><\/span><\/strong><span dir=\"auto\" style=\"vertical-align: inherit;\"><span dir=\"auto\" style=\"vertical-align: inherit;\"> v n\u011bkter\u00fdch zem\u00edch (nap\u0159. v Nizozemsku jako NPS).<\/span><\/span><\/p>\n<\/li>\n<li>\n<p class=\"ds-markdown-paragraph\"><strong><span dir=\"auto\" style=\"vertical-align: inherit;\"><span dir=\"auto\" style=\"vertical-align: inherit;\">Nen\u00ed ur\u010deno k rekrea\u010dn\u00edmu pou\u017eit\u00ed<\/span><\/span><\/strong><span dir=\"auto\" style=\"vertical-align: inherit;\"><span dir=\"auto\" style=\"vertical-align: inherit;\"> \u00a0\u2013 Leg\u00e1ln\u00ed pouze pro autorizovan\u00e1 v\u00fdzkumn\u00e1 za\u0159\u00edzen\u00ed.<\/span><\/span><\/p>\n<\/li>\n<\/ul>\n<hr \/>\n<h3><strong><span dir=\"auto\" style=\"vertical-align: inherit;\"><span dir=\"auto\" style=\"vertical-align: inherit;\">Pro\u010d koupit na\u0161e pelety 5-MAPB?<\/span><\/span><\/strong><\/h3>\n<p class=\"ds-markdown-paragraph\">\ud83d\udd2c\u00a0<strong><span dir=\"auto\" style=\"vertical-align: inherit;\"><span dir=\"auto\" style=\"vertical-align: inherit;\">Zaji\u0161t\u011bn\u00ed kvality<\/span><\/span><\/strong><span dir=\"auto\" style=\"vertical-align: inherit;\"><span dir=\"auto\" style=\"vertical-align: inherit;\"> \u00a0\u2013 Pokro\u010dil\u00e1 anal\u00fdza (HPLC\/MS) pro stanoven\u00ed \u010distoty. <\/span><\/span><br \/>\n\ud83d\udce6\u00a0<strong><span dir=\"auto\" style=\"vertical-align: inherit;\"><span dir=\"auto\" style=\"vertical-align: inherit;\">Diskr\u00e9tn\u00ed a bezpe\u010dn\u00e9 doru\u010den\u00ed<\/span><\/span><\/strong><span dir=\"auto\" style=\"vertical-align: inherit;\"><span dir=\"auto\" style=\"vertical-align: inherit;\"> \u00a0\u2013 Mo\u017enost sledov\u00e1n\u00ed z\u00e1silky. <\/span><\/span><br \/>\n\ud83d\udcda\u00a0<strong><span dir=\"auto\" style=\"vertical-align: inherit;\"><span dir=\"auto\" style=\"vertical-align: inherit;\">V\u011bdeck\u00e1 podpora<\/span><\/span><\/strong><span dir=\"auto\" style=\"vertical-align: inherit;\"><span dir=\"auto\" style=\"vertical-align: inherit;\"> \u00a0\u2013 Bezpe\u010dnostn\u00ed list (MSDS) k dispozici na vy\u017e\u00e1d\u00e1n\u00ed.<\/span><\/span><\/p>\n<hr \/>\n<p class=\"ds-markdown-paragraph\"><strong><span dir=\"auto\" style=\"vertical-align: inherit;\"><span dir=\"auto\" style=\"vertical-align: inherit;\">D\u016fle\u017eit\u00e1 pozn\u00e1mka:<\/span><\/span><\/strong><br \/>\n<span dir=\"auto\" style=\"vertical-align: inherit;\"><span dir=\"auto\" style=\"vertical-align: inherit;\"> Tento produkt je\u00a0 <\/span><\/span><strong><span dir=\"auto\" style=\"vertical-align: inherit;\"><span dir=\"auto\" style=\"vertical-align: inherit;\">ur\u010deno pouze pro v\u011bdeck\u00fd v\u00fdzkum<\/span><\/span><\/strong><span dir=\"auto\" style=\"vertical-align: inherit;\"><span dir=\"auto\" style=\"vertical-align: inherit;\"> a ne pro soukrom\u00e9 experimentov\u00e1n\u00ed nebo konzumaci. <\/span><\/span><a href=\"https:\/\/globalsourcechemicals.com\/cs\/nakupovat\/iboga-ibogain\/kura-korene-ibogy\/\"><span dir=\"auto\" style=\"vertical-align: inherit;\"><span dir=\"auto\" style=\"vertical-align: inherit;\">K\u016fra ko\u0159ene ibogy<\/span><\/span><\/a><a href=\"https:\/\/globalsourcechemicals.com\/cs\/nakupovat\/iboga-ibogain\/koupit-ibogain-hydrochlorid-online\/\"><span dir=\"auto\" style=\"vertical-align: inherit;\"><span dir=\"auto\" style=\"vertical-align: inherit;\">koupit ibogain hydrochlorid online<\/span><\/span><\/a><a href=\"https:\/\/globalsourcechemicals.com\/cs\/nakupovat\/lysergamidy\/1cp-lsd-150-mcg-2\/\"><span dir=\"auto\" style=\"vertical-align: inherit;\"><span dir=\"auto\" style=\"vertical-align: inherit;\">1cp LSD <\/span><\/span><\/a><a href=\"https:\/\/globalsourcechemicals.com\/cs\/nakupovat\/pelety\/o-dsmt-50mg-pelety\/\"><span dir=\"auto\" style=\"vertical-align: inherit;\"><span dir=\"auto\" style=\"vertical-align: inherit;\">o-dsmt <\/span><\/span><\/a><a href=\"https:\/\/globalsourcechemicals.com\/cs\/nakupovat\/lysergamidy\/1v-lsd-150-mcg-pijavice\/\"><span dir=\"auto\" style=\"vertical-align: inherit;\"><span dir=\"auto\" style=\"vertical-align: inherit;\">1vlsd<\/span><\/span><\/a><\/p>","protected":false},"excerpt":{"rendered":"<p><strong><span dir=\"auto\" style=\"vertical-align: inherit;\"><span dir=\"auto\" style=\"vertical-align: inherit;\">5-MAPB 50 mg pelety<\/span><\/span><\/strong><\/p>\n<p><span dir=\"auto\" style=\"vertical-align: inherit;\"><span dir=\"auto\" style=\"vertical-align: inherit;\">Synonymum: 1-(benzofuran-5-yl)-N-methylpropan-2-amin <\/span><\/span><br \/>\n<strong><span dir=\"auto\" style=\"vertical-align: inherit;\"><span dir=\"auto\" style=\"vertical-align: inherit;\">\u010c\u00edslo CAS:<\/span><\/span><\/strong><span dir=\"auto\" style=\"vertical-align: inherit;\"><span dir=\"auto\" style=\"vertical-align: inherit;\"> \u00a01354631-77-8 <\/span><\/span><br \/>\n<strong><span dir=\"auto\" style=\"vertical-align: inherit;\"><span dir=\"auto\" style=\"vertical-align: inherit;\">Vzorec:<\/span><\/span><\/strong><span dir=\"auto\" style=\"vertical-align: inherit;\"><span dir=\"auto\" style=\"vertical-align: inherit;\"> C12H15NO <\/span><\/span><br \/>\n<strong><span dir=\"auto\" style=\"vertical-align: inherit;\"><span dir=\"auto\" style=\"vertical-align: inherit;\">Mol\u00e1rn\u00ed hmotnost:<\/span><\/span><\/strong><span dir=\"auto\" style=\"vertical-align: inherit;\"><span dir=\"auto\" style=\"vertical-align: inherit;\"> \u00a0189,25 g\/mol <\/span><\/span><br \/>\n<strong><span dir=\"auto\" style=\"vertical-align: inherit;\"><span dir=\"auto\" style=\"vertical-align: inherit;\">\u010cistota:<\/span><\/span><\/strong><span dir=\"auto\" style=\"vertical-align: inherit;\"><span dir=\"auto\" style=\"vertical-align: inherit;\"> \u00a0&gt;98%<\/span><\/span><\/p>","protected":false},"featured_media":27824,"comment_status":"closed","ping_status":"closed","template":"","meta":[],"product_brand":[82],"product_cat":[383,433,339,322,324],"product_tag":[109,637,112,326],"class_list":{"0":"post-24751","1":"product","2":"type-product","3":"status-publish","4":"has-post-thumbnail","6":"product_brand-research-chemical","7":"product_cat-5-mapb","8":"product_cat-5-mapb-pellets","9":"product_cat-benzofuran","10":"product_cat-bijna-verboden","11":"product_cat-pellets-for-pellet","12":"product_tag-5-mapb","13":"product_tag-5mapb","14":"product_tag-mapb","15":"product_tag-nl","17":"first","18":"instock","19":"taxable","20":"shipping-taxable","21":"purchasable","22":"product-type-variable"},"_links":{"self":[{"href":"https:\/\/globalsourcechemicals.com\/cs\/wp-json\/wp\/v2\/product\/24751","targetHints":{"allow":["GET"]}}],"collection":[{"href":"https:\/\/globalsourcechemicals.com\/cs\/wp-json\/wp\/v2\/product"}],"about":[{"href":"https:\/\/globalsourcechemicals.com\/cs\/wp-json\/wp\/v2\/types\/product"}],"replies":[{"embeddable":true,"href":"https:\/\/globalsourcechemicals.com\/cs\/wp-json\/wp\/v2\/comments?post=24751"}],"version-history":[{"count":5,"href":"https:\/\/globalsourcechemicals.com\/cs\/wp-json\/wp\/v2\/product\/24751\/revisions"}],"predecessor-version":[{"id":27985,"href":"https:\/\/globalsourcechemicals.com\/cs\/wp-json\/wp\/v2\/product\/24751\/revisions\/27985"}],"wp:featuredmedia":[{"embeddable":true,"href":"https:\/\/globalsourcechemicals.com\/cs\/wp-json\/wp\/v2\/media\/27824"}],"wp:attachment":[{"href":"https:\/\/globalsourcechemicals.com\/cs\/wp-json\/wp\/v2\/media?parent=24751"}],"wp:term":[{"taxonomy":"product_brand","embeddable":true,"href":"https:\/\/globalsourcechemicals.com\/cs\/wp-json\/wp\/v2\/product_brand?post=24751"},{"taxonomy":"product_cat","embeddable":true,"href":"https:\/\/globalsourcechemicals.com\/cs\/wp-json\/wp\/v2\/product_cat?post=24751"},{"taxonomy":"product_tag","embeddable":true,"href":"https:\/\/globalsourcechemicals.com\/cs\/wp-json\/wp\/v2\/product_tag?post=24751"}],"curies":[{"name":"wp","href":"https:\/\/api.w.org\/{rel}","templated":true}]}}