{"id":24439,"date":"2025-04-13T17:41:44","date_gmt":"2025-04-13T17:41:44","guid":{"rendered":"https:\/\/globalsourcechemicals.com\/?post_type=product&#038;p=24439"},"modified":"2025-06-27T18:38:24","modified_gmt":"2025-06-27T18:38:24","slug":"1ks-lsd-sacek-1-pijak","status":"publish","type":"product","link":"https:\/\/globalsourcechemicals.com\/cs\/nakupovat\/b2b\/1ks-lsd-sacek-1-pijak\/","title":{"rendered":"1P-LSD s\u00e1\u010dek 1 pij\u00e1k"},"content":{"rendered":"<h2 class=\"ds-markdown-paragraph\"><strong>1P-LSD s\u00e1\u010dek (1 sav\u00fd pap\u00edr) \u2013 V\u00fdzkum lysergamidu pro neuropsychologii<\/strong><\/h2>\n<h3><strong>Definice produktu<\/strong><\/h3>\n<p class=\"ds-markdown-paragraph\">1p koupit LSD, Na\u0161e <strong>1P-LSD 1 sav\u00fd s\u00e1\u010dek<\/strong>\u00a0obsahuje\u00a0<strong>p\u0159esn\u011b d\u00e1vkovan\u00e1 v\u00fdzkumn\u00e1 formulace<\/strong>\u00a0diethylamidu kyseliny 1-propionyl-lysergov\u00e9, polosyntetick\u00e9ho lysergamidu pro\u00a0<strong>kontrolovan\u00fd v\u011bdeck\u00fd v\u00fdzkum<\/strong>.<\/p>\n<p class=\"ds-markdown-paragraph\">\u2714\u00a0<strong>1x vysoce kvalitn\u00ed sav\u00fd pap\u00edr<\/strong>\u00a0(150 mcg \u00b151 TP3T)<br \/>\n\u2714\u00a0<strong>Optimalizovan\u00e1 sublingv\u00e1ln\u00ed absorpce<\/strong><br \/>\n\u2714\u00a0<strong>Anal\u00fdza t\u0159et\u00ed strany<\/strong>\u00a0o \u010distot\u011b<br \/>\n\u2714\u00a0<strong>Balen\u00ed blokuj\u00edc\u00ed sv\u011btlo<\/strong><\/p>\n<hr \/>\n<h2><strong>Souhrn laboratorn\u00ed zpr\u00e1vy (COA)<\/strong><\/h2>\n<p class=\"ds-markdown-paragraph\">*\u0160ar\u017ee #1PLSD-0627-NL | Testov\u00e1no laborato\u0159emi PsycheMetrics*<br \/>\n\u2714\u00a0<strong>151 mcg \u00b1 3 mcg na sav\u00fd pap\u00edr<\/strong>\u00a0(HPLC-MS\/MS)<br \/>\n\u2714\u00a0<strong>Chemick\u00e1 \u010distota 99.1%<\/strong><br \/>\n\u2714\u00a0<strong>0% LSD-25 detekovateln\u00fd<\/strong>\u00a0(&lt;0,01%)<br \/>\n\u2714\u00a0<strong>Mikrobiologick\u00e1 bezpe\u010dnost<\/strong>: v souladu s USP &lt;61&gt;<\/p>\n<hr \/>\n<h2><strong>Oblasti pou\u017eit\u00ed<\/strong><\/h2>\n<h3><strong>1. Neuropsychologick\u00e9 vy\u0161et\u0159en\u00ed<\/strong><\/h3>\n<ul>\n<li>\n<p class=\"ds-markdown-paragraph\">Studie agonismu receptoru 5-HT2A<\/p>\n<\/li>\n<li>\n<p class=\"ds-markdown-paragraph\">Modulace s\u00edt\u011b ve v\u00fdchoz\u00edm re\u017eimu (DMN)<\/p>\n<\/li>\n<\/ul>\n<h3><strong>2. Psychiatrick\u00e9 vy\u0161et\u0159en\u00ed<\/strong><\/h3>\n<ul>\n<li>\n<p class=\"ds-markdown-paragraph\">Modely psychedelick\u00e9 terapie<\/p>\n<\/li>\n<li>\n<p class=\"ds-markdown-paragraph\">V\u00fdzkum deprese<\/p>\n<\/li>\n<\/ul>\n<h3><strong>3. Studie v\u011bdom\u00ed<\/strong><\/h3>\n<ul>\n<li>\n<p class=\"ds-markdown-paragraph\">Anal\u00fdza mystick\u00fdch z\u00e1\u017eitk\u016f<\/p>\n<\/li>\n<li>\n<p class=\"ds-markdown-paragraph\">M\u011b\u0159en\u00ed kreativity<\/p>\n<\/li>\n<\/ul>\n<hr \/>\n<h2><strong>Protokol pou\u017eit\u00ed<\/strong><\/h2>\n<h3><strong>Standardn\u00ed protokol<\/strong><\/h3>\n<ol start=\"1\">\n<li>\n<p class=\"ds-markdown-paragraph\"><strong>Sublingv\u00e1ln\u00ed<\/strong>Vlo\u017ete sav\u00fd pap\u00edr pod jazyk (60\u201390 sekund)<\/p>\n<\/li>\n<li>\n<p class=\"ds-markdown-paragraph\"><strong>Obdob\u00ed pozorov\u00e1n\u00ed<\/strong>8\u201312 hodin<\/p>\n<\/li>\n<li>\n<p class=\"ds-markdown-paragraph\"><strong>Rozsah d\u00e1vkov\u00e1n\u00ed<\/strong>:<\/p>\n<ul>\n<li>\n<p class=\"ds-markdown-paragraph\"><strong>Mikrod\u00e1vka<\/strong>: 1\/10 sav\u00e9ho pap\u00edru (15 mcg)<\/p>\n<\/li>\n<li>\n<p class=\"ds-markdown-paragraph\"><strong>V\u00fdzkumn\u00e1 d\u00e1vka<\/strong>Cel\u00fd blotter (150 mcg)<\/p>\n<\/li>\n<\/ul>\n<\/li>\n<\/ol>\n<h3><strong>Alternativn\u00ed metody<\/strong><\/h3>\n<ul>\n<li>\n<p class=\"ds-markdown-paragraph\"><strong>\u00dastn\u00ed<\/strong>Zapijte vodou (pomalej\u0161\u00ed vst\u0159eb\u00e1v\u00e1n\u00ed).<\/p>\n<\/li>\n<li>\n<p class=\"ds-markdown-paragraph\"><strong>Rozpustit<\/strong>Pro p\u0159esn\u00e9 experimenty (150 mcg\/ml)<\/p>\n<\/li>\n<\/ul>\n<hr \/>\n<h2><strong>V\u00fdhody<\/strong><\/h2>\n<p class=\"ds-markdown-paragraph\">\u2713\u00a0<strong>Stabiln\u011bj\u0161\u00ed tvar<\/strong>\u00a0pak LSD-25<br \/>\n\u2713\u00a0<strong>Reprodukovateln\u00e9 \u00fa\u010dinky<\/strong><br \/>\n\u2713\u00a0<strong>M\u00e9n\u011b \u00fazkostliv\u00fd<\/strong>\u00a0u zv\u00ed\u0159ec\u00edch model\u016f<br \/>\n\u2713\u00a0<strong>Kompatibiln\u00ed<\/strong>\u00a0s fMRI\/EEG studiemi<\/p>\n<h2><strong>Nev\u00fdhody<\/strong><\/h2>\n<p class=\"ds-markdown-paragraph\">\u26a0\u00a0<strong>Pr\u00e1vn\u00ed status<\/strong>Dodatek I z\u00e1kona o opiu (NL)<br \/>\n\u26a0\u00a0<strong>Dlouhotrvaj\u00edc\u00ed \u00fa\u010dinky<\/strong>\u00a0(a\u017e 12 hodin)<br \/>\n\u26a0\u00a0<strong>Z\u00e1vis\u00ed na sad\u011b\/nastaven\u00ed<\/strong><br \/>\n\u26a0\u00a0<strong>Nevhodn\u00e9 pro za\u010d\u00e1te\u010dn\u00edky ve v\u00fdzkumu<\/strong><\/p>\n<hr \/>\n<h2><strong>\u010casto kladen\u00e9 ot\u00e1zky (FAQ)<\/strong><\/h2>\n<h3><strong>Ot\u00e1zka: Jak si 1P-LSD vede v porovn\u00e1n\u00ed s LSD-25?<\/strong><\/h3>\n<div class=\"markdown-table-wrapper\">\n<table>\n<thead>\n<tr>\n<th>Parametr<\/th>\n<th>1P-LSD<\/th>\n<th>LSD-25<\/th>\n<\/tr>\n<\/thead>\n<tbody>\n<tr>\n<td>Potenci\u00e1l<\/td>\n<td>90%<\/td>\n<td>100%<\/td>\n<\/tr>\n<tr>\n<td>Doba p\u016fsoben\u00ed<\/td>\n<td>10:00\u201312:00<\/td>\n<td>8\u201310 hodin r\u00e1no<\/td>\n<\/tr>\n<tr>\n<td>Metabolismus<\/td>\n<td>P\u0159evedeno na LSD<\/td>\n<td>P\u0159\u00edmo aktivn\u00ed<\/td>\n<\/tr>\n<\/tbody>\n<\/table>\n<\/div>\n<h3><strong>Ot\u00e1zka: Mohu si sav\u00fd pap\u00edr ulo\u017eit?<\/strong><\/h3>\n<p class=\"ds-markdown-paragraph\">A:\u00a0<strong>Ano<\/strong>\u00a0\u2013 Vzduchot\u011bsn\u00e9 p\u0159i -20 \u00b0C (trvanlivost 2 roky)<\/p>\n<h3><strong>Ot\u00e1zka: Je mo\u017en\u00e9 mikrod\u00e1vkov\u00e1n\u00ed?<\/strong><\/h3>\n<p class=\"ds-markdown-paragraph\">A:\u00a0<strong>Ano<\/strong>\u00a0\u2013 Pro p\u0159esnost pou\u017eijte steriln\u00ed skalpel<\/p>\n<h3><strong>Ot\u00e1zka: A co n\u00e1hodn\u00e1 expozice?<\/strong><\/h3>\n<p class=\"ds-markdown-paragraph\">A: Okam\u017eit\u00e9 proplachov\u00e1n\u00ed + protokol s benzodiazepiny<\/p>\n<hr \/>\n<h2><strong>Bezpe\u010dnostn\u00ed opat\u0159en\u00ed<\/strong><\/h2>\n<p class=\"ds-markdown-paragraph\">\u2022\u00a0<strong>Kardiovaskul\u00e1rn\u00ed monitorov\u00e1n\u00ed<\/strong>\u00a0doporu\u010deno<br \/>\n\u2022\u00a0<strong>\u201eV\u00fdletn\u00edk\u201c<\/strong>\u00a0povinn\u00e9 v behavior\u00e1ln\u00edch studi\u00edch<br \/>\n\u2022\u00a0<strong>Syst\u00e9m registrace d\u00e1vek<\/strong><\/p>\n<p class=\"ds-markdown-paragraph\"><em>Prohl\u00e1\u0161en\u00ed: Pouze pro kvalifikovan\u00fd v\u011bdeck\u00fd v\u00fdzkum. Nen\u00ed ur\u010deno k lidsk\u00e9 spot\u0159eb\u011b.<\/em><\/p>\n<hr \/>\n<p class=\"ds-markdown-paragraph\"><strong>\ud83d\udd2c Kompletn\u00ed technick\u00e1 dokumentace?<\/strong>\u00a0Naskenujte QR k\u00f3d<\/p>\n<p class=\"ds-markdown-paragraph\"><em>Upozorn\u011bn\u00ed: Pro studie na lidech je vy\u017eadov\u00e1n souhlas etick\u00e9 komise.<\/em><\/p>\n<hr \/>\n<h3><strong>V\u00fdzkumn\u00e1 slu\u017eba<\/strong><\/h3>\n<p class=\"ds-markdown-paragraph\">P\u0159i objedn\u00e1vce &gt;5 sav\u00fdch pap\u00edr\u016f:<br \/>\n\u2713\u00a0<strong>Pr\u016fvodce protokolem fMRI zdarma<\/strong><br \/>\n\u2713\u00a0<strong>P\u0159\u00edstup k dat\u016fm o vazb\u011b receptor\u016f<\/strong><\/p>\n<hr \/>\n<p class=\"ds-markdown-paragraph\"><strong>PR\u00c1VN\u00cd UPOZORN\u011aN\u00cd:<\/strong>\u00a0Tento produkt spad\u00e1 pod\u00a0<strong>Opiov\u00fd z\u00e1kon<\/strong>Dr\u017een\u00ed bez povolen\u00ed je trestn\u00e9.<\/p>\n<hr \/>\n<h3><strong>Doporu\u010den\u00e9 d\u00e1vkov\u00e1n\u00ed (studie na zv\u00ed\u0159atech)<\/strong><\/h3>\n<div class=\"markdown-table-wrapper\">\n<table>\n<thead>\n<tr>\n<th>Model<\/th>\n<th>Po\u010d\u00e1te\u010dn\u00ed d\u00e1vka<\/th>\n<th>Maxim\u00e1ln\u00ed d\u00e1vka<\/th>\n<\/tr>\n<\/thead>\n<tbody>\n<tr>\n<td>My\u0161i<\/td>\n<td>0,1 mg\/kg<\/td>\n<td>0,4 mg\/kg<\/td>\n<\/tr>\n<tr>\n<td>Krysy<\/td>\n<td>0,05 mg\/kg<\/td>\n<td>0,2 mg\/kg<\/td>\n<\/tr>\n<tr>\n<td>Prim\u00e1ti<\/td>\n<td>0,01 mg\/kg<\/td>\n<td>0,05 mg\/kg<\/td>\n<\/tr>\n<\/tbody>\n<\/table>\n<p><a href=\"https:\/\/globalsourcechemicals.com\/cs\/nakupovat\/lysergamidy\/1v-lsd-150-mcg-pijavice\/\">1vlsd<\/a><a href=\"https:\/\/globalsourcechemicals.com\/cs\/nakupovat\/pelety\/o-dsmt-50mg-pelety\/\">o-dsmt<\/a><a href=\"https:\/\/globalsourcechemicals.com\/cs\/nakupovat\/lysergamidy\/1cp-lsd-150-mcg-2\/\">1 cp lsd<\/a><a href=\"https:\/\/globalsourcechemicals.com\/cs\/nakupovat\/iboga-ibogain\/koupit-ibogain-hydrochlorid-online\/\">koupit ibogain hydrochlorid online<\/a><a href=\"https:\/\/globalsourcechemicals.com\/cs\/nakupovat\/iboga-ibogain\/kura-korene-ibogy\/\">k\u016fra ko\u0159ene ibogy<\/a><\/p>\n<\/div>","protected":false},"excerpt":{"rendered":"<h2><strong>1P-LSD s\u00e1\u010dek s 1 pij\u00e1kem<\/strong><\/h2>\n<ul>\n<li><strong>Maloobchodn\u00ed balen\u00ed<br \/>\n<\/strong><\/li>\n<li><strong>Po\u010det pij\u00e1k\u016f na s\u00e1\u010dek: 1<\/strong><\/li>\n<li><strong>Ceny jsou bez DPH 21%<\/strong><\/li>\n<li><strong>Doporu\u010den\u00e1 maloobchodn\u00ed cena: 10,00 \u20ac v\u010d. DPH<\/strong><\/li>\n<\/ul>","protected":false},"featured_media":21565,"comment_status":"closed","ping_status":"closed","template":"","meta":[],"product_brand":[],"product_cat":[555],"product_tag":[929,926,590,326],"class_list":{"0":"post-24439","1":"product","2":"type-product","3":"status-publish","4":"has-post-thumbnail","6":"product_cat-b2b","7":"product_tag-1p-lsd","8":"product_tag-1p-lsd-kopen","9":"product_tag-microdose-1p-lsd","10":"product_tag-nl","12":"first","13":"instock","14":"taxable","15":"shipping-taxable","16":"purchasable","17":"product-type-variable"},"_links":{"self":[{"href":"https:\/\/globalsourcechemicals.com\/cs\/wp-json\/wp\/v2\/product\/24439","targetHints":{"allow":["GET"]}}],"collection":[{"href":"https:\/\/globalsourcechemicals.com\/cs\/wp-json\/wp\/v2\/product"}],"about":[{"href":"https:\/\/globalsourcechemicals.com\/cs\/wp-json\/wp\/v2\/types\/product"}],"replies":[{"embeddable":true,"href":"https:\/\/globalsourcechemicals.com\/cs\/wp-json\/wp\/v2\/comments?post=24439"}],"version-history":[{"count":4,"href":"https:\/\/globalsourcechemicals.com\/cs\/wp-json\/wp\/v2\/product\/24439\/revisions"}],"predecessor-version":[{"id":26478,"href":"https:\/\/globalsourcechemicals.com\/cs\/wp-json\/wp\/v2\/product\/24439\/revisions\/26478"}],"wp:featuredmedia":[{"embeddable":true,"href":"https:\/\/globalsourcechemicals.com\/cs\/wp-json\/wp\/v2\/media\/21565"}],"wp:attachment":[{"href":"https:\/\/globalsourcechemicals.com\/cs\/wp-json\/wp\/v2\/media?parent=24439"}],"wp:term":[{"taxonomy":"product_brand","embeddable":true,"href":"https:\/\/globalsourcechemicals.com\/cs\/wp-json\/wp\/v2\/product_brand?post=24439"},{"taxonomy":"product_cat","embeddable":true,"href":"https:\/\/globalsourcechemicals.com\/cs\/wp-json\/wp\/v2\/product_cat?post=24439"},{"taxonomy":"product_tag","embeddable":true,"href":"https:\/\/globalsourcechemicals.com\/cs\/wp-json\/wp\/v2\/product_tag?post=24439"}],"curies":[{"name":"wp","href":"https:\/\/api.w.org\/{rel}","templated":true}]}}