{"id":24371,"date":"2025-04-13T17:41:35","date_gmt":"2025-04-13T17:41:35","guid":{"rendered":"https:\/\/globalsourcechemicals.com\/?post_type=product&#038;p=24371"},"modified":"2025-06-28T07:03:40","modified_gmt":"2025-06-28T07:03:40","slug":"bk-2c","status":"publish","type":"product","link":"https:\/\/globalsourcechemicals.com\/cs\/nakupovat\/temer-zakazano\/bk-2c\/","title":{"rendered":"Beta-k-2C-B \u03b2k-2C-B 80mg pelety"},"content":{"rendered":"<h1><strong>Definice produktu: Beta-k-2C-B (\u03b2k-2C-B) 80mg pelety<\/strong><\/h1>\n<p>bk 2c<\/p>\n<p class=\"ds-markdown-paragraph\"><strong>Chemick\u00fd n\u00e1zev:<\/strong>\u00a0\u03b2k-2C-B (beta-keto-2C-B)<br \/>\n<strong>Alternativn\u00ed n\u00e1zvy:<\/strong>\u00a0\u03b2k-2C-B, Bk-2CB<br \/>\n<strong>Molekul\u00e1rn\u00ed vzorec:<\/strong>\u00a0C\u2081\u2082H\u2081\u2086NO\u2083<br \/>\n<strong>Molekulov\u00e1 hmotnost:<\/strong>\u00a0222,26 g\/mol<br \/>\n<strong>\u010c\u00edslo CAS:<\/strong>\u00a0N\/A (v\u00fdzkumn\u00e1 chemik\u00e1lie)<br \/>\n<strong>Formul\u00e1\u0159:<\/strong>\u00a0Mikrozapouzd\u0159en\u00e9 pelety pro \u0159\u00edzen\u00e9 uvol\u0148ov\u00e1n\u00ed<br \/>\n<strong>Vzhled:<\/strong>\u00a0Sv\u011btle zbarven\u00e9, kulat\u00e9 pelety (\u00b1 250 mg ka\u017ed\u00e1)<br \/>\n<strong>D\u00e1vkov\u00e1n\u00ed na peletu:<\/strong>\u00a080 mg \u03b2k-2C-B<\/p>\n<hr \/>\n<h2><strong>Popis a mechanismus \u00fa\u010dinku<\/strong><\/h2>\n<p class=\"ds-markdown-paragraph\">Beta-k-2C-B (\u03b2k-2C-B) je ketonov\u00fd analog zn\u00e1m\u00e9ho psychedelick\u00e9ho fenylethylaminu.\u00a0<strong>2C-B<\/strong>, s podobn\u00fdm, ale mo\u017en\u00e1 m\u00edrn\u011bj\u0161\u00edm profilem \u00fa\u010dink\u016f. Pat\u0159\u00ed mezi\u00a0<strong>Rodina 2C-x<\/strong>\u00a0a funguje hlavn\u011b jako\u00a0<strong>serotonergn\u00ed psychedelick\u00e9<\/strong>\u00a0s m\u00edrn\u011b stimuluj\u00edc\u00edmi vlastnostmi.<\/p>\n<h3><strong>Prim\u00e1rn\u00ed \u00fa\u010dinky:<\/strong><\/h3>\n<ul>\n<li>\n<p class=\"ds-markdown-paragraph\"><strong>Vizu\u00e1ln\u00ed a smyslov\u00e9 vylep\u0161en\u00ed<\/strong>\u00a0(m\u00e9n\u011b intenzivn\u00ed ne\u017e 2C-B)<\/p>\n<\/li>\n<li>\n<p class=\"ds-markdown-paragraph\"><strong>M\u00edrn\u00e1 euforie a emo\u010dn\u00ed otev\u0159enost<\/strong><\/p>\n<\/li>\n<li>\n<p class=\"ds-markdown-paragraph\"><strong>Zv\u00fd\u0161en\u00e1 kreativita a abstraktn\u00ed my\u0161len\u00ed<\/strong><\/p>\n<\/li>\n<li>\n<p class=\"ds-markdown-paragraph\"><strong>Fyzick\u00e1 energie bez nadm\u011brn\u00e9 stimulace<\/strong><\/p>\n<\/li>\n<\/ul>\n<hr \/>\n<h2><strong>Sc\u00e9n\u00e1\u0159e pou\u017eit\u00ed a aplikace<\/strong><\/h2>\n<h3><strong>1. Psychedelick\u00fd z\u00e1\u017eitek (rekrea\u010dn\u00ed a duchovn\u00ed)<\/strong><\/h3>\n<ul>\n<li>\n<p class=\"ds-markdown-paragraph\">Vhodn\u00e9 pro\u00a0<strong>za\u010d\u00e1te\u010dn\u00edci v psychedelik\u00e1ch<\/strong>\u00a0kv\u016fli jeho m\u00edrn\u011bj\u0161\u00ed povaze.<\/p>\n<\/li>\n<li>\n<p class=\"ds-markdown-paragraph\">Dobr\u00fd \u00favod do\u00a0<strong>sv\u011bteln\u00e9 vizu\u00e1ln\u00ed prvky a ment\u00e1ln\u00ed zkoum\u00e1n\u00ed<\/strong>.<\/p>\n<\/li>\n<\/ul>\n<h3><strong>2. Kreativn\u00ed a terapeutick\u00e9 kontexty<\/strong><\/h3>\n<ul>\n<li>\n<p class=\"ds-markdown-paragraph\">M\u016f\u017ee pomoci s\u00a0<strong>um\u011bleck\u00e9 procesy<\/strong>\u00a0a emocion\u00e1ln\u00ed reflexe.<\/p>\n<\/li>\n<li>\n<p class=\"ds-markdown-paragraph\">Mo\u017en\u00e1 u\u017eite\u010dn\u00e9 v\u00a0<strong>mikrod\u00e1vkov\u00e1n\u00ed s n\u00edzk\u00fdmi d\u00e1vkami<\/strong>\u00a0pro ment\u00e1ln\u00ed flexibilitu.<\/p>\n<\/li>\n<\/ul>\n<h3><strong>3. V\u00fdzkumn\u00e9 \u00fa\u010dely<\/strong><\/h3>\n<ul>\n<li>\n<p class=\"ds-markdown-paragraph\">Studie o\u00a0<strong>struktur\u00e1ln\u011b modifikovan\u00e9 psychedelika<\/strong>.<\/p>\n<\/li>\n<li>\n<p class=\"ds-markdown-paragraph\">V\u00fdzkum\u00a0<strong>rozd\u00edly mezi 2C-B a \u03b2k-2C-B<\/strong>.<\/p>\n<\/li>\n<\/ul>\n<hr \/>\n<h2><strong>V\u00fdhody pelet \u03b2k-2C-B 80 mg<\/strong><\/h2>\n<p class=\"ds-markdown-paragraph\">\u2705\u00a0<strong>M\u00edrn\u011bj\u0161\u00ed psychedelick\u00fd z\u00e1\u017eitek<\/strong>\u00a0\u2013 M\u00e9n\u011b n\u00e1ro\u010dn\u00e9 ne\u017e 2C-B, vhodn\u00e9 pro za\u010d\u00e1te\u010dn\u00edky.<br \/>\n\u2705\u00a0<strong>Del\u0161\u00ed v\u00fddr\u017e (~6-8 hodin)<\/strong>\u00a0\u2013 Dobr\u00e1 rovnov\u00e1ha mezi trv\u00e1n\u00edm a intenzitou.<br \/>\n\u2705\u00a0<strong>Kontrolovan\u00e9 d\u00e1vkov\u00e1n\u00ed<\/strong>\u00a0\u2013 Pelety sni\u017euj\u00ed riziko p\u0159ed\u00e1vkov\u00e1n\u00ed.<br \/>\n\u2705\u00a0<strong>M\u00e9n\u011b fyzick\u00e9ho nepohodl\u00ed<\/strong>\u00a0\u2013 Men\u0161\u00ed nevolnost\/z\u00e1t\u011b\u017e t\u011bla ne\u017e n\u011bkter\u00e9 jin\u00e9 psychedelika.<\/p>\n<hr \/>\n<h2><strong>Nev\u00fdhody a rizika<\/strong><\/h2>\n<p class=\"ds-markdown-paragraph\">\u274c\u00a0<strong>Omezen\u00e1 v\u00fdzkumn\u00e1 data<\/strong>\u00a0\u2013 O dlouhodob\u00fdch \u00fa\u010dinc\u00edch nebo toxicit\u011b je toho zn\u00e1mo jen m\u00e1lo.<br \/>\n\u274c\u00a0<strong>Mo\u017en\u00e9 ne\u017e\u00e1douc\u00ed \u00fa\u010dinky:<\/strong><\/p>\n<ul>\n<li>\n<p class=\"ds-markdown-paragraph\">M\u00edrn\u00e1 \u00fazkost nebo zmatenost (zejm\u00e9na p\u0159i vy\u0161\u0161\u00edch d\u00e1vk\u00e1ch)<\/p>\n<\/li>\n<li>\n<p class=\"ds-markdown-paragraph\">Zv\u00fd\u0161en\u00e1 tepov\u00e1 frekvence<\/p>\n<\/li>\n<li>\n<p class=\"ds-markdown-paragraph\">Do\u010dasn\u00e9 svalov\u00e9 nap\u011bt\u00ed<br \/>\n\u274c\u00a0<strong>Nen\u00ed leg\u00e1ln\u00ed ve v\u011bt\u0161in\u011b zem\u00ed<\/strong>\u00a0\u2013 M\u016f\u017ee spadat pod\u00a0<strong>Opiov\u00fd z\u00e1kon<\/strong>\u00a0v Nizozemsku.<\/p>\n<\/li>\n<\/ul>\n<hr \/>\n<h2><strong>Doporu\u010den\u00e9 d\u00e1vkov\u00e1n\u00ed a pou\u017eit\u00ed<\/strong><\/h2>\n<p class=\"ds-markdown-paragraph\">\u26a0\u00a0<strong>Varov\u00e1n\u00ed:<\/strong>\u00a0\u03b2k-2C-B je\u00a0<strong>nen\u00ed schv\u00e1len pro pou\u017eit\u00ed u lid\u00ed<\/strong>\u00a0a je ur\u010den pouze pro v\u00fdzkumn\u00e9 \u00fa\u010dely.<\/p>\n<div class=\"markdown-table-wrapper\">\n<table>\n<thead>\n<tr>\n<th>G\u00f3l<\/th>\n<th>D\u00e1vkov\u00e1n\u00ed<\/th>\n<th>Doba \u00fa\u010dinku<\/th>\n<\/tr>\n<\/thead>\n<tbody>\n<tr>\n<td><strong>Sv\u011bteln\u00e9 efekty<\/strong><\/td>\n<td>\u00bd pelety (~40 mg)<\/td>\n<td>4\u20136 hodin<\/td>\n<\/tr>\n<tr>\n<td><strong>Pr\u016fm\u011brn\u00e1 cesta<\/strong><\/td>\n<td>1 peleta (80 mg)<\/td>\n<td>6\u20138 hodin<\/td>\n<\/tr>\n<tr>\n<td><strong>Siln\u00e1 zku\u0161enost<\/strong><\/td>\n<td>1,5\u20132 pelety (120\u2013160 mg)<\/td>\n<td>8+ hodin (pouze pro zku\u0161en\u00e9 u\u017eivatele)<\/td>\n<\/tr>\n<\/tbody>\n<\/table>\n<\/div>\n<p class=\"ds-markdown-paragraph\"><strong>Zp\u016fsob pod\u00e1n\u00ed:<\/strong><\/p>\n<ul>\n<li>\n<p class=\"ds-markdown-paragraph\"><strong>Or\u00e1ln\u00ed (doporu\u010deno)<\/strong>\u00a0\u2013 Zapijte vodou, \u00fa\u010dinek nastupuje po ~60\u201390 minut\u00e1ch.<\/p>\n<\/li>\n<li>\n<p class=\"ds-markdown-paragraph\"><strong>Ne\u0161\u0148upat ani neaplikovat injek\u010dn\u011b<\/strong>\u00a0\u2013 Pelety nejsou vhodn\u00e9 pro jin\u00e9 zp\u016fsoby pod\u00e1v\u00e1n\u00ed.<\/p>\n<\/li>\n<\/ul>\n<p class=\"ds-markdown-paragraph\"><strong>Nastaven\u00ed a nastaven\u00ed:<\/strong><\/p>\n<ul>\n<li>\n<p class=\"ds-markdown-paragraph\">Pou\u017eit\u00ed v\u00a0<strong>bezpe\u010dn\u00e9, pohodln\u00e9 prost\u0159ed\u00ed<\/strong>.<\/p>\n<\/li>\n<li>\n<p class=\"ds-markdown-paragraph\">Nejl\u00e9pe s\u00a0<strong>hl\u00edda\u010d v\u00fdlet\u016f<\/strong>\u00a0pokud nem\u00e1te zku\u0161enosti.<\/p>\n<\/li>\n<\/ul>\n<hr \/>\n<h2><strong>\u010casto kladen\u00e9 ot\u00e1zky (FAQ)<\/strong><\/h2>\n<h3><strong>1. Je \u03b2k-2C-B tot\u00e9\u017e co 2C-B?<\/strong><\/h3>\n<ul>\n<li>\n<p class=\"ds-markdown-paragraph\">Ne, je to\u00a0<strong>konstruk\u010dn\u011b souvisej\u00edc\u00ed spojen\u00ed<\/strong>\u00a0s podobn\u00fdmi, ale m\u00edrn\u011bj\u0161\u00edmi \u00fa\u010dinky.<\/p>\n<\/li>\n<\/ul>\n<h3><strong>2. Je to v Nizozemsku leg\u00e1ln\u00ed?<\/strong><\/h3>\n<ul>\n<li>\n<p class=\"ds-markdown-paragraph\">Pravd\u011bpodobn\u011b\u00a0<strong>regulov\u00e1no z\u00e1konem o opiu<\/strong>\u00a0(kategorie pravd\u011bpodobn\u011b z\u00e1vis\u00ed na interpretaci).<\/p>\n<\/li>\n<\/ul>\n<h3><strong>3. Mohu kombinovat alkohol nebo jin\u00e9 drogy?<\/strong><\/h3>\n<ul>\n<li>\n<p class=\"ds-markdown-paragraph\"><strong>Nedoporu\u010duje se!<\/strong><\/p>\n<ul>\n<li>\n<p class=\"ds-markdown-paragraph\"><strong>Alkohol<\/strong>\u00a0\u2192 Zv\u00fd\u0161en\u00e1 nevolnost.<\/p>\n<\/li>\n<li>\n<p class=\"ds-markdown-paragraph\"><strong>Stimulanty<\/strong>\u00a0\u2192 Zv\u00fd\u0161en\u00e1 srde\u010dn\u00ed z\u00e1t\u011b\u017e.<\/p>\n<\/li>\n<li>\n<p class=\"ds-markdown-paragraph\"><strong>Inhibitory MAO<\/strong>\u00a0\u2192 Nebezpe\u010dn\u00e9 interakce.<\/p>\n<\/li>\n<\/ul>\n<\/li>\n<\/ul>\n<h3><strong>4. Jak\u00fd je pocit z \u03b2k-2C-B tripu?<\/strong><\/h3>\n<ul>\n<li>\n<p class=\"ds-markdown-paragraph\"><strong>Vizu\u00e1ln\u011b m\u00e9n\u011b intenzivn\u00ed ne\u017e 2C-B<\/strong>, ale s\u00a0<strong>m\u00edrn\u011b euforick\u00fd, empatick\u00fd \u00fa\u010dinek<\/strong>.<\/p>\n<\/li>\n<\/ul>\n<h3><strong>5. Bude to zji\u0161t\u011bno v testech na drogy?<\/strong><\/h3>\n<ul>\n<li>\n<p class=\"ds-markdown-paragraph\">Mo\u017en\u00e1 v z\u00e1vislosti na typu testu (standardn\u00ed testy se obvykle zam\u011b\u0159uj\u00ed na klasick\u00e9 psychedelika).<\/p>\n<\/li>\n<\/ul>\n<hr \/>\n<h2><strong>Laboratorn\u00ed protokol a kontrola kvality<\/strong><\/h2>\n<p class=\"ds-markdown-paragraph\"><strong>Anal\u00fdza standardn\u00ed \u0161ar\u017ee:<\/strong><\/p>\n<ul>\n<li>\n<p class=\"ds-markdown-paragraph\"><strong>\u010cistota:<\/strong>\u00a0\u226595% (HPLC)<\/p>\n<\/li>\n<li>\n<p class=\"ds-markdown-paragraph\"><strong>Kontaminanty:<\/strong>\u00a0&lt;2% (zbytkov\u00e1 rozpou\u0161t\u011bdla)<\/p>\n<\/li>\n<li>\n<p class=\"ds-markdown-paragraph\"><strong>Konzistence d\u00e1vkov\u00e1n\u00ed:<\/strong>\u00a0\u00b151 TP3T odchylka na peletu<\/p>\n<\/li>\n<\/ul>\n<p class=\"ds-markdown-paragraph\"><strong>Stabilita:<\/strong><\/p>\n<ul>\n<li>\n<p class=\"ds-markdown-paragraph\"><strong>Doba pou\u017eitelnosti:<\/strong>\u00a0Minim\u00e1ln\u00ed\u00a0<strong>24 m\u011bs\u00edc\u016f<\/strong>\u00a0p\u0159i pokojov\u00e9 teplot\u011b (skladujte na tmav\u00e9m a such\u00e9m m\u00edst\u011b).<\/p>\n<\/li>\n<\/ul>\n<hr \/>\n<h2><strong>Z\u00e1v\u011br a bezpe\u010dnostn\u00ed pokyny<\/strong><\/h2>\n<p class=\"ds-markdown-paragraph\">Beta-k-2C-B nab\u00edz\u00ed\u00a0<strong>m\u00edrn\u00e1 psychedelick\u00e1 alternativa<\/strong>\u00a0pro 2C-B, ale proto\u017ee\u00a0<strong>nezn\u00e1m\u00e1 rizika<\/strong>\u00a0doporu\u010duje se opatrnost.\u00a0<strong>Neu\u017e\u00edvejte, pokud trp\u00edte du\u0161evn\u00edm onemocn\u011bn\u00edm, srde\u010dn\u00edmi probl\u00e9my nebo v kombinaci s jin\u00fdmi l\u00e9ky.<\/strong><\/p>\n<p class=\"ds-markdown-paragraph\">\u26a0\u00a0<strong>PROHL\u00c1\u0160EN\u00cd:<\/strong>\u00a0Tento produkt je\u00a0<strong>pouze pro v\u00fdzkumn\u00e9 \u00fa\u010dely<\/strong> a nen\u00ed ur\u010deno k lidsk\u00e9 spot\u0159eb\u011b. <a href=\"https:\/\/globalsourcechemicals.com\/cs\/nakupovat\/lysergamidy\/1v-lsd-150-mcg-pijavice\/\">1vlsd<\/a><a href=\"https:\/\/globalsourcechemicals.com\/cs\/nakupovat\/pelety\/o-dsmt-50mg-pelety\/\">o-dsmt<\/a><a href=\"https:\/\/globalsourcechemicals.com\/cs\/nakupovat\/lysergamidy\/1cp-lsd-150-mcg-2\/\">1 cp lsd<\/a><a href=\"https:\/\/globalsourcechemicals.com\/cs\/nakupovat\/iboga-ibogain\/koupit-ibogain-hydrochlorid-online\/\">koupit ibogain hydrochlorid online<\/a><a href=\"https:\/\/globalsourcechemicals.com\/cs\/nakupovat\/iboga-ibogain\/kura-korene-ibogy\/\">k\u016fra ko\u0159ene ibogy<\/a><\/p>","protected":false},"excerpt":{"rendered":"<p>Definice produktu: Beta-k-2C-B (\u03b2k-2C-B) 80mg pelety bk 2c Chemick\u00fd n\u00e1zev: \u03b2k-2C-B (Beta-keto-2C-B) Alternativn\u00ed n\u00e1zvy: \u03b2k-2C-B, Bk-2CB Molekul\u00e1rn\u00ed vzorec: C\u2081\u2082H\u2081\u2086NO\u2083 Molekulov\u00e1 hmotnost: 222,26 g\/mol \u010c\u00edslo CAS: N\/A (v\u00fdzkumn\u00e1 chemik\u00e1lie)<\/p>","protected":false},"featured_media":21481,"comment_status":"closed","ping_status":"closed","template":"","meta":[],"product_brand":[],"product_cat":[322,405,469,80,324,398],"product_tag":[674,238,326],"class_list":{"0":"post-24371","1":"product","2":"type-product","3":"status-publish","4":"has-post-thumbnail","6":"product_cat-bijna-verboden","7":"product_cat-bk-2c-b","8":"product_cat-bk-2c-b-pellets","9":"product_cat-fenethylamine","10":"product_cat-pellets-for-pellet","11":"product_cat-verkoop","12":"product_tag-bk-2c","13":"product_tag-bk-2c-b","14":"product_tag-nl","16":"first","17":"instock","18":"sale","19":"taxable","20":"shipping-taxable","21":"purchasable","22":"product-type-variable"},"_links":{"self":[{"href":"https:\/\/globalsourcechemicals.com\/cs\/wp-json\/wp\/v2\/product\/24371","targetHints":{"allow":["GET"]}}],"collection":[{"href":"https:\/\/globalsourcechemicals.com\/cs\/wp-json\/wp\/v2\/product"}],"about":[{"href":"https:\/\/globalsourcechemicals.com\/cs\/wp-json\/wp\/v2\/types\/product"}],"replies":[{"embeddable":true,"href":"https:\/\/globalsourcechemicals.com\/cs\/wp-json\/wp\/v2\/comments?post=24371"}],"version-history":[{"count":5,"href":"https:\/\/globalsourcechemicals.com\/cs\/wp-json\/wp\/v2\/product\/24371\/revisions"}],"predecessor-version":[{"id":26500,"href":"https:\/\/globalsourcechemicals.com\/cs\/wp-json\/wp\/v2\/product\/24371\/revisions\/26500"}],"wp:featuredmedia":[{"embeddable":true,"href":"https:\/\/globalsourcechemicals.com\/cs\/wp-json\/wp\/v2\/media\/21481"}],"wp:attachment":[{"href":"https:\/\/globalsourcechemicals.com\/cs\/wp-json\/wp\/v2\/media?parent=24371"}],"wp:term":[{"taxonomy":"product_brand","embeddable":true,"href":"https:\/\/globalsourcechemicals.com\/cs\/wp-json\/wp\/v2\/product_brand?post=24371"},{"taxonomy":"product_cat","embeddable":true,"href":"https:\/\/globalsourcechemicals.com\/cs\/wp-json\/wp\/v2\/product_cat?post=24371"},{"taxonomy":"product_tag","embeddable":true,"href":"https:\/\/globalsourcechemicals.com\/cs\/wp-json\/wp\/v2\/product_tag?post=24371"}],"curies":[{"name":"wp","href":"https:\/\/api.w.org\/{rel}","templated":true}]}}