{"id":24140,"date":"2025-04-13T17:41:08","date_gmt":"2025-04-13T17:41:08","guid":{"rendered":"https:\/\/globalsourcechemicals.com\/?post_type=product&#038;p=24140"},"modified":"2025-04-20T18:25:09","modified_gmt":"2025-04-20T18:25:09","slug":"chemicka-mlha-4f-mph-10-sprej","status":"publish","type":"product","link":"https:\/\/globalsourcechemicals.com\/cs\/nakupovat\/b2b\/chemicka-mlha-4f-mph-10-sprej\/","title":{"rendered":"Chemick\u00e1 mlha 4F-MPH 10% sprej"},"content":{"rendered":"<h1>Chemick\u00e1 mlha 4F-MPH 10% 10 ML sprej<\/h1>\n<ul>\n<li><strong>Maloobchodn\u00ed balen\u00ed, <mark>4f mph<\/mark>,<br \/>\n<\/strong><\/li>\n<li><strong>Mno\u017estv\u00ed ml na jeden n\u00e1st\u0159ik: 10<\/strong><\/li>\n<li><strong>Mno\u017estv\u00ed 4F-MPH na n\u00e1st\u0159ik: 1gr<\/strong><\/li>\n<li><strong>Ceny jsou bez DPH 21%<\/strong><\/li>\n<li><strong>Doporu\u010den\u00e1 maloobchodn\u00ed cena: 44,95 \u20ac v\u010d. DPH<\/strong><\/li>\n<\/ul>","protected":false},"excerpt":{"rendered":"<p>Chem-mist 4F-MPH 10% 10 ML sprej Maloobchodn\u00ed balen\u00ed, 4f mph, Mno\u017estv\u00ed ml na sprej: 10 Mno\u017estv\u00ed 4F-MPH na sprej: 1gr Ceny<\/p>","protected":false},"featured_media":20679,"comment_status":"closed","ping_status":"closed","template":"","meta":[],"product_brand":[],"product_cat":[555],"product_tag":[571,326],"class_list":{"0":"post-24140","1":"product","2":"type-product","3":"status-publish","4":"has-post-thumbnail","6":"product_cat-b2b","7":"product_tag-4f-mph","8":"product_tag-nl","10":"first","11":"instock","12":"taxable","13":"shipping-taxable","14":"purchasable","15":"product-type-variable"},"_links":{"self":[{"href":"https:\/\/globalsourcechemicals.com\/cs\/wp-json\/wp\/v2\/product\/24140","targetHints":{"allow":["GET"]}}],"collection":[{"href":"https:\/\/globalsourcechemicals.com\/cs\/wp-json\/wp\/v2\/product"}],"about":[{"href":"https:\/\/globalsourcechemicals.com\/cs\/wp-json\/wp\/v2\/types\/product"}],"replies":[{"embeddable":true,"href":"https:\/\/globalsourcechemicals.com\/cs\/wp-json\/wp\/v2\/comments?post=24140"}],"version-history":[{"count":2,"href":"https:\/\/globalsourcechemicals.com\/cs\/wp-json\/wp\/v2\/product\/24140\/revisions"}],"predecessor-version":[{"id":25907,"href":"https:\/\/globalsourcechemicals.com\/cs\/wp-json\/wp\/v2\/product\/24140\/revisions\/25907"}],"wp:featuredmedia":[{"embeddable":true,"href":"https:\/\/globalsourcechemicals.com\/cs\/wp-json\/wp\/v2\/media\/20679"}],"wp:attachment":[{"href":"https:\/\/globalsourcechemicals.com\/cs\/wp-json\/wp\/v2\/media?parent=24140"}],"wp:term":[{"taxonomy":"product_brand","embeddable":true,"href":"https:\/\/globalsourcechemicals.com\/cs\/wp-json\/wp\/v2\/product_brand?post=24140"},{"taxonomy":"product_cat","embeddable":true,"href":"https:\/\/globalsourcechemicals.com\/cs\/wp-json\/wp\/v2\/product_cat?post=24140"},{"taxonomy":"product_tag","embeddable":true,"href":"https:\/\/globalsourcechemicals.com\/cs\/wp-json\/wp\/v2\/product_tag?post=24140"}],"curies":[{"name":"wp","href":"https:\/\/api.w.org\/{rel}","templated":true}]}}