{"id":24095,"date":"2025-04-13T17:41:03","date_gmt":"2025-04-13T17:41:03","guid":{"rendered":"https:\/\/globalsourcechemicals.com\/?post_type=product&#038;p=24095"},"modified":"2025-10-02T18:02:29","modified_gmt":"2025-10-02T18:02:29","slug":"1v-lsd-valerie-10mcg","status":"publish","type":"product","link":"https:\/\/globalsourcechemicals.com\/cs\/nakupovat\/1v-lsd\/1v-lsd-valerie-10mcg\/","title":{"rendered":"1V-LSD Valerie 10mcg mikro pelety"},"content":{"rendered":"<h1>1V LSD Valerie 10mcg mikro pelety \u2013 p\u0159esn\u00e1 d\u00e1vka pro v\u011bdom\u00e9 objevov\u00e1n\u00ed<\/h1>\n<p>Objevte nejnov\u011bj\u0161\u00ed inovace ve v\u00fdzkumn\u00fdch chemik\u00e1li\u00edch s <strong>1V-LSD Valerie 10mcg mikro pelety<\/strong> \u2013 pokro\u010dil\u00fd a konzistentn\u011b d\u00e1vkovan\u00fd produkt pro seri\u00f3zn\u00ed experiment\u00e1tory a psychonauty. Tyto mikropelety nab\u00edzej\u00ed extr\u00e9mn\u011b p\u0159esn\u00e9 d\u00e1vkov\u00e1n\u00ed <strong>10 mikrogram\u016f na jednotku<\/strong>, co\u017e je \u010din\u00ed ide\u00e1ln\u00edmi pro kontrolovan\u00e9 experimenty a mikrod\u00e1vkov\u00e1n\u00ed.<\/p>\n<h2>Pro\u010d si vybrat 1V-LSD Valerie?<\/h2>\n<p>1V-LSD (diethylamid kyseliny 1-valeryl-D-lysergov\u00e9) je jedn\u00edm z nejdiskutovan\u011bj\u0161\u00edch analog\u016f ve v\u00fdzkumn\u00e9 komunit\u011b, zn\u00e1m\u00fd pro svou stabilitu a spolehlivost. <strong>Valerie<\/strong>, jak se mu l\u00e1skypln\u011b \u0159\u00edk\u00e1, nab\u00edz\u00ed jedine\u010dn\u00fd z\u00e1\u017eitek s jemn\u00fdmi, ale smyslupln\u00fdmi \u00fa\u010dinky, ide\u00e1ln\u00ed pro ty, kte\u0159\u00ed hledaj\u00ed jemn\u011bj\u0161\u00ed a l\u00e9pe zvl\u00e1dnuteln\u00fd p\u0159\u00edstup k lysergamid\u016fm.<\/p>\n<p>Tento <strong>mikro pelety<\/strong> jsou vyrobeny s <strong>p\u0159esnost farmaceutick\u00e9 kvality<\/strong>, \u010d\u00edm\u017e se ka\u017ed\u00e1 peleta vytvo\u0159\u00ed v p\u0159esn\u00e9 d\u00e1vce <strong>10 mikrogram\u016f<\/strong> obsahuje. To eliminuje pot\u0159ebu volumetrick\u00e9ho d\u00e1vkov\u00e1n\u00ed a poskytuje bezpe\u010dn\u011bj\u0161\u00ed a u\u017eivatelsky p\u0159\u00edv\u011btiv\u011bj\u0161\u00ed z\u00e1\u017eitek.<\/p>\n<h2>Ide\u00e1ln\u00ed pro mikrod\u00e1vkov\u00e1n\u00ed a v\u00fdzkum<\/h2>\n<p>Zast\u00e1nci mikrod\u00e1vkov\u00e1n\u00ed \u010dasto hledaj\u00ed <strong>n\u00edzk\u00e1 d\u00e1vka, konzistentn\u00ed mo\u017enost<\/strong> na podporu kognitivn\u00ed flexibility, kreativity a soust\u0159ed\u011bn\u00ed. S pouh\u00fdmi <strong>10 mcg na peletu<\/strong> 1V-LSD Valerie nab\u00edz\u00ed vynikaj\u00edc\u00ed v\u00fdchoz\u00ed bod pro ty, kte\u0159\u00ed cht\u011bj\u00ed experimentovat s mikrod\u00e1vkov\u00e1n\u00edm bez ohromuj\u00edc\u00edch \u00fa\u010dink\u016f.<\/p>\n<p>V\u00fdzkumn\u00edci oce\u0148uj\u00ed, <strong>\u010distota a stabilita<\/strong> t\u011bchto pelet, kter\u00e9 byly pe\u010dliv\u011b testov\u00e1ny, aby byla zaji\u0161t\u011bna nejvy\u0161\u0161\u00ed kvalita. Ka\u017ed\u00e1 \u0161ar\u017ee se vyr\u00e1b\u00ed za p\u0159\u00edsn\u00fdch laboratorn\u00edch podm\u00ednek, tak\u017ee se u\u017eivatel\u00e9 mohou spolehnout <strong>spolehliv\u00fd a reprodukovateln\u00fd produkt<\/strong>.<\/p>\n<h2>Snadn\u00e9 pou\u017eit\u00ed a diskr\u00e9tn\u00ed design<\/h2>\n<p>Pelety jsou baleny v <strong>vzduchot\u011bsn\u00e9, sv\u011btlot\u011bsn\u00e9 balen\u00ed<\/strong> aby si zachovaly svou integritu. D\u00edky kompaktn\u00ed velikosti se snadno p\u0159en\u00e1\u0161ej\u00ed a pou\u017e\u00edvaj\u00ed diskr\u00e9tn\u011b. A\u0165 u\u017e prov\u00e1d\u00edte kontrolovanou studii, nebo se zaj\u00edm\u00e1te o osobn\u00ed pr\u016fzkum, tyto mikropelety nab\u00edzej\u00ed <strong>praktick\u00e9 a p\u0159esn\u00e9 \u0159e\u0161en\u00ed<\/strong>.<\/p>\n<h2>Bezpe\u010dn\u00e9 a zodpov\u011bdn\u00e9 pou\u017e\u00edv\u00e1n\u00ed<\/h2>\n<p>Stejn\u011b jako u v\u0161ech v\u00fdzkumn\u00fdch chemik\u00e1li\u00ed je d\u016fle\u017eit\u00e9 <strong>zodpov\u011bdn\u00fd a informovan\u00fd<\/strong> pokra\u010dovat. 1V-LSD Valerie je ur\u010den pouze pro v\u00fdzkumn\u00e9 \u00fa\u010dely a nen\u00ed ur\u010den k lidsk\u00e9 spot\u0159eb\u011b. Ujist\u011bte se, \u017ee <strong>bezpe\u010dn\u00e9 prost\u0159ed\u00ed<\/strong>V\u017edy pe\u010dliv\u011b odm\u011b\u0159ujte a za\u010dn\u011bte s n\u00edzkou d\u00e1vkou, abyste zjistili individu\u00e1ln\u00ed citlivost.<\/p>\n<h2>Objednejte si nyn\u00ed a objevte mo\u017enosti<\/h2>\n<p>A\u0165 u\u017e jste zku\u0161en\u00fd v\u00fdzkumn\u00edk nebo v\u00e1s zaj\u00edm\u00e1 sv\u011bt lysergamid\u016f, <strong>1V-LSD Valerie 10mcg mikro pelety<\/strong> nab\u00edz\u00ed jedine\u010dnou p\u0159\u00edle\u017eitost experimentovat s p\u0159esnost\u00ed a kontrolou. Objednejte si je\u0161t\u011b dnes a vyzkou\u0161ejte v\u00fdzkumn\u00e9 chemik\u00e1lie nov\u00e9 generace!<\/p>\n<p><em>Upozorn\u011bn\u00ed: Tento produkt je ur\u010den pouze k pou\u017eit\u00ed <a href=\"http:\/\/google.nl\" target=\"_blank\" rel=\"noopener\">pro<\/a> V\u00fdzkumn\u00e9 \u00fa\u010dely a neur\u010deno k lidsk\u00e9 spot\u0159eb\u011b. Uchov\u00e1vejte mimo dosah d\u011bt\u00ed. Skladujte na chladn\u00e9m a such\u00e9m m\u00edst\u011b.<\/em><\/p>\n<p><a title=\"1V-LSD 150 MCG saje\" href=\"https:\/\/globalsourcechemicals.com\/cs\/nakupovat\/lysergamidy\/1v-lsd-150-mcg-blotters\/\" target=\"_blank\" rel=\"noopener\">1V-LSD 150 MCG saje <\/a><a title=\"2-CMC 250 mg pelety\" href=\"https:\/\/globalsourcechemicals.com\/cs\/nakupovat\/katinony\/%f0%9f%92%a1-2-mmc-krystalicky-prasek-pro-vsechny-otazky-a-odpovedi-k-nakupu\/\" target=\"_blank\" rel=\"noopener\">2-CMC 250 mg pelety <\/a><a title=\"2C-EF 2mg tobolky\" href=\"https:\/\/globalsourcechemicals.com\/cs\/nakupovat\/fenethylamin\/2c-ef-2mg-kapsle\/\" target=\"_blank\" rel=\"noopener\">2C-EF 2mg tobolky <\/a><a title=\"6-CL-ADBA\" href=\"https:\/\/globalsourcechemicals.com\/cs\/nakupovat\/temer-zakazano\/6-cl-adba\/\" target=\"_blank\" rel=\"noopener\">6-CL-ADBA<\/a><\/p>","protected":false},"excerpt":{"rendered":"<h2>1V-LSD Valerie 10mcg mikropelety \u2013 mikrod\u00e1vkov\u00e1n\u00ed<\/h2>\n<p>1V-LSD je l\u00e1tka, kterou prod\u00e1v\u00e1me pouze pro v\u00fdzkumn\u00e9 \u00fa\u010dely, a proto nen\u00ed ur\u010dena ke spot\u0159eb\u011b. 1V-LSD lze zkoumat a\u017e 2 roky, pokud je skladov\u00e1n ve spr\u00e1vn\u00e9m prost\u0159ed\u00ed.<\/p>","protected":false},"featured_media":27752,"comment_status":"closed","ping_status":"closed","template":"","meta":[],"product_brand":[82],"product_cat":[364,380,358,324],"product_tag":[631,582,326],"class_list":{"0":"post-24095","1":"product","2":"type-product","3":"status-publish","4":"has-post-thumbnail","6":"product_brand-research-chemical","7":"product_cat-1v-lsd","8":"product_cat-1v-lsd-pellets","9":"product_cat-lysergamides","10":"product_cat-pellets-for-pellet","11":"product_tag-1v-lsd","12":"product_tag-1vlsd","13":"product_tag-nl","15":"first","16":"instock","17":"taxable","18":"shipping-taxable","19":"purchasable","20":"product-type-variable"},"_links":{"self":[{"href":"https:\/\/globalsourcechemicals.com\/cs\/wp-json\/wp\/v2\/product\/24095","targetHints":{"allow":["GET"]}}],"collection":[{"href":"https:\/\/globalsourcechemicals.com\/cs\/wp-json\/wp\/v2\/product"}],"about":[{"href":"https:\/\/globalsourcechemicals.com\/cs\/wp-json\/wp\/v2\/types\/product"}],"replies":[{"embeddable":true,"href":"https:\/\/globalsourcechemicals.com\/cs\/wp-json\/wp\/v2\/comments?post=24095"}],"version-history":[{"count":4,"href":"https:\/\/globalsourcechemicals.com\/cs\/wp-json\/wp\/v2\/product\/24095\/revisions"}],"predecessor-version":[{"id":26429,"href":"https:\/\/globalsourcechemicals.com\/cs\/wp-json\/wp\/v2\/product\/24095\/revisions\/26429"}],"wp:featuredmedia":[{"embeddable":true,"href":"https:\/\/globalsourcechemicals.com\/cs\/wp-json\/wp\/v2\/media\/27752"}],"wp:attachment":[{"href":"https:\/\/globalsourcechemicals.com\/cs\/wp-json\/wp\/v2\/media?parent=24095"}],"wp:term":[{"taxonomy":"product_brand","embeddable":true,"href":"https:\/\/globalsourcechemicals.com\/cs\/wp-json\/wp\/v2\/product_brand?post=24095"},{"taxonomy":"product_cat","embeddable":true,"href":"https:\/\/globalsourcechemicals.com\/cs\/wp-json\/wp\/v2\/product_cat?post=24095"},{"taxonomy":"product_tag","embeddable":true,"href":"https:\/\/globalsourcechemicals.com\/cs\/wp-json\/wp\/v2\/product_tag?post=24095"}],"curies":[{"name":"wp","href":"https:\/\/api.w.org\/{rel}","templated":true}]}}