{"id":23796,"date":"2025-04-13T17:40:27","date_gmt":"2025-04-13T17:40:27","guid":{"rendered":"https:\/\/globalsourcechemicals.com\/?post_type=product&#038;p=23796"},"modified":"2025-10-02T23:14:55","modified_gmt":"2025-10-02T23:14:55","slug":"pyrazolam-3-mg-pelety","status":"publish","type":"product","link":"https:\/\/globalsourcechemicals.com\/cs\/nakupovat\/benzodiazepiny\/pyrazolam-3-mg-pelety\/","title":{"rendered":"Pyrazolam 3 MG pelety"},"content":{"rendered":"<h1><strong><span dir=\"auto\" style=\"vertical-align: inherit;\"><span dir=\"auto\" style=\"vertical-align: inherit;\">Pyrazolam 3 MG Pelety \u2013 \u00da\u010dinn\u00e1 podpora p\u0159i stresu a nap\u011bt\u00ed<\/span><\/span><\/strong><\/h1>\n<p><strong><span dir=\"auto\" style=\"vertical-align: inherit;\"><span dir=\"auto\" style=\"vertical-align: inherit;\">Pelety s pyrazolamem 3 mg<\/span><\/span><\/strong><span dir=\"auto\" style=\"vertical-align: inherit;\"><span dir=\"auto\" style=\"vertical-align: inherit;\"> nab\u00edz\u00ed spolehliv\u00e9 a p\u0159esn\u011b d\u00e1vkovan\u00e9 \u0159e\u0161en\u00ed pro ty, kte\u0159\u00ed pot\u0159ebuj\u00ed podporu v dob\u00e1ch nap\u011bt\u00ed, stresu nebo vnit\u0159n\u00edho zmatku. S <\/span><\/span><a href=\"http:\/\/google.nl\" target=\"_blank\" rel=\"noopener\"><span dir=\"auto\" style=\"vertical-align: inherit;\"><span dir=\"auto\" style=\"vertical-align: inherit;\">A<\/span><\/span><\/a><span dir=\"auto\" style=\"vertical-align: inherit;\"><span dir=\"auto\" style=\"vertical-align: inherit;\"> D\u00edky p\u0159esn\u00e9mu d\u00e1vkov\u00e1n\u00ed 3 mg na peletu jsou tyto jednotky ide\u00e1ln\u00ed pro kontrolovan\u00e9 pou\u017eit\u00ed ve v\u00fdzkumn\u00e9m prost\u0159ed\u00ed.<\/span><\/span><\/p>\n<h2><span dir=\"auto\" style=\"vertical-align: inherit;\"><span dir=\"auto\" style=\"vertical-align: inherit;\">Vlastnosti 3MG pelet<\/span><\/span><\/h2>\n<p><span dir=\"auto\" style=\"vertical-align: inherit;\"><span dir=\"auto\" style=\"vertical-align: inherit;\">Na\u0161e pelety jsou vyv\u00edjeny podle vysok\u00fdch standard\u016f kvality a poskytuj\u00ed konzistentn\u00ed \u00fa\u010dinek bez nadm\u011brn\u00e9 sedace.<\/span><\/span><\/p>\n<ul>\n<li><strong><span dir=\"auto\" style=\"vertical-align: inherit;\"><span dir=\"auto\" style=\"vertical-align: inherit;\">P\u0159esn\u00e9 d\u00e1vkov\u00e1n\u00ed<\/span><\/span><\/strong><span dir=\"auto\" style=\"vertical-align: inherit;\"><span dir=\"auto\" style=\"vertical-align: inherit;\"> Ka\u017ed\u00e1 peleta obsahuje 3 mg, co\u017e zaji\u0161\u0165uje p\u0159esnost a pohodl\u00ed.<\/span><\/span><\/li>\n<li><strong><span dir=\"auto\" style=\"vertical-align: inherit;\"><span dir=\"auto\" style=\"vertical-align: inherit;\">Rychl\u00e1 absorpce<\/span><\/span><\/strong><span dir=\"auto\" style=\"vertical-align: inherit;\"><span dir=\"auto\" style=\"vertical-align: inherit;\"> Forma pelet umo\u017e\u0148uje efektivn\u00ed vst\u0159eb\u00e1v\u00e1n\u00ed.<\/span><\/span><\/li>\n<li><strong><span dir=\"auto\" style=\"vertical-align: inherit;\"><span dir=\"auto\" style=\"vertical-align: inherit;\">Kompaktn\u00ed a diskr\u00e9tn\u00ed<\/span><\/span><\/strong><span dir=\"auto\" style=\"vertical-align: inherit;\"><span dir=\"auto\" style=\"vertical-align: inherit;\"> Snadn\u00e9 p\u0159en\u00e1\u0161en\u00ed a p\u0159en\u00e1\u0161en\u00ed.<\/span><\/span><\/li>\n<\/ul>\n<h2><span dir=\"auto\" style=\"vertical-align: inherit;\"><span dir=\"auto\" style=\"vertical-align: inherit;\">Aplikace ve v\u00fdzkumu<\/span><\/span><\/h2>\n<p><span dir=\"auto\" style=\"vertical-align: inherit;\"><span dir=\"auto\" style=\"vertical-align: inherit;\">Pyrazolam je zn\u00e1m\u00fd sv\u00fdmi uklid\u0148uj\u00edc\u00edmi vlastnostmi. \u010casto se pou\u017e\u00edv\u00e1 ve v\u011bdeck\u00e9m v\u00fdzkumu \u00fazkosti, nap\u011bt\u00ed a proces\u016f souvisej\u00edc\u00edch se stresem. Jeho vyv\u00e1\u017een\u00fd \u00fa\u010dinek ho \u010din\u00ed vhodn\u00fdm pro studie vy\u017eaduj\u00edc\u00ed kontrolovanou sedaci.<\/span><\/span><\/p>\n<h2><span dir=\"auto\" style=\"vertical-align: inherit;\"><span dir=\"auto\" style=\"vertical-align: inherit;\">Vysok\u00e1 kvalita a spolehlivost<\/span><\/span><\/h2>\n<ul>\n<li><strong><span dir=\"auto\" style=\"vertical-align: inherit;\"><span dir=\"auto\" style=\"vertical-align: inherit;\">V\u00fdroba s certifikac\u00ed GMP<\/span><\/span><\/strong><\/li>\n<li><strong><span dir=\"auto\" style=\"vertical-align: inherit;\"><span dir=\"auto\" style=\"vertical-align: inherit;\">Konzistentn\u00ed \u010distota na \u0161ar\u017ei<\/span><\/span><\/strong><\/li>\n<li><strong><span dir=\"auto\" style=\"vertical-align: inherit;\"><span dir=\"auto\" style=\"vertical-align: inherit;\">P\u0159\u00edsn\u00e1 kontrola kvality v ka\u017ed\u00e9m kroku<\/span><\/span><\/strong><\/li>\n<\/ul>\n<p><span dir=\"auto\" style=\"vertical-align: inherit;\"><span dir=\"auto\" style=\"vertical-align: inherit;\">Na\u0161e pelety Pyrazolam 3 MG se vyr\u00e1b\u011bj\u00ed v kontrolovan\u00e9m prost\u0159ed\u00ed, co\u017e zaji\u0161\u0165uje maxim\u00e1ln\u00ed \u010distotu a bezpe\u010dnost.<\/span><\/span><\/p>\n<h2><span dir=\"auto\" style=\"vertical-align: inherit;\"><span dir=\"auto\" style=\"vertical-align: inherit;\">Informace o objedn\u00e1vce<\/span><\/span><\/h2>\n<p><span dir=\"auto\" style=\"vertical-align: inherit;\"><span dir=\"auto\" style=\"vertical-align: inherit;\">Objednejte si snadno a diskr\u00e9tn\u011b prost\u0159ednictv\u00edm na\u0161eho internetov\u00e9ho obchodu. Nab\u00edz\u00edme rychl\u00e9 dod\u00e1n\u00ed a neutr\u00e1ln\u00ed balen\u00ed, tak\u017ee je chr\u00e1n\u011bno va\u0161e soukrom\u00ed.<\/span><\/span><\/p>\n<p><strong><span dir=\"auto\" style=\"vertical-align: inherit;\"><span dir=\"auto\" style=\"vertical-align: inherit;\">Za\u017eijte sami kvalitu 3MG Pellets \u2013 navr\u017een\u00fdch pro p\u0159esnost, spolehlivost a v\u00fdsledky. <\/span><\/span><a href=\"https:\/\/globalsourcechemicals.com\/cs\/nakupovat\/iboga-ibogain\/kura-korene-ibogy\/\"><span dir=\"auto\" style=\"vertical-align: inherit;\"><span dir=\"auto\" style=\"vertical-align: inherit;\">K\u016fra ko\u0159ene ibogy<\/span><\/span><\/a><a href=\"https:\/\/globalsourcechemicals.com\/cs\/nakupovat\/iboga-ibogain\/koupit-ibogain-hydrochlorid-online\/\"><span dir=\"auto\" style=\"vertical-align: inherit;\"><span dir=\"auto\" style=\"vertical-align: inherit;\">koupit ibogain hydrochlorid online<\/span><\/span><\/a><a href=\"https:\/\/globalsourcechemicals.com\/cs\/nakupovat\/lysergamidy\/1cp-lsd-150-mcg-2\/\"><span dir=\"auto\" style=\"vertical-align: inherit;\"><span dir=\"auto\" style=\"vertical-align: inherit;\">1cp LSD <\/span><\/span><\/a><a href=\"https:\/\/globalsourcechemicals.com\/cs\/nakupovat\/pelety-2\/o-dsmt-50mg-pelety\/\"><span dir=\"auto\" style=\"vertical-align: inherit;\"><span dir=\"auto\" style=\"vertical-align: inherit;\">o-dsmt <\/span><\/span><\/a><a href=\"https:\/\/globalsourcechemicals.com\/cs\/nakupovat\/lysergamidy\/1v-lsd-150-mcg-pijavice\/\"><span dir=\"auto\" style=\"vertical-align: inherit;\"><span dir=\"auto\" style=\"vertical-align: inherit;\">1vlsd<\/span><\/span><\/a><\/strong><\/p>\n<p>&nbsp;<\/p>","protected":false},"excerpt":{"rendered":"<h2><span style=\"vertical-align: inherit;\"><span style=\"vertical-align: inherit;\"><span dir=\"auto\" style=\"vertical-align: inherit;\"><span dir=\"auto\" style=\"vertical-align: inherit;\">Pyrazolam 3 MG pellets properties<\/span><\/span><\/span><\/span><\/h2>\n<p><strong><span style=\"vertical-align: inherit;\"><span style=\"vertical-align: inherit;\"><span dir=\"auto\" style=\"vertical-align: inherit;\"><span dir=\"auto\" style=\"vertical-align: inherit;\">Synonym<\/span><\/span><\/span><\/span><\/strong><span style=\"vertical-align: inherit;\"><span style=\"vertical-align: inherit;\"><span dir=\"auto\" style=\"vertical-align: inherit;\"><span dir=\"auto\" style=\"vertical-align: inherit;\"> : <\/span><\/span><\/span><\/span><i><span style=\"vertical-align: inherit;\"><span style=\"vertical-align: inherit;\"><span dir=\"auto\" style=\"vertical-align: inherit;\"><span dir=\"auto\" style=\"vertical-align: inherit;\">8-bromo-1-methyl-6-(pyridin-2-yl)-4H-[1,2,4]triazolo[4,3-a][1,4]benzodiazepine <\/span><\/span><\/span><\/span><\/i><br \/>\n<strong><span style=\"vertical-align: inherit;\"><span style=\"vertical-align: inherit;\"><span dir=\"auto\" style=\"vertical-align: inherit;\"><span dir=\"auto\" style=\"vertical-align: inherit;\">CAS Number<\/span><\/span><\/span><\/span><\/strong><span style=\"vertical-align: inherit;\"><span style=\"vertical-align: inherit;\"><span dir=\"auto\" style=\"vertical-align: inherit;\"><span dir=\"auto\" style=\"vertical-align: inherit;\"> : 39243-02-2 <\/span><\/span><\/span><\/span><br \/>\n<strong><span style=\"vertical-align: inherit;\"><span style=\"vertical-align: inherit;\"><span dir=\"auto\" style=\"vertical-align: inherit;\"><span dir=\"auto\" style=\"vertical-align: inherit;\">Formula<\/span><\/span><\/span><\/span><\/strong><span style=\"vertical-align: inherit;\"><span style=\"vertical-align: inherit;\"><span dir=\"auto\" style=\"vertical-align: inherit;\"><span dir=\"auto\" style=\"vertical-align: inherit;\"> : C16H12BrN5 <\/span><\/span><\/span><\/span><br \/>\n<strong><span style=\"vertical-align: inherit;\"><span style=\"vertical-align: inherit;\"><span dir=\"auto\" style=\"vertical-align: inherit;\"><span dir=\"auto\" style=\"vertical-align: inherit;\">Molar Mass<\/span><\/span><\/span><\/span><\/strong><span style=\"vertical-align: inherit;\"><span style=\"vertical-align: inherit;\"><span dir=\"auto\" style=\"vertical-align: inherit;\"><span dir=\"auto\" style=\"vertical-align: inherit;\"> : 354.20 <\/span><\/span><\/span><\/span><br \/>\n<strong><span style=\"vertical-align: inherit;\"><span style=\"vertical-align: inherit;\"><span dir=\"auto\" style=\"vertical-align: inherit;\"><span dir=\"auto\" style=\"vertical-align: inherit;\">Purity<\/span><\/span><\/span><\/span><\/strong><span style=\"vertical-align: inherit;\"><span style=\"vertical-align: inherit;\"><span dir=\"auto\" style=\"vertical-align: inherit;\"><span dir=\"auto\" style=\"vertical-align: inherit;\"> : \u2265 99%<\/span><\/span><\/span><\/span><\/p>\n","protected":false},"featured_media":27945,"comment_status":"closed","ping_status":"closed","template":"","meta":[],"product_brand":[82],"product_cat":[76,324,389,395],"product_tag":[326,96,99,98],"class_list":{"0":"post-23796","1":"product","2":"type-product","3":"status-publish","4":"has-post-thumbnail","6":"product_brand-research-chemical","7":"product_cat-benzodiazepinen","8":"product_cat-pellets-for-pellet","9":"product_cat-pyrazolam-kopen","10":"product_cat-pyrazolam-pellets","11":"product_tag-nl","12":"product_tag-pyrazolam","13":"product_tag-pyrazolam-kopen","14":"product_tag-pyrazolam-werking","16":"first","17":"instock","18":"taxable","19":"shipping-taxable","20":"purchasable","21":"product-type-variable"},"_links":{"self":[{"href":"https:\/\/globalsourcechemicals.com\/cs\/wp-json\/wp\/v2\/product\/23796","targetHints":{"allow":["GET"]}}],"collection":[{"href":"https:\/\/globalsourcechemicals.com\/cs\/wp-json\/wp\/v2\/product"}],"about":[{"href":"https:\/\/globalsourcechemicals.com\/cs\/wp-json\/wp\/v2\/types\/product"}],"replies":[{"embeddable":true,"href":"https:\/\/globalsourcechemicals.com\/cs\/wp-json\/wp\/v2\/comments?post=23796"}],"version-history":[{"count":5,"href":"https:\/\/globalsourcechemicals.com\/cs\/wp-json\/wp\/v2\/product\/23796\/revisions"}],"predecessor-version":[{"id":28043,"href":"https:\/\/globalsourcechemicals.com\/cs\/wp-json\/wp\/v2\/product\/23796\/revisions\/28043"}],"wp:featuredmedia":[{"embeddable":true,"href":"https:\/\/globalsourcechemicals.com\/cs\/wp-json\/wp\/v2\/media\/27945"}],"wp:attachment":[{"href":"https:\/\/globalsourcechemicals.com\/cs\/wp-json\/wp\/v2\/media?parent=23796"}],"wp:term":[{"taxonomy":"product_brand","embeddable":true,"href":"https:\/\/globalsourcechemicals.com\/cs\/wp-json\/wp\/v2\/product_brand?post=23796"},{"taxonomy":"product_cat","embeddable":true,"href":"https:\/\/globalsourcechemicals.com\/cs\/wp-json\/wp\/v2\/product_cat?post=23796"},{"taxonomy":"product_tag","embeddable":true,"href":"https:\/\/globalsourcechemicals.com\/cs\/wp-json\/wp\/v2\/product_tag?post=23796"}],"curies":[{"name":"wp","href":"https:\/\/api.w.org\/{rel}","templated":true}]}}