{"id":23321,"date":"2025-04-13T17:39:34","date_gmt":"2025-04-13T17:39:34","guid":{"rendered":"https:\/\/globalsourcechemicals.com\/?post_type=product&#038;p=23321"},"modified":"2025-10-03T07:46:50","modified_gmt":"2025-10-03T07:46:50","slug":"norflurazepam","status":"publish","type":"product","link":"https:\/\/globalsourcechemicals.com\/cs\/nakupovat\/benzodiazepiny\/norflurazepam\/","title":{"rendered":"Norflurazepam"},"content":{"rendered":"<h2><span data-sheets-value=\"{\" data-sheets-userformat=\"{\"><span dir=\"auto\" style=\"vertical-align: inherit;\"><span dir=\"auto\" style=\"vertical-align: inherit;\">Norflurazepam<\/span><\/span><\/span><\/h2>\n<p><strong><span dir=\"auto\" style=\"vertical-align: inherit;\"><span dir=\"auto\" style=\"vertical-align: inherit;\">Norflurazepam<\/span><\/span><\/strong><span dir=\"auto\" style=\"vertical-align: inherit;\"><span dir=\"auto\" style=\"vertical-align: inherit;\"> je l\u00e1tka, kter\u00e1 se prod\u00e1v\u00e1 pouze pro v\u00fdzkumn\u00e9 \u00fa\u010dely, a proto nen\u00ed ur\u010dena ke konzumaci.<\/span><\/span><\/p>\n<p><span dir=\"auto\" style=\"vertical-align: inherit;\"><span dir=\"auto\" style=\"vertical-align: inherit;\">Norflurazepam z\u016fst\u00e1v\u00e1 stabiln\u00ed a\u017e 2 roky, pokud je skladov\u00e1n ve spr\u00e1vn\u00e9m prost\u0159ed\u00ed. Norflurazepam je ur\u010den pro v\u00fdzkumn\u00e9 \u00fa\u010dely, nikoli k p\u0159\u00edm\u00e9 konzumaci. Proto je d\u016fle\u017eit\u00e9 uchov\u00e1vat p\u0159\u00edpravek mimo dosah d\u011bt\u00ed a dom\u00e1c\u00edch zv\u00ed\u0159at. 2C-E<\/span><\/span><\/p>\n<p><span dir=\"auto\" style=\"vertical-align: inherit;\"><span dir=\"auto\" style=\"vertical-align: inherit;\">Nab\u00edz\u00edme vysoce kvalitn\u00ed v\u00fdzkumn\u00e9 chemik\u00e1lie za f\u00e9rovou cenu. Va\u0161e objedn\u00e1vka bude odesl\u00e1na do 24 hodin ka\u017ed\u00fd den. Objednat <\/span><\/span><em><span dir=\"auto\" style=\"vertical-align: inherit;\"><span dir=\"auto\" style=\"vertical-align: inherit;\">Norflurazepam<\/span><\/span><\/em><span dir=\"auto\" style=\"vertical-align: inherit;\"><span dir=\"auto\" style=\"vertical-align: inherit;\"> bezpe\u010dn\u011b a rychle p\u0159es n\u00e1s!<\/span><\/span><\/p>\n<h3><span data-sheets-value=\"{\" data-sheets-userformat=\"{\"><span dir=\"auto\" style=\"vertical-align: inherit;\"><span dir=\"auto\" style=\"vertical-align: inherit;\">Vlastnosti norflurazepamu<\/span><\/span><\/span><\/h3>\n<p><strong><span dir=\"auto\" style=\"vertical-align: inherit;\"><span dir=\"auto\" style=\"vertical-align: inherit;\">Synonymum:<\/span><\/span><\/strong><span dir=\"auto\" style=\"vertical-align: inherit;\"><span dir=\"auto\" style=\"vertical-align: inherit;\"> Norflurazepam <\/span><\/span><br \/>\n<strong><span dir=\"auto\" style=\"vertical-align: inherit;\"><span dir=\"auto\" style=\"vertical-align: inherit;\">\u010c\u00edslo CAS:<\/span><\/span><\/strong><span dir=\"auto\" style=\"vertical-align: inherit;\"><span dir=\"auto\" style=\"vertical-align: inherit;\"> 2886-65-9 <\/span><\/span><br \/>\n<strong><span dir=\"auto\" style=\"vertical-align: inherit;\"><span dir=\"auto\" style=\"vertical-align: inherit;\">Vzorec:<\/span><\/span><\/strong><span dir=\"auto\" style=\"vertical-align: inherit;\"><span dir=\"auto\" style=\"vertical-align: inherit;\"> 7-chlor-5-(2-fluorfenyl)-1,3-dihydro-2H-1,4-benzodiazepin-2-on <\/span><\/span><br \/>\n<strong><span dir=\"auto\" style=\"vertical-align: inherit;\"><span dir=\"auto\" style=\"vertical-align: inherit;\">Mol\u00e1rn\u00ed hmotnost:<\/span><\/span><\/strong><span dir=\"auto\" style=\"vertical-align: inherit;\"><span dir=\"auto\" style=\"vertical-align: inherit;\"> 299,3 g\/mol <\/span><\/span><br \/>\n<strong><span dir=\"auto\" style=\"vertical-align: inherit;\"><span dir=\"auto\" style=\"vertical-align: inherit;\">\u010cistota:<\/span><\/span><\/strong><span dir=\"auto\" style=\"vertical-align: inherit;\"><span dir=\"auto\" style=\"vertical-align: inherit;\"> &gt;97%<\/span><\/span><\/p>\n<h3><span dir=\"auto\" style=\"vertical-align: inherit;\"><span dir=\"auto\" style=\"vertical-align: inherit;\">Co je norflurazepam?<\/span><\/span><\/h3>\n<p><span dir=\"auto\" style=\"vertical-align: inherit;\"><span dir=\"auto\" style=\"vertical-align: inherit;\">Norflurazepam je v\u00fdzkumn\u00e1 chemik\u00e1lie pat\u0159\u00edc\u00ed do t\u0159\u00eddy benzodiazepin\u016f. Jedn\u00e1 se o syntetickou slou\u010deninu, kter\u00e1 p\u0159itahuje v\u00fdzkumn\u00fd z\u00e1jem kv\u016fli sv\u00fdm potenci\u00e1ln\u00edm \u00fa\u010dink\u016fm na centr\u00e1ln\u00ed nervov\u00fd syst\u00e9m. 3-MEO-PCP<\/span><\/span><\/p>\n<p><span dir=\"auto\" style=\"vertical-align: inherit;\"><span dir=\"auto\" style=\"vertical-align: inherit;\">Norflurazepam poch\u00e1z\u00ed z rodiny benzodiazepin\u016f, kter\u00e9 jsou zn\u00e1m\u00e9 sv\u00fdmi sedativn\u00edmi, anxiolytick\u00fdmi a svalov\u011b relaxa\u010dn\u00edmi vlastnostmi. Byl vyvinut jako modifikace st\u00e1vaj\u00edc\u00edch benzodiazepin\u016f s c\u00edlem prozkoumat rozd\u00edly ve farmakologick\u00e9m profilu a potenci\u00e1ln\u00ed terapeutick\u00e9 aplikace.<\/span><\/span><\/p>\n<p><span dir=\"auto\" style=\"vertical-align: inherit;\"><span dir=\"auto\" style=\"vertical-align: inherit;\">V\u00fdzkumn\u00edci se zvl\u00e1\u0161t\u011b zaj\u00edmaj\u00ed o studium interakce norflurazepamu s receptory GABA-A v mozku. Tyto receptory hraj\u00ed kl\u00ed\u010dovou roli v regulaci inhibi\u010dn\u00edch neurotransmiter\u016f.<\/span><\/span><\/p>\n<p><span dir=\"auto\" style=\"vertical-align: inherit;\"><span dir=\"auto\" style=\"vertical-align: inherit;\">V\u00fdvoj norflurazepamu jako v\u00fdzkumn\u00e9 chemick\u00e9 l\u00e1tky je poh\u00e1n\u011bn v\u011bdeckou zv\u011bdavost\u00ed a touhou zlep\u0161it na\u0161e ch\u00e1p\u00e1n\u00ed benzodiazepinov\u00fdch slou\u010denin. Prov\u00e1d\u011bn\u00edm d\u016fkladn\u00e9ho v\u00fdzkumu se v\u011bdci sna\u017e\u00ed roz\u0161\u00ed\u0159it na\u0161e znalosti o \u00fa\u010dinc\u00edch t\u00e9to slou\u010deniny na centr\u00e1ln\u00ed nervov\u00fd syst\u00e9m a p\u0159isp\u011bt k \u0161ir\u0161\u00edmu pochopen\u00ed benzodiazepin\u016f. Koupit 3-CMC (3-chloromethcathinon)<\/span><\/span><\/p>\n<h3><span dir=\"auto\" style=\"vertical-align: inherit;\"><span dir=\"auto\" style=\"vertical-align: inherit;\">Jak vznikl norflurazepam?<\/span><\/span><\/h3>\n<p><span dir=\"auto\" style=\"vertical-align: inherit;\"><span dir=\"auto\" style=\"vertical-align: inherit;\">Historie chemick\u00e9ho v\u00fdzkumu norflurazepamu sah\u00e1 a\u017e k v\u00fdvoji a zkoum\u00e1n\u00ed benzodiazepin\u016f. Norflurazepam vznikl jako deriv\u00e1t t\u011bchto benzodiazepin\u016f a v\u011bdci zkoumali jeho jedine\u010dn\u00e9 vlastnosti a potenci\u00e1ln\u00ed terapeutick\u00e9 aplikace.<\/span><\/span><\/p>\n<p><span dir=\"auto\" style=\"vertical-align: inherit;\"><span dir=\"auto\" style=\"vertical-align: inherit;\">V\u00fdvoj norflurazepamu jako v\u00fdzkumn\u00e9 chemick\u00e9 l\u00e1tky za\u010dal synt\u00e9zou a modifikac\u00ed st\u00e1vaj\u00edc\u00edch benzodiazepinov\u00fdch slou\u010denin. V\u011bdci cht\u011bli vytvo\u0159it variace v chemick\u00e9 struktu\u0159e, aby mohli studovat jejich \u00fa\u010dinky na centr\u00e1ln\u00ed nervov\u00fd syst\u00e9m a l\u00e9pe porozum\u011bt z\u00e1kladn\u00edm mechanism\u016fm \u00fa\u010dinku.<\/span><\/span><\/p>\n<p><span dir=\"auto\" style=\"vertical-align: inherit;\"><span dir=\"auto\" style=\"vertical-align: inherit;\">Po\u010d\u00e1te\u010dn\u00ed f\u00e1ze v\u00fdzkumu se zam\u011b\u0159ily na laboratorn\u00ed studie s c\u00edlem ur\u010dit farmakologick\u00fd profil slou\u010deniny, v\u010detn\u011b jej\u00ed vazebn\u00e9 afinity ke specifick\u00fdm receptor\u016fm v mozku. V pr\u016fb\u011bhu v\u00fdzkumu v\u011bdci zkoumali farmakokinetiku slou\u010deniny, studovali absorpci, distribuci, metabolismus a eliminaci v t\u011ble. Tyto informace poskytuj\u00ed cenn\u00e9 poznatky o d\u00e9lce \u00fa\u010dinku slou\u010deniny a jej\u00edm potenci\u00e1ln\u00edm terapeutick\u00e9m vyu\u017eit\u00ed.<\/span><\/span><\/p>\n<h3><span dir=\"auto\" style=\"vertical-align: inherit;\"><span dir=\"auto\" style=\"vertical-align: inherit;\">Standardn\u00ed v\u011bta o nebezpe\u010dnosti<\/span><\/span><\/h3>\n<p><span dir=\"auto\" style=\"vertical-align: inherit;\"><span dir=\"auto\" style=\"vertical-align: inherit;\">Norflurazepam m\u016f\u017ee zp\u016fsobit podr\u00e1\u017ed\u011bn\u00ed d\u00fdchac\u00edch cest. <\/span><\/span><br \/>\n<span dir=\"auto\" style=\"vertical-align: inherit;\"><span dir=\"auto\" style=\"vertical-align: inherit;\">Norflurazepam m\u016f\u017ee zp\u016fsobit podr\u00e1\u017ed\u011bn\u00ed o\u010d\u00ed. <\/span><\/span><br \/>\n<span dir=\"auto\" style=\"vertical-align: inherit;\"><span dir=\"auto\" style=\"vertical-align: inherit;\">Vypou\u0161t\u011bn\u00ed v\u00fdzkumn\u00fdch chemik\u00e1li\u00ed do \u017eivotn\u00edho prost\u0159ed\u00ed je zak\u00e1z\u00e1no.<\/span><\/span><\/p>\n<p><span dir=\"auto\" style=\"vertical-align: inherit;\"><span dir=\"auto\" style=\"vertical-align: inherit;\">Norflurazepam P\u0158I ZASA\u017dEN\u00cd O\u010c\u00cd: O\u010di jemn\u011b vyplachujte vodou po dobu p\u011bti minut. Pokud je to mo\u017en\u00e9, vyjm\u011bte kontaktn\u00ed \u010do\u010dky.<\/span><\/span><\/p>\n<p><span dir=\"auto\" style=\"vertical-align: inherit;\"><span dir=\"auto\" style=\"vertical-align: inherit;\">Norflurazepam P\u0158I STYKU S K\u016e\u017d\u00cd: Omyjte k\u016f\u017ei m\u00fddlem a vodou.<\/span><\/span><\/p>\n<p><span dir=\"auto\" style=\"vertical-align: inherit;\"><span dir=\"auto\" style=\"vertical-align: inherit;\">P\u0158I VDECHNUT\u00cd Norflurazepam: P\u0159eneste posti\u017een\u00e9ho na \u010derstv\u00fd vzduch a ponechte ho v poloze usnad\u0148uj\u00edc\u00ed d\u00fdch\u00e1n\u00ed.<\/span><\/span><\/p>","protected":false},"excerpt":{"rendered":"<h3><span data-sheets-value=\"{\" data-sheets-userformat=\"{\"><span dir=\"auto\" style=\"vertical-align: inherit;\"><span dir=\"auto\" style=\"vertical-align: inherit;\">Vlastnosti norflurazepamu<\/span><\/span><\/span><\/h3>\n<p><strong><span dir=\"auto\" style=\"vertical-align: inherit;\"><span dir=\"auto\" style=\"vertical-align: inherit;\">Synonymum:<\/span><\/span><\/strong><span dir=\"auto\" style=\"vertical-align: inherit;\"><span dir=\"auto\" style=\"vertical-align: inherit;\"> Norflurazepam <\/span><\/span><br \/>\n<strong><span dir=\"auto\" style=\"vertical-align: inherit;\"><span dir=\"auto\" style=\"vertical-align: inherit;\">\u010c\u00edslo CAS:<\/span><\/span><\/strong><span dir=\"auto\" style=\"vertical-align: inherit;\"><span dir=\"auto\" style=\"vertical-align: inherit;\"> 2886-65-9 <\/span><\/span><br \/>\n<strong><span dir=\"auto\" style=\"vertical-align: inherit;\"><span dir=\"auto\" style=\"vertical-align: inherit;\">Vzorec:<\/span><\/span><\/strong><span dir=\"auto\" style=\"vertical-align: inherit;\"><span dir=\"auto\" style=\"vertical-align: inherit;\"> 7-chlor-5-(2-fluorfenyl)-1,3-dihydro-2H-1,4-benzodiazepin-2-on <\/span><\/span><br \/>\n<strong><span dir=\"auto\" style=\"vertical-align: inherit;\"><span dir=\"auto\" style=\"vertical-align: inherit;\">Mol\u00e1rn\u00ed hmotnost:<\/span><\/span><\/strong><span dir=\"auto\" style=\"vertical-align: inherit;\"><span dir=\"auto\" style=\"vertical-align: inherit;\"> 299,3 g\/mol <\/span><\/span><br \/>\n<strong><span dir=\"auto\" style=\"vertical-align: inherit;\"><span dir=\"auto\" style=\"vertical-align: inherit;\">\u010cistota:<\/span><\/span><\/strong><span dir=\"auto\" style=\"vertical-align: inherit;\"><span dir=\"auto\" style=\"vertical-align: inherit;\"> &gt;97%<\/span><\/span><\/p>","protected":false},"featured_media":27931,"comment_status":"closed","ping_status":"closed","template":"","meta":[],"product_brand":[],"product_cat":[76,388],"product_tag":[326],"class_list":{"0":"post-23321","1":"product","2":"type-product","3":"status-publish","4":"has-post-thumbnail","6":"product_cat-benzodiazepinen","7":"product_cat-norflurazepam","8":"product_tag-nl","10":"first","11":"instock","12":"taxable","13":"shipping-taxable","14":"purchasable","15":"product-type-variable"},"_links":{"self":[{"href":"https:\/\/globalsourcechemicals.com\/cs\/wp-json\/wp\/v2\/product\/23321","targetHints":{"allow":["GET"]}}],"collection":[{"href":"https:\/\/globalsourcechemicals.com\/cs\/wp-json\/wp\/v2\/product"}],"about":[{"href":"https:\/\/globalsourcechemicals.com\/cs\/wp-json\/wp\/v2\/types\/product"}],"replies":[{"embeddable":true,"href":"https:\/\/globalsourcechemicals.com\/cs\/wp-json\/wp\/v2\/comments?post=23321"}],"version-history":[{"count":4,"href":"https:\/\/globalsourcechemicals.com\/cs\/wp-json\/wp\/v2\/product\/23321\/revisions"}],"predecessor-version":[{"id":28085,"href":"https:\/\/globalsourcechemicals.com\/cs\/wp-json\/wp\/v2\/product\/23321\/revisions\/28085"}],"wp:featuredmedia":[{"embeddable":true,"href":"https:\/\/globalsourcechemicals.com\/cs\/wp-json\/wp\/v2\/media\/27931"}],"wp:attachment":[{"href":"https:\/\/globalsourcechemicals.com\/cs\/wp-json\/wp\/v2\/media?parent=23321"}],"wp:term":[{"taxonomy":"product_brand","embeddable":true,"href":"https:\/\/globalsourcechemicals.com\/cs\/wp-json\/wp\/v2\/product_brand?post=23321"},{"taxonomy":"product_cat","embeddable":true,"href":"https:\/\/globalsourcechemicals.com\/cs\/wp-json\/wp\/v2\/product_cat?post=23321"},{"taxonomy":"product_tag","embeddable":true,"href":"https:\/\/globalsourcechemicals.com\/cs\/wp-json\/wp\/v2\/product_tag?post=23321"}],"curies":[{"name":"wp","href":"https:\/\/api.w.org\/{rel}","templated":true}]}}