{"id":27218,"date":"2025-08-14T11:23:19","date_gmt":"2025-08-14T11:23:19","guid":{"rendered":"https:\/\/globalsourcechemicals.com\/?page_id=27218"},"modified":"2025-10-13T09:49:38","modified_gmt":"2025-10-13T09:49:38","slug":"zasady-ochrany-osobnich-udaju","status":"publish","type":"page","link":"https:\/\/globalsourcechemicals.com\/cs\/zasady-ochrany-osobnich-udaju\/","title":{"rendered":"Z\u00e1sady ochrany osobn\u00edch \u00fadaj\u016f"},"content":{"rendered":"<p>Toto je prohl\u00e1\u0161en\u00ed o ochran\u011b osobn\u00edch \u00fadaj\u016f spole\u010dnosti Researchchemicalskopen.net, kter\u00e9 naleznete na adrese\u00a0<a href=\"https:\/\/globalsourcechemicals.com\/cs\/\">globalsourcechemicals.com<\/a><\/p>\n\n\n\n<h3 class=\"wp-block-heading\">Pou\u017eitelnost<\/h3>\n\n\n\n<p>Toto prohl\u00e1\u0161en\u00ed o ochran\u011b osobn\u00edch \u00fadaj\u016f se vztahuje na v\u0161echny citliv\u00e9 informace nebo osobn\u00ed \u00fadaje, kter\u00e9 n\u00e1m poskytnete, nap\u0159\u00edklad prost\u0159ednictv\u00edm registra\u010dn\u00edho formul\u00e1\u0159e, kontaktn\u00edho formul\u00e1\u0159e nebo objedn\u00e1vek, kter\u00e9 zad\u00e1te. V\u00e1\u017e\u00edme si soukrom\u00ed na\u0161ich z\u00e1kazn\u00edk\u016f, a proto se zpracov\u00e1n\u00edm a ochranou osobn\u00edch \u00fadaj\u016f zach\u00e1z\u00edme s maxim\u00e1ln\u00ed p\u00e9\u010d\u00ed. Zpracov\u00e1n\u00ed na\u0161ich \u00fadaj\u016f prob\u00edh\u00e1 v souladu s podm\u00ednkami stanoven\u00fdmi v obecn\u00e9m na\u0159\u00edzen\u00ed o ochran\u011b osobn\u00edch \u00fadaj\u016f (GDPR). Spole\u010dnost globalsourcechemicals.com je spr\u00e1vcem va\u0161ich osobn\u00edch \u00fadaj\u016f ve smyslu GDPR. To znamen\u00e1, \u017ee ur\u010dujeme, kter\u00e9 osobn\u00ed \u00fadaje jsou zpracov\u00e1v\u00e1ny, za jak\u00fdm \u00fa\u010delem a jak\u00fdm zp\u016fsobem. Zaji\u0161\u0165ujeme, aby va\u0161e osobn\u00ed \u00fadaje byly zpracov\u00e1v\u00e1ny spr\u00e1vn\u011b a pe\u010dliv\u011b v souladu s GDPR. V tomto prohl\u00e1\u0161en\u00ed o ochran\u011b osobn\u00edch \u00fadaj\u016f vysv\u011btlujeme, kter\u00e9 \u00fadaje zpracov\u00e1v\u00e1me a k jak\u00fdm \u00fa\u010del\u016fm jsou pou\u017e\u00edv\u00e1ny.<\/p>\n\n\n\n<h3 class=\"wp-block-heading\">P\u0159ehled osobn\u00edch \u00fadaj\u016f<\/h3>\n\n\n\n<p>N\u00ed\u017ee je uveden p\u0159ehled osobn\u00edch \u00fadaj\u016f, kter\u00e9 zpracov\u00e1v\u00e1me:<\/p>\n\n\n\n<ul class=\"wp-block-list\">\n<li>Jm\u00e9no a p\u0159\u00edjmen\u00ed<\/li>\n\n\n\n<li>\u00dadaje o adrese<\/li>\n\n\n\n<li>Telefonn\u00ed \u010d\u00edslo<\/li>\n\n\n\n<li>E-mailov\u00e1 adresa<\/li>\n\n\n\n<li>IP adresa n\u00e1v\u0161t\u011bvn\u00edka webov\u00fdch str\u00e1nek<\/li>\n<\/ul>\n\n\n\n<h3 class=\"wp-block-heading\">\u00da\u010del a z\u00e1klad zpracov\u00e1n\u00ed \u00fadaj\u016f<\/h3>\n\n\n\n<p>Souhlasem s t\u00edmto prohl\u00e1\u0161en\u00edm o ochran\u011b osobn\u00edch \u00fadaj\u016f v\u00fdslovn\u011b souhlas\u00edte, jak je definov\u00e1no v \u010dl\u00e1nku 6 odstavci 1 p\u00edsmenu a) GDPR, se zpracov\u00e1n\u00edm va\u0161ich osobn\u00edch \u00fadaj\u016f pro n\u00ed\u017ee uveden\u00e9 \u00fa\u010dely. Tento souhlas m\u016f\u017eete kdykoli odvolat. Pokud n\u00e1m v\u0161ak ur\u010dit\u00e9 \u00fadaje neposkytnete nebo n\u00e1m neumo\u017en\u00edte je zpracov\u00e1vat, nemus\u00edme v\u00e1m b\u00fdt schopni poskytnout optim\u00e1ln\u00ed slu\u017eby.<\/p>\n\n\n\n<p>Pokud jste n\u00e1m neud\u011blili v\u00fdslovn\u00fd souhlas se zpracov\u00e1n\u00edm va\u0161ich osobn\u00edch \u00fadaj\u016f nebo pokud jste tento souhlas odvolali, m\u016f\u017ee b\u00fdt zpracov\u00e1n\u00ed va\u0161ich osobn\u00edch \u00fadaj\u016f zalo\u017eeno na \u010dl\u00e1nku 6 odstavci 1 p\u00edsmenech b), c a\/nebo f GDPR. V takov\u00e9m p\u0159\u00edpad\u011b m\u016f\u017ee ke zpracov\u00e1n\u00ed va\u0161ich osobn\u00edch \u00fadaj\u016f doch\u00e1zet bez va\u0161eho souhlasu, pokud je to nezbytn\u00e9 pro pln\u011bn\u00ed smlouvy, jej\u00ed\u017e jste smluvn\u00ed stranou, nebo pro ochranu opr\u00e1vn\u011bn\u00fdch z\u00e1jm\u016f spole\u010dnosti Professor.nl. Krom\u011b toho m\u016f\u017eeme b\u00fdt ze z\u00e1kona povinni va\u0161e osobn\u00ed \u00fadaje zpracov\u00e1vat.<\/p>\n\n\n\n<p>Va\u0161e osobn\u00ed \u00fadaje zpracov\u00e1v\u00e1me pro n\u00e1sleduj\u00edc\u00ed \u00fa\u010dely:<\/p>\n\n\n\n<ul class=\"wp-block-list\">\n<li>Poskytov\u00e1n\u00ed na\u0161ich slu\u017eeb (nap\u0159\u00edklad doru\u010dov\u00e1n\u00ed zbo\u017e\u00ed)<\/li>\n\n\n\n<li>Zpracov\u00e1n\u00ed va\u0161\u00ed platby<\/li>\n\n\n\n<li>Zas\u00edl\u00e1n\u00ed na\u0161eho newsletteru<\/li>\n\n\n\n<li>Informovat v\u00e1s o zm\u011bn\u00e1ch v na\u0161ich slu\u017eb\u00e1ch a produktech<\/li>\n\n\n\n<li>Nab\u00edz\u00edme v\u00e1m mo\u017enost vytvo\u0159it si \u00fa\u010det<\/li>\n<\/ul>\n\n\n\n<p>Va\u0161e osobn\u00ed \u00fadaje neuchov\u00e1v\u00e1me d\u00e9le, ne\u017e je nezbytn\u011b nutn\u00e9 k dosa\u017een\u00ed \u00fa\u010del\u016f, pro kter\u00e9 byly shrom\u00e1\u017ed\u011bny.<\/p>\n\n\n\n<h3 class=\"wp-block-heading\">Zve\u0159ejn\u011bn\u00ed t\u0159et\u00edm stran\u00e1m<\/h3>\n\n\n\n<p>Va\u0161e osobn\u00ed \u00fadaje m\u016f\u017eeme sd\u00edlet s t\u0159et\u00edmi stranami, pokud je to slu\u010diteln\u00e9 s v\u00fd\u0161e uveden\u00fdmi \u00fa\u010dely. Zp\u0159\u00edstupn\u011bn\u00ed t\u0159et\u00edm stran\u00e1m m\u016f\u017ee b\u00fdt nezbytn\u00e9 pro pln\u011bn\u00ed smlouvy, kterou s v\u00e1mi uzav\u0159eme, pro sledov\u00e1n\u00ed na\u0161ich opr\u00e1vn\u011bn\u00fdch z\u00e1jm\u016f nebo pro spln\u011bn\u00ed z\u00e1konn\u00e9 povinnosti. M\u00e1me uzav\u0159en\u00e9 smlouvy o zpracov\u00e1n\u00ed \u00fadaj\u016f se spole\u010dnostmi, kter\u00e9 zpracov\u00e1vaj\u00ed va\u0161e \u00fadaje na\u0161\u00edm jm\u00e9nem, abychom zajistili stejnou \u00farove\u0148 zabezpe\u010den\u00ed a d\u016fv\u011brnosti va\u0161ich \u00fadaj\u016f. Za tyto operace zpracov\u00e1n\u00ed neseme odpov\u011bdnost my. Mimo v\u00fd\u0161e uveden\u00e9 situace poskytneme va\u0161e osobn\u00ed \u00fadaje jin\u00fdm t\u0159et\u00edm stran\u00e1m pouze s va\u0161\u00edm v\u00fdslovn\u00fdm souhlasem.<\/p>\n\n\n\n<h3 class=\"wp-block-heading\">Komer\u010dn\u00ed \u00fa\u010dely<\/h3>\n\n\n\n<p>Va\u0161e osobn\u00ed \u00fadaje m\u016f\u017eeme pou\u017e\u00edt pro komer\u010dn\u00ed \u00fa\u010dely, nap\u0159\u00edklad k informov\u00e1n\u00ed o na\u0161ich slu\u017eb\u00e1ch, relevantn\u00edch produktech nebo zm\u011bn\u00e1ch v legislativ\u011b, kter\u00e9 mohou ovlivnit na\u0161i nab\u00eddku. V takov\u00e9m p\u0159\u00edpad\u011b budete kontaktov\u00e1ni pouze prost\u0159ednictv\u00edm e-mailov\u00e9 adresy, kterou jste u n\u00e1s zaregistrovali. Pokud si nep\u0159ejete dost\u00e1vat informace o relevantn\u00edch produktech nebo slu\u017eb\u00e1ch, m\u016f\u017eete to snadno ozna\u010dit kliknut\u00edm na tla\u010d\u00edtko \u201eodhl\u00e1sit se\u201c v obdr\u017een\u00e9m e-mailu. Pro \u00fa\u010dely pr\u016fzkumu trhu mohou b\u00fdt va\u0161e osobn\u00ed \u00fadaje anonymizov\u00e1ny, aby je ji\u017e nebylo mo\u017en\u00e9 dohledat k v\u00e1m.<\/p>\n\n\n\n<p>Va\u0161e data nebudou prod\u00e1v\u00e1na ani sd\u00edlena se t\u0159et\u00edmi stranami pro komer\u010dn\u00ed \u00fa\u010dely, pokud k tomu neud\u011bl\u00edte v\u00fdslovn\u00fd souhlas.<\/p>\n\n\n\n<h3 class=\"wp-block-heading\">Soubory cookie<\/h3>\n\n\n\n<p>Soubor cookie je mal\u00fd textov\u00fd soubor, kter\u00fd se ulo\u017e\u00ed do va\u0161eho po\u010d\u00edta\u010de, tabletu nebo chytr\u00e9ho telefonu p\u0159i va\u0161\u00ed prvn\u00ed n\u00e1v\u0161t\u011bv\u011b na\u0161ich webov\u00fdch str\u00e1nek. Tyto soubory cookie m\u016f\u017eete zak\u00e1zat nastaven\u00edm internetov\u00e9ho prohl\u00ed\u017ee\u010de tak, aby je ji\u017e neukl\u00e1dal. V\u0161echny d\u0159\u00edve ulo\u017een\u00e9 informace m\u016f\u017eete tak\u00e9 smazat prost\u0159ednictv\u00edm nastaven\u00ed prohl\u00ed\u017ee\u010de.<\/p>\n\n\n\n<p>Pou\u017e\u00edv\u00e1me n\u00e1sleduj\u00edc\u00ed soubory cookie:<\/p>\n\n\n\n<ul class=\"wp-block-list\">\n<li><strong>Funk\u010dn\u00ed soubory cookie:<\/strong>&nbsp;Jedn\u00e1 se o soubory cookie, kter\u00e9 jsou nezbytn\u00e9 pro technick\u00fd provoz webov\u00fdch str\u00e1nek a jejich snadn\u00e9 pou\u017e\u00edv\u00e1n\u00ed. Zaji\u0161\u0165uj\u00ed spr\u00e1vn\u00e9 fungov\u00e1n\u00ed webov\u00fdch str\u00e1nek a pamatuj\u00ed si nap\u0159\u00edklad va\u0161e preference. Tyto soubory cookie n\u00e1m umo\u017e\u0148uj\u00ed optimalizovat na\u0161e webov\u00e9 str\u00e1nky. Jedn\u00e1 se o analytick\u00e9 soubory cookie, kter\u00e9 nenaru\u0161uj\u00ed va\u0161e soukrom\u00ed a pro jejich\u017e pou\u017e\u00edv\u00e1n\u00ed nepot\u0159ebujeme v\u00e1\u0161 p\u0159edchoz\u00ed souhlas.<\/li>\n\n\n\n<li><strong>Google Analytics:<\/strong>&nbsp;Tyto webov\u00e9 str\u00e1nky pou\u017e\u00edvaj\u00ed v r\u00e1mci sv\u00e9 slu\u017eby \u201eAnalytics\u201c soubory cookie od americk\u00e9 spole\u010dnosti Google. Researchchemicalskopen.net pou\u017e\u00edv\u00e1 tuto slu\u017ebu ke generov\u00e1n\u00ed p\u0159ehled\u016f o pou\u017e\u00edv\u00e1n\u00ed webov\u00fdch str\u00e1nek a k m\u011b\u0159en\u00ed jejich kvality a efektivity. Slu\u017ebu Google Analytics pou\u017e\u00edv\u00e1me zp\u016fsobem p\u0159edepsan\u00fdm nizozemsk\u00fdm \u00fa\u0159adem pro ochranu osobn\u00edch \u00fadaj\u016f (Autoriteit Persoonsgegevens), tak\u017ee k pou\u017e\u00edv\u00e1n\u00ed slu\u017eby Google Analytics nepot\u0159ebujeme v\u00e1\u0161 p\u0159edchoz\u00ed souhlas.<\/li>\n<\/ul>\n\n\n\n<h3 class=\"wp-block-heading\">P\u0159\u00edstup, oprava nebo smaz\u00e1n\u00ed<\/h3>\n\n\n\n<p>M\u00e1te pr\u00e1vo na p\u0159\u00edstup ke sv\u00fdm osobn\u00edm \u00fadaj\u016fm, na jejich opravu nebo smaz\u00e1n\u00ed. M\u00e1te tak\u00e9 pr\u00e1vo odvolat sv\u016fj souhlas se zpracov\u00e1n\u00edm va\u0161ich osobn\u00edch \u00fadaj\u016f nebo vzn\u00e9st n\u00e1mitku proti zpracov\u00e1n\u00ed va\u0161ich osobn\u00edch \u00fadaj\u016f. M\u00e1te tak\u00e9 pr\u00e1vo na p\u0159enositelnost \u00fadaj\u016f, pokud uchov\u00e1v\u00e1me digit\u00e1ln\u00ed osobn\u00ed \u00fadaje, kter\u00e9 zpracov\u00e1v\u00e1me bu\u010f s va\u0161\u00edm souhlasem, nebo za \u00fa\u010delem pln\u011bn\u00ed smlouvy, kterou jsme s v\u00e1mi uzav\u0159eli.<\/p>\n\n\n\n<p>To znamen\u00e1, \u017ee n\u00e1m m\u016f\u017eete podat \u017e\u00e1dost o zasl\u00e1n\u00ed digit\u00e1ln\u00edch osobn\u00edch \u00fadaj\u016f, kter\u00e9 o v\u00e1s uchov\u00e1v\u00e1me, v \u010diteln\u00e9m po\u010d\u00edta\u010dov\u00e9m souboru, v\u00e1m nebo jin\u00e9 organizaci, kterou ur\u010d\u00edte.<\/p>\n\n\n\n<p>\u017d\u00e1dost o p\u0159\u00edstup k va\u0161im osobn\u00edm \u00fadaj\u016fm, jejich opravu, v\u00fdmaz, p\u0159enos dat nebo \u017e\u00e1dost o odvol\u00e1n\u00ed souhlasu \u010di n\u00e1mitku proti zpracov\u00e1n\u00ed va\u0161ich osobn\u00edch \u00fadaj\u016f m\u016f\u017eete zaslat na adresu info@globalsourcechemicals.com.<\/p>\n\n\n\n<p><\/p>","protected":false},"excerpt":{"rendered":"<p>Dit is de privacyverklaring van Researchchemicalskopen.net, te vinden op\u00a0globalsourcechemicals.com Toepasselijkheid Deze privacyverklaring is van toepassing op alle gevoelige informatie of<\/p>","protected":false},"author":1,"featured_media":0,"parent":0,"menu_order":0,"comment_status":"closed","ping_status":"closed","template":"","meta":{"footnotes":""},"class_list":["post-27218","page","type-page","status-publish","hentry"],"_links":{"self":[{"href":"https:\/\/globalsourcechemicals.com\/cs\/wp-json\/wp\/v2\/pages\/27218","targetHints":{"allow":["GET"]}}],"collection":[{"href":"https:\/\/globalsourcechemicals.com\/cs\/wp-json\/wp\/v2\/pages"}],"about":[{"href":"https:\/\/globalsourcechemicals.com\/cs\/wp-json\/wp\/v2\/types\/page"}],"author":[{"embeddable":true,"href":"https:\/\/globalsourcechemicals.com\/cs\/wp-json\/wp\/v2\/users\/1"}],"replies":[{"embeddable":true,"href":"https:\/\/globalsourcechemicals.com\/cs\/wp-json\/wp\/v2\/comments?post=27218"}],"version-history":[{"count":2,"href":"https:\/\/globalsourcechemicals.com\/cs\/wp-json\/wp\/v2\/pages\/27218\/revisions"}],"predecessor-version":[{"id":28550,"href":"https:\/\/globalsourcechemicals.com\/cs\/wp-json\/wp\/v2\/pages\/27218\/revisions\/28550"}],"wp:attachment":[{"href":"https:\/\/globalsourcechemicals.com\/cs\/wp-json\/wp\/v2\/media?parent=27218"}],"curies":[{"name":"wp","href":"https:\/\/api.w.org\/{rel}","templated":true}]}}