{"id":27210,"date":"2025-08-14T11:12:54","date_gmt":"2025-08-14T11:12:54","guid":{"rendered":"https:\/\/globalsourcechemicals.com\/?page_id=27210"},"modified":"2025-10-13T09:44:09","modified_gmt":"2025-10-13T09:44:09","slug":"dodaci-lhuta-a-naklady-na-dopravu","status":"publish","type":"page","link":"https:\/\/globalsourcechemicals.com\/cs\/dodaci-lhuta-a-naklady-na-dopravu\/","title":{"rendered":"Dodac\u00ed lh\u016fta a n\u00e1klady na dopravu"},"content":{"rendered":"<p>Dodac\u00ed lh\u016fta a n\u00e1klady na dopravu<br>Sna\u017e\u00edme se va\u0161i objedn\u00e1vku doru\u010dit co nejrychleji. Objedn\u00e1vky zadan\u00e9 ve v\u0161edn\u00ed dny p\u0159ed 17:00 odes\u00edl\u00e1me v ten sam\u00fd den. Nen\u00ed to v\u0161ak v\u017edy mo\u017en\u00e9; n\u011bkdy jsou produkty vyprodan\u00e9 a doru\u010den\u00ed m\u016f\u017ee trvat o n\u011bco d\u00e9le. Dodac\u00ed lh\u016fta je uvedena na str\u00e1nce produktu. Pokud z jak\u00e9hokoli d\u016fvodu nebudeme schopni tuto dodac\u00ed lh\u016ftu dodr\u017eet, budeme v\u00e1s samoz\u0159ejm\u011b co nejd\u0159\u00edve informovat.<\/p>\n\n\n\n<p>Po proveden\u00ed n\u00e1kupu v\u00e1m za\u0161leme potvrzovac\u00ed e-mail. Tento e-mail obsahuje \u010d\u00edslo va\u0161\u00ed objedn\u00e1vky, kter\u00e9 m\u016f\u017eete pou\u017e\u00edt ke kontrole stavu n\u00e1kupu. Jakmile bude va\u0161e objedn\u00e1vka zabalena a odesl\u00e1na, obdr\u017e\u00edte dal\u0161\u00ed e-mail s podrobnostmi o va\u0161em n\u00e1kupu. Doporu\u010dujeme zkontrolovat slo\u017eku s nevy\u017e\u00e1danou po\u0161tou, proto\u017ee potvrzovac\u00ed e-mail mohl skon\u010dit tam. Pokud jste e-mail neobdr\u017eeli do jednoho pracovn\u00edho dne a zkontrolovali jste slo\u017eku s nevy\u017e\u00e1danou po\u0161tou, neprodlen\u011b n\u00e1s kontaktujte.<\/p>\n\n\n\n<p>Dod\u00e1vkov\u00e1 slu\u017eba chemik\u00e1li\u00ed Global Source<br>Bestellingen in Nederland die v\u00f3\u00f3r 17:00 uur bij globalsourcechemicals.com worden geplaatst, worden de volgende werkdag bezorgd, met uitzondering van de Waddeneilanden vanwege vertragingen door boottransport. PostNL zorgt voor een veilige en snelle levering. Bij besteding vanaf \u20ac 50 in onze webshop is de verzending binnen Nederland gratis.<\/p>\n\n\n\n<p>Diskr\u00e9tn\u00ed a anonymn\u00ed balen\u00ed<br>Na\u0161e produkty jsou baleny diskr\u00e9tn\u011b a anonymn\u011b, tak\u017ee nikdo nevid\u00ed, co jste si objednali. Na vn\u011bj\u0161\u00ed stran\u011b bal\u00edku je vyti\u0161t\u011bna pouze va\u0161e dodac\u00ed adresa.<\/p>\n\n\n\n<p>Doru\u010den\u00ed va\u0161ich objedn\u00e1vek<br>Om uw bestelling te ontvangen, moet u op de bezorgdag thuis zijn. Bent u niet thuis, dan wordt de bestelling, afhankelijk van de vervoerder, meerdere keren opnieuw ingediend. Bent u dan nog steeds niet thuis, dan probeert de bezorger het bij de buren af te leveren of naar een nabijgelegen afhaalpunt te brengen. De bezorger laat u altijd via een briefje weten waar uw pakket zich bevindt. globalsourcechemicals.com zorgt voor de bezorging bij het afhaalpunt, waarna u het zelf moet ophalen. Levering vindt doorgaans plaats van dinsdag tot en met zaterdag tussen 08:00 en 18:00 uur. We kunnen geen exacte levertijden garanderen vanwege de afhankelijkheid van de vervoerder.<\/p>\n\n\n\n<p>Po\u0161tovn\u00e9 a p\u0159epravn\u00ed n\u00e1klady do evropsk\u00fdch zem\u00ed<br>V Nizozemsku si m\u016f\u017eete vybrat z n\u00e1sleduj\u00edc\u00edch mo\u017enost\u00ed doru\u010den\u00ed:<\/p>\n\n\n\n<p>Po\u0161tovn\u00ed bal\u00edk se sledov\u00e1n\u00edm z\u00e1silky, abyste mohli sledovat svou objedn\u00e1vku, za 4,75 \u20ac. Objedn\u00e1vky nad 50 \u20ac jsou v r\u00e1mci Nizozemska doru\u010dov\u00e1ny zdarma.<\/p>\n\n\n\n<p>V Belgii jsou mo\u017enosti:<\/p>\n\n\n\n<p>Po\u0161tovn\u00ed bal\u00edk se sledov\u00e1n\u00edm z\u00e1silky za 9,95 \u20ac. Objedn\u00e1vky nad 100 \u20ac jsou v r\u00e1mci Belgie doru\u010dov\u00e1ny zdarma.<\/p>\n\n\n\n<p>Upozorn\u011bn\u00ed: Objedn\u00e1vky zadan\u00e9 mimo Nizozemsko jsou odes\u00edl\u00e1ny na va\u0161e vlastn\u00ed nebezpe\u010d\u00ed! (Aktu\u00e1ln\u00ed ceny a zp\u016fsoby dopravy naleznete na na\u0161\u00ed str\u00e1nce s platbou.)<\/p>\n\n\n\n<p>N\u00ed\u017ee naleznete tabulku s n\u00e1klady na dopravu v jednotliv\u00fdch zem\u00edch:<\/p>\n\n\n\n<p>Pokyny pro bezpe\u010dnost v\u00fdrobk\u016f<br>We benadrukken dat onze globalsourcechemicals.com uitsluitend bedoeld zijn voor onderzoeksdoeleinden en niet voor persoonlijk gebruik. Raadpleeg onze algemene voorwaarden en veiligheidsrichtlijnen voordat u een aankoop doet bij globalsourcechemicals.com Als u om welke reden dan ook niet tevreden bent met uw bestelling, bekijk dan ons retourbeleid.<\/p>\n\n\n\n<p><\/p>","protected":false},"excerpt":{"rendered":"<p>Levertijd en verzendkostenWe doen ons best om de bestelling zo snel mogelijk bij u af te leveren. Bestellingen die op<\/p>","protected":false},"author":1,"featured_media":0,"parent":0,"menu_order":0,"comment_status":"closed","ping_status":"closed","template":"","meta":{"footnotes":""},"class_list":["post-27210","page","type-page","status-publish","hentry"],"_links":{"self":[{"href":"https:\/\/globalsourcechemicals.com\/cs\/wp-json\/wp\/v2\/pages\/27210","targetHints":{"allow":["GET"]}}],"collection":[{"href":"https:\/\/globalsourcechemicals.com\/cs\/wp-json\/wp\/v2\/pages"}],"about":[{"href":"https:\/\/globalsourcechemicals.com\/cs\/wp-json\/wp\/v2\/types\/page"}],"author":[{"embeddable":true,"href":"https:\/\/globalsourcechemicals.com\/cs\/wp-json\/wp\/v2\/users\/1"}],"replies":[{"embeddable":true,"href":"https:\/\/globalsourcechemicals.com\/cs\/wp-json\/wp\/v2\/comments?post=27210"}],"version-history":[{"count":3,"href":"https:\/\/globalsourcechemicals.com\/cs\/wp-json\/wp\/v2\/pages\/27210\/revisions"}],"predecessor-version":[{"id":28543,"href":"https:\/\/globalsourcechemicals.com\/cs\/wp-json\/wp\/v2\/pages\/27210\/revisions\/28543"}],"wp:attachment":[{"href":"https:\/\/globalsourcechemicals.com\/cs\/wp-json\/wp\/v2\/media?parent=27210"}],"curies":[{"name":"wp","href":"https:\/\/api.w.org\/{rel}","templated":true}]}}