{"id":27204,"date":"2025-08-14T10:59:23","date_gmt":"2025-08-14T10:59:23","guid":{"rendered":"https:\/\/globalsourcechemicals.com\/?page_id=27204"},"modified":"2025-10-03T19:35:52","modified_gmt":"2025-10-03T19:35:52","slug":"pravo-na-odstoupeni-od-smlouvy","status":"publish","type":"page","link":"https:\/\/globalsourcechemicals.com\/cs\/pravo-na-odstoupeni-od-smlouvy\/","title":{"rendered":"Pr\u00e1vo na odstoupen\u00ed od smlouvy"},"content":{"rendered":"<p>Jako z\u00e1kazn\u00edk m\u00e1te pr\u00e1vo odstoupit od smlouvy do 14 dn\u016f od obdr\u017een\u00ed objedn\u00e1vky bez ud\u00e1n\u00ed d\u016fvodu. Obdr\u017een\u00e9 produkty m\u00e1te pr\u00e1vo rozbalit nebo otestovat v rozsahu nezbytn\u00e9m k posouzen\u00ed jejich vlastnost\u00ed, charakteristik a funk\u010dnosti. Pokud se rozhodnete uplatnit sv\u00e9 pr\u00e1vo odstoupit od smlouvy, mus\u00edte s produkty zach\u00e1zet opatrn\u011b a vr\u00e1tit je spole\u010dnosti globalsourcechemicals v p\u016fvodn\u00edm stavu a obalu. N\u00e1klady na vr\u00e1cen\u00ed produkt\u016f hrad\u00ed kupuj\u00edc\u00ed. Dal\u0161\u00ed informace o vr\u00e1cen\u00ed produkt\u016f naleznete v na\u0161ich pokynech pro vr\u00e1cen\u00ed a v\u00fdm\u011bnu.<\/p>\n\n\n\n<p>V\u00fdjimky pro produkty podl\u00e9haj\u00edc\u00ed rychl\u00e9 zk\u00e1ze a hygienick\u00e9 v\u00fdrobky<br>Produkty zakoupen\u00e9 od globalsourcechemicals s omezenou trvanlivost\u00ed (nap\u0159\u00edklad hygienick\u00e9 produkty nebo personalizovan\u00e9 produkty) nelze vr\u00e1tit, pokud je po dod\u00e1n\u00ed poru\u0161ena pe\u010de\u0165. Pr\u00e1vo na odstoupen\u00ed od smlouvy se na tuto kategorii produkt\u016f nevztahuje. Prodej je kone\u010dn\u00fd po \u00fasp\u011b\u0161n\u00e9m proveden\u00ed platby, jak je jasn\u011b uvedeno v na\u0161\u00ed nab\u00eddce.<\/p>","protected":false},"excerpt":{"rendered":"<p>Als klant heeft u de mogelijkheid om binnen een termijn van 14 dagen na ontvangst van uw bestelling zonder opgave<\/p>","protected":false},"author":1,"featured_media":0,"parent":0,"menu_order":0,"comment_status":"closed","ping_status":"closed","template":"","meta":{"footnotes":""},"class_list":["post-27204","page","type-page","status-publish","hentry"],"_links":{"self":[{"href":"https:\/\/globalsourcechemicals.com\/cs\/wp-json\/wp\/v2\/pages\/27204","targetHints":{"allow":["GET"]}}],"collection":[{"href":"https:\/\/globalsourcechemicals.com\/cs\/wp-json\/wp\/v2\/pages"}],"about":[{"href":"https:\/\/globalsourcechemicals.com\/cs\/wp-json\/wp\/v2\/types\/page"}],"author":[{"embeddable":true,"href":"https:\/\/globalsourcechemicals.com\/cs\/wp-json\/wp\/v2\/users\/1"}],"replies":[{"embeddable":true,"href":"https:\/\/globalsourcechemicals.com\/cs\/wp-json\/wp\/v2\/comments?post=27204"}],"version-history":[{"count":3,"href":"https:\/\/globalsourcechemicals.com\/cs\/wp-json\/wp\/v2\/pages\/27204\/revisions"}],"predecessor-version":[{"id":28532,"href":"https:\/\/globalsourcechemicals.com\/cs\/wp-json\/wp\/v2\/pages\/27204\/revisions\/28532"}],"wp:attachment":[{"href":"https:\/\/globalsourcechemicals.com\/cs\/wp-json\/wp\/v2\/media?parent=27204"}],"curies":[{"name":"wp","href":"https:\/\/api.w.org\/{rel}","templated":true}]}}