{"id":25980,"date":"2025-04-21T12:25:45","date_gmt":"2025-04-21T12:25:45","guid":{"rendered":"https:\/\/globalsourcechemicals.com\/?page_id=25980"},"modified":"2025-10-13T07:55:12","modified_gmt":"2025-10-13T07:55:12","slug":"objednani-a-doruceni","status":"publish","type":"page","link":"https:\/\/globalsourcechemicals.com\/cs\/objednani-a-doruceni\/","title":{"rendered":"Objedn\u00e1n\u00ed a doru\u010den\u00ed"},"content":{"rendered":"<p><strong>Informace o objedn\u00e1vce<\/strong><br>Na het plaatsen van een bestelling via onze website ontvang je direct een bevestigingsmail. Deze kan mogelijk in je spambox terechtkomen, dus controleer deze als je geen bevestiging in je inbox ziet. In de bevestigingsmail vind je je bestelnummer, waarmee je de status van je bestelling kunt volgen. Zodra je bestelling is verzonden, ontvang je een track &amp; trace-nummer per e-mail. Houd er rekening mee dat dit proces in het weekend iets langer kan duren. Mocht je na \u00e9\u00e9n werkdag nog geen track &amp; trace-nummer hebben ontvangen, neem dan contact op met onze klantenservice via WhatsApp op +31620245658<\/p>\n\n\n\n<p><strong>Zp\u016fsoby dopravy<\/strong><br>Nab\u00edz\u00edme r\u016fzn\u00e9 mo\u017enosti dopravy, v\u010detn\u011b bal\u00edkov\u00e9 po\u0161ty a po\u0161tovn\u00ed schr\u00e1nky.<\/p>\n\n\n\n<p><strong>Bal\u00edkov\u00e1 po\u0161ta<\/strong><\/p>\n\n\n\n<ol class=\"wp-block-list\">\n<li>Geen eigen risico: globalsourcechemicals.com is verantwoordelijk als je pakket volgens de track &amp; trace niet is bezorgd.<\/li>\n\n\n\n<li>Doru\u010den\u00ed na odb\u011brn\u00e9 m\u00edsto: M\u016f\u017eete si zvolit doru\u010den\u00ed objedn\u00e1vky na odb\u011brn\u00e9 m\u00edsto.<\/li>\n\n\n\n<li>Sledovat a sledovat: V\u017edy k dispozici.<\/li>\n\n\n\n<li>Doru\u010den\u00ed v pond\u011bl\u00ed: Bal\u00edk po\u0161tou je doru\u010dov\u00e1n tak\u00e9 v pond\u011bl\u00ed.<\/li>\n\n\n\n<li>Objedn\u00e1vky zadan\u00e9 do 19:30 budou odesl\u00e1ny t\u00fd\u017e pracovn\u00ed den.<\/li>\n<\/ol>\n\n\n\n<p>Upozorn\u011bn\u00ed: Pro p\u0159evzet\u00ed z\u00e1silky mus\u00edte b\u00fdt doma. Pokud nejste doma, m\u016f\u017eete si bal\u00ed\u010dek vyzvednout na nejbli\u017e\u0161\u00edm sb\u011brn\u00e9m m\u00edst\u011b. Garantujeme doru\u010den\u00ed na odb\u011brn\u00e9 m\u00edsto; Pot\u00e9 jste odpov\u011bdn\u00ed za vyzvednut\u00ed objedn\u00e1vky sami.<\/p>\n\n\n\n<p><strong>Po\u0161tovn\u00ed schr\u00e1nka<\/strong><\/p>\n\n\n\n<ol class=\"wp-block-list\">\n<li>Op eigen risico: globalsourcechemicals.com kan niet aansprakelijk worden gesteld voor problemen met brievenbuspost.<\/li>\n\n\n\n<li>\u017d\u00e1dn\u00e1 mo\u017enost vyzvednut\u00ed bod\u016f.<\/li>\n\n\n\n<li>Omezen\u00e9 sledov\u00e1n\u00ed a sledov\u00e1n\u00ed: Prvn\u00ed skenov\u00e1n\u00ed je v\u017edy provedeno spr\u00e1vn\u011b, tak\u017ee si m\u016f\u017eete b\u00fdt jisti, \u017ee jsme dopis odeslali.<\/li>\n\n\n\n<li>\u017d\u00e1dn\u00e9 dod\u00e1vky v ned\u011bli a pond\u011bl\u00ed.<\/li>\n\n\n\n<li>Objedn\u00e1vky zadan\u00e9 do 17:00 budou odesl\u00e1ny t\u00fd\u017e pracovn\u00ed den.<\/li>\n<\/ol>\n\n\n\n<p>V\u00fdhoda: Pro p\u0159evzet\u00ed z\u00e1silky nemus\u00edte b\u00fdt doma.<\/p>\n\n\n\n<p><strong>Informace o p\u0159eprav\u011b<\/strong><\/p>\n\n\n\n<ul class=\"wp-block-list\">\n<li><strong>Bal\u00edkov\u00e1 po\u0161ta:<\/strong>&nbsp;Objedn\u00e1vky prost\u0159ednictv\u00edm bal\u00edkov\u00e9 po\u0161ty odes\u00edl\u00e1me ka\u017ed\u00fd pracovn\u00ed den v 19:30.<\/li>\n\n\n\n<li><strong>Po\u0161tovn\u00ed schr\u00e1nka:<\/strong>&nbsp;Objedn\u00e1vky zaslan\u00e9 po\u0161tovn\u00ed schr\u00e1nkou expedujeme ka\u017ed\u00fd pracovn\u00ed den v 17:00.<\/li>\n<\/ul>\n\n\n\n<p><strong>Ceny<\/strong><\/p>\n\n\n\n<ul class=\"wp-block-list\">\n<li>Doru\u010den\u00ed bal\u00edkem: 6,95 \u20ac<\/li>\n\n\n\n<li>Doru\u010den\u00ed po\u0161tovn\u00ed schr\u00e1nkou: 3,95 \u20ac<\/li>\n<\/ul>\n\n\n\n<p><strong>Diskr\u00e9tn\u00ed balen\u00ed<\/strong><br>Alle bestellingen worden discreet verpakt. De enige informatie op de buitenkant is je adres en ons retouradres. Het retouradres is een postbusnummer (opvraagbaar bij onze klantenservice) en niet het globalsourcechemicals.com-logo.<br><\/p>\n\n\n\n<p><strong>Objedn\u00e1vky odes\u00edl\u00e1me pouze do n\u00e1sleduj\u00edc\u00edch zem\u00ed:<br><em>(pouze pevnina, \u017e\u00e1dn\u00e9 ostrovy)<\/em><\/strong><\/p>\n\n\n\n<ul class=\"wp-block-list\">\n<li>Nizozemsko<\/li>\n\n\n\n<li>Belgie<\/li>\n\n\n\n<li>Bulharsko<\/li>\n\n\n\n<li>Estonsko<\/li>\n\n\n\n<li>Francie<\/li>\n\n\n\n<li>\u0158ecko<\/li>\n\n\n\n<li>Ma\u010farsko<\/li>\n\n\n\n<li>Irsko<\/li>\n\n\n\n<li>It\u00e1lie<\/li>\n\n\n\n<li>Chorvatsko<\/li>\n\n\n\n<li>Loty\u0161sko<\/li>\n\n\n\n<li>Litva<\/li>\n\n\n\n<li>Lucembursko<\/li>\n\n\n\n<li>Rakousko<\/li>\n\n\n\n<li>Polsko<\/li>\n\n\n\n<li>Portugalsko<\/li>\n\n\n\n<li>Rumunsko<\/li>\n\n\n\n<li>Slovinsko<\/li>\n\n\n\n<li>Slovensko<\/li>\n\n\n\n<li>\u010cesk\u00e1 republika<\/li>\n\n\n\n<li>\u010c\u00edna<\/li>\n\n\n\n<li>D\u00e1nsko<\/li>\n\n\n\n<li>N\u011bmecko&nbsp;<em>(Brzy bude schv\u00e1leno: 1D-LSD \/ NB-5-MeO-DALT oxal\u00e1t \/ NB-5-MeO-MiPT oxal\u00e1t)<\/em><\/li>\n\n\n\n<li>Finsko<\/li>\n\n\n\n<li>Velk\u00e1 Brit\u00e1nie<\/li>\n\n\n\n<li>Norsko<\/li>\n\n\n\n<li>\u0160pan\u011blsko<\/li>\n\n\n\n<li>Spojen\u00e9 st\u00e1ty<\/li>\n\n\n\n<li>Ji\u017en\u00ed Korea<\/li>\n\n\n\n<li>\u0160v\u00e9dsko<\/li>\n\n\n\n<li>\u0160v\u00fdcarsko<\/li>\n<\/ul>\n\n\n\n<p><strong>Z\u0159eknut\u00ed se odpov\u011bdnosti<\/strong><\/p>\n\n\n\n<p>Als klant van globalsourcechemicals.com ben je zelf verantwoordelijk voor een correct verzendadres binnen de toegestane landen. Je dient zelf binnen je eigen land te controleren of het door jou bestelde product toegestaan is.<\/p>\n\n\n\n<p><strong>N\u00e1vraty<\/strong><br>M\u016f\u017eete pou\u017e\u00edt PO Box, kter\u00fd jsme um\u00edstili na ka\u017edou z\u00e1silku, abyste v p\u0159\u00edpad\u011b pot\u0159eby vr\u00e1tili sv\u00e9 produkty. Do 2 t\u00fddn\u016f od obdr\u017een\u00ed m\u016f\u017eete neotev\u0159en\u00e9 produkty vr\u00e1tit a z\u00edskat plnou n\u00e1hradu nebo v\u00fdm\u011bnu.<\/p>\n\n\n\n<p><strong>Obal<\/strong><br>Produkty bal\u00edme do s\u00e1\u010dk\u016f s r\u016fzn\u00fdmi barvami a obsahem:<\/p>\n\n\n\n<ul class=\"wp-block-list\">\n<li>St\u0159\u00edbrn\u00e1 ta\u0161ka: 1 polo\u017eka<\/li>\n\n\n\n<li>Zlat\u00e1 ta\u0161ka: 2 polo\u017eky<\/li>\n\n\n\n<li>Fialov\u00e1 ta\u0161ka: 5 polo\u017eek<\/li>\n\n\n\n<li>Modr\u00e1 ta\u0161ka: 10 polo\u017eek<\/li>\n\n\n\n<li>\u010cern\u00e1 ta\u0161ka: 25 polo\u017eek<\/li>\n<\/ul>\n\n\n\n<p><strong>Platebn\u00ed metody<\/strong><br>Moment\u00e1ln\u011b je probl\u00e9m s iDEAL, ale st\u00e1le m\u016f\u017eete platit bankovn\u00edm p\u0159evodem. P\u0159eve\u010fte \u010d\u00e1stku n\u00e1kupu na n\u00e1\u0161 \u00fa\u010det a jako popis uve\u010fte prvn\u00ed \u010d\u00edslice \u010d\u00edsla objedn\u00e1vky.<\/p>","protected":false},"excerpt":{"rendered":"<p>Informace o objedn\u00e1vce Po odesl\u00e1n\u00ed objedn\u00e1vky prost\u0159ednictv\u00edm na\u0161ich webov\u00fdch str\u00e1nek obdr\u017e\u00edte neprodlen\u011b potvrzovac\u00ed e-mail. Tento e-mail se m\u016f\u017ee nach\u00e1zet ve va\u0161\u00ed schr\u00e1nce s nevy\u017e\u00e1danou po\u0161tou.<\/p>","protected":false},"author":1,"featured_media":0,"parent":0,"menu_order":0,"comment_status":"closed","ping_status":"closed","template":"","meta":{"footnotes":""},"class_list":["post-25980","page","type-page","status-publish","hentry"],"_links":{"self":[{"href":"https:\/\/globalsourcechemicals.com\/cs\/wp-json\/wp\/v2\/pages\/25980","targetHints":{"allow":["GET"]}}],"collection":[{"href":"https:\/\/globalsourcechemicals.com\/cs\/wp-json\/wp\/v2\/pages"}],"about":[{"href":"https:\/\/globalsourcechemicals.com\/cs\/wp-json\/wp\/v2\/types\/page"}],"author":[{"embeddable":true,"href":"https:\/\/globalsourcechemicals.com\/cs\/wp-json\/wp\/v2\/users\/1"}],"replies":[{"embeddable":true,"href":"https:\/\/globalsourcechemicals.com\/cs\/wp-json\/wp\/v2\/comments?post=25980"}],"version-history":[{"count":2,"href":"https:\/\/globalsourcechemicals.com\/cs\/wp-json\/wp\/v2\/pages\/25980\/revisions"}],"predecessor-version":[{"id":28542,"href":"https:\/\/globalsourcechemicals.com\/cs\/wp-json\/wp\/v2\/pages\/25980\/revisions\/28542"}],"wp:attachment":[{"href":"https:\/\/globalsourcechemicals.com\/cs\/wp-json\/wp\/v2\/media?parent=25980"}],"curies":[{"name":"wp","href":"https:\/\/api.w.org\/{rel}","templated":true}]}}